{"id":163480,"date":"2022-09-28T18:22:50","date_gmt":"2022-09-28T18:22:50","guid":{"rendered":"http:\/\/climalife.com\/product\/d-tek-co2-szuropatron\/"},"modified":"2025-07-14T07:33:02","modified_gmt":"2025-07-14T07:33:02","slug":"d-tek-co2-szuropatron","status":"publish","type":"product","link":"https:\/\/climalife.com\/hu\/product\/d-tek-co2-szuropatron\/","title":{"rendered":"D-Tek CO2 sz\u0171r\u0151patron"},"content":{"rendered":"","protected":false},"excerpt":{"rendered":"<p>Kiz\u00e1r\u00f3lag D-Tek CO<sub>2<\/sub> sziv\u00e1rg\u00e1skeres\u0151h\u00f6z.<\/p>\n","protected":false},"featured_media":206342,"comment_status":"open","ping_status":"closed","template":"","meta":[],"countries":[4674,4709,4756,4813,4831,4862],"product_brand":[],"product_cat":[9949,9940,9967,9994,13061,13114,13130,9373],"product_tag":[],"class_list":{"0":"post-163480","1":"product","2":"type-product","3":"status-publish","4":"has-post-thumbnail","6":"countries-by","7":"countries-cu","8":"countries-ir","9":"countries-kp","10":"countries-ru","11":"countries-sy","12":"product_cat-epuletek","13":"product_cat-elelmiszeripar","14":"product_cat-egeszseg-jolet","15":"product_cat-egyeb-iparagak","16":"product_cat-legkondicionalas","17":"product_cat-orc-szerves-rankine-ciklus","18":"product_cat-hutestechnika","19":"product_cat-mobil-szivargaserzekeles","20":"pa_packaging-egyseg-hu-25","22":"first","23":"instock","24":"shipping-taxable","25":"purchasable","26":"product-type-variable"},"_links":{"self":[{"href":"https:\/\/climalife.com\/hu\/wp-json\/wp\/v2\/product\/163480","targetHints":{"allow":["GET"]}}],"collection":[{"href":"https:\/\/climalife.com\/hu\/wp-json\/wp\/v2\/product"}],"about":[{"href":"https:\/\/climalife.com\/hu\/wp-json\/wp\/v2\/types\/product"}],"replies":[{"embeddable":true,"href":"https:\/\/climalife.com\/hu\/wp-json\/wp\/v2\/comments?post=163480"}],"wp:featuredmedia":[{"embeddable":true,"href":"https:\/\/climalife.com\/hu\/wp-json\/wp\/v2\/media\/206342"}],"wp:attachment":[{"href":"https:\/\/climalife.com\/hu\/wp-json\/wp\/v2\/media?parent=163480"}],"wp:term":[{"taxonomy":"countries","embeddable":true,"href":"https:\/\/climalife.com\/hu\/wp-json\/wp\/v2\/countries?post=163480"},{"taxonomy":"product_brand","embeddable":true,"href":"https:\/\/climalife.com\/hu\/wp-json\/wp\/v2\/product_brand?post=163480"},{"taxonomy":"product_cat","embeddable":true,"href":"https:\/\/climalife.com\/hu\/wp-json\/wp\/v2\/product_cat?post=163480"},{"taxonomy":"product_tag","embeddable":true,"href":"https:\/\/climalife.com\/hu\/wp-json\/wp\/v2\/product_tag?post=163480"}],"curies":[{"name":"wp","href":"https:\/\/api.w.org\/{rel}","templated":true}]}}