{"id":163548,"date":"2022-09-28T18:24:11","date_gmt":"2022-09-28T18:24:11","guid":{"rendered":"http:\/\/climalife.com\/product\/r-427a\/"},"modified":"2025-08-11T13:49:26","modified_gmt":"2025-08-11T13:49:26","slug":"r-427a","status":"publish","type":"product","link":"https:\/\/climalife.com\/hu\/product\/r-427a\/","title":{"rendered":"R-427A"},"content":{"rendered":"","protected":false},"excerpt":{"rendered":"<p>Az R-427A olyan zeotr\u00f3p HFC kever\u00e9k, amelyet az R-22 (HCFC) helyettes\u00edt\u00e9s\u00e9re fejlesztettek ki m\u0171k\u00f6d\u0151 \u00e9s \u00faj berendez\u00e9sek eset\u00e9n. Haszn\u00e1lhat\u00f3 k\u00f6zvetlen elp\u00e1rolg\u00e1s\u00fa rendszerekben \u00e9s l\u00e9gkondicion\u00e1l\u00e1sban.<\/p>\n","protected":false},"featured_media":109044,"comment_status":"open","ping_status":"closed","template":"","meta":[],"countries":[4674,4709,4756,4813,4831,4862],"product_brand":[],"product_cat":[9940,9446,13130],"product_tag":[],"class_list":{"0":"post-163548","1":"product","2":"type-product","3":"status-publish","4":"has-post-thumbnail","6":"countries-by","7":"countries-cu","8":"countries-ir","9":"countries-kp","10":"countries-ru","11":"countries-sy","12":"product_cat-elelmiszeripar","13":"product_cat-hfc-hu-33","14":"product_cat-hutestechnika","15":"pa_packaging-friostar-hu-69","16":"pa_packaging-palack-52-l-hu-72","17":"pa_packaging-tartaly-448-l-hu-74","18":"pa_packaging-tartaly-930-l-hu-76","20":"first","21":"instock","22":"shipping-taxable","23":"purchasable","24":"product-type-variable"},"_links":{"self":[{"href":"https:\/\/climalife.com\/hu\/wp-json\/wp\/v2\/product\/163548","targetHints":{"allow":["GET"]}}],"collection":[{"href":"https:\/\/climalife.com\/hu\/wp-json\/wp\/v2\/product"}],"about":[{"href":"https:\/\/climalife.com\/hu\/wp-json\/wp\/v2\/types\/product"}],"replies":[{"embeddable":true,"href":"https:\/\/climalife.com\/hu\/wp-json\/wp\/v2\/comments?post=163548"}],"wp:featuredmedia":[{"embeddable":true,"href":"https:\/\/climalife.com\/hu\/wp-json\/wp\/v2\/media\/109044"}],"wp:attachment":[{"href":"https:\/\/climalife.com\/hu\/wp-json\/wp\/v2\/media?parent=163548"}],"wp:term":[{"taxonomy":"countries","embeddable":true,"href":"https:\/\/climalife.com\/hu\/wp-json\/wp\/v2\/countries?post=163548"},{"taxonomy":"product_brand","embeddable":true,"href":"https:\/\/climalife.com\/hu\/wp-json\/wp\/v2\/product_brand?post=163548"},{"taxonomy":"product_cat","embeddable":true,"href":"https:\/\/climalife.com\/hu\/wp-json\/wp\/v2\/product_cat?post=163548"},{"taxonomy":"product_tag","embeddable":true,"href":"https:\/\/climalife.com\/hu\/wp-json\/wp\/v2\/product_tag?post=163548"}],"curies":[{"name":"wp","href":"https:\/\/api.w.org\/{rel}","templated":true}]}}