{"id":163581,"date":"2022-09-28T18:24:47","date_gmt":"2022-09-28T18:24:47","guid":{"rendered":"http:\/\/climalife.com\/product\/novaspray-n-butan-propan-35-bar\/"},"modified":"2025-04-14T14:51:19","modified_gmt":"2025-04-14T14:51:19","slug":"novaspray-n-butan-propan-35-bar","status":"publish","type":"product","link":"https:\/\/climalife.com\/hu\/product\/novaspray-n-butan-propan-35-bar\/","title":{"rendered":"NovaSpray\u2122 n-but\u00e1n\/prop\u00e1n 3,5 bar"},"content":{"rendered":"<p><span class=\"tlid-translation translation\" lang=\"hu\"><span class=\"\" title=\"\">&#8211; Alacsony s\u0171r\u0171s\u00e9ge miatt gazdas\u00e1gos, nagym\u00e9rt\u00e9kben cs\u00f6kkenti az alkalmazand\u00f3 hajt\u00f3g\u00e1z t\u00f6meg\u00e9t.<\/span><br \/>\n<span class=\"\" title=\"\">&#8211; Kiv\u00e1l\u00f3 keverhet\u0151s\u00e9ge a legt\u00f6bb old\u00f3szerrel nagy rugalmass\u00e1got biztos\u00edt a formul\u00e1z\u00e1sban.<\/span><br \/>\n<span class=\"\" title=\"\">&#8211; Nincs hat\u00e1sa az \u00f3zonr\u00e9tegre, \u00e9s elhanyagolhat\u00f3 az \u00fcvegh\u00e1zhat\u00e1sra.<\/span><\/span><\/p>\n","protected":false},"excerpt":{"rendered":"<p>A NovaSprayTM n-but\u00e1n \/ prop\u00e1n 3,5 bar speci\u00e1lisan szagtalan\u00edtott NovaSprayTM n-but\u00e1n \u00e9s NovaSprayTM prop\u00e1n aeroszol min\u0151s\u00e9g\u0171 kever\u00e9ke. \u00c1lland\u00f3 min\u0151s\u00e9g\u0171 \u00e9s ellen\u0151rz\u00f6tt nyom\u00e1s\u00fa, megfelel a hajt\u00f3g\u00e1z minden k\u00f6vetelm\u00e9ny\u00e9nek.<\/p>\n","protected":false},"featured_media":203233,"comment_status":"open","ping_status":"closed","template":"","meta":[],"countries":[4674,4709,4756,4813,4831,4862],"product_brand":[],"product_cat":[9976,9949,9940,9967,9994,9760,9596],"product_tag":[],"class_list":{"0":"post-163581","1":"product","2":"type-product","3":"status-publish","4":"has-post-thumbnail","6":"countries-by","7":"countries-cu","8":"countries-ir","9":"countries-kp","10":"countries-ru","11":"countries-sy","12":"product_cat-autoipar-kozlekedes","13":"product_cat-epuletek","14":"product_cat-elelmiszeripar","15":"product_cat-egeszseg-jolet","16":"product_cat-egyeb-iparagak","17":"product_cat-hajtogazok","18":"product_cat-szenhidrogenek-hu-83","19":"pa_packaging-palack-88-l-hu-122","20":"pa_packaging-tartaly-930-l-hu-76","21":"pa_packaging-tartalyautos20-tonna-hu-141","23":"first","24":"instock","25":"shipping-taxable","26":"purchasable","27":"product-type-variable"},"_links":{"self":[{"href":"https:\/\/climalife.com\/hu\/wp-json\/wp\/v2\/product\/163581","targetHints":{"allow":["GET"]}}],"collection":[{"href":"https:\/\/climalife.com\/hu\/wp-json\/wp\/v2\/product"}],"about":[{"href":"https:\/\/climalife.com\/hu\/wp-json\/wp\/v2\/types\/product"}],"replies":[{"embeddable":true,"href":"https:\/\/climalife.com\/hu\/wp-json\/wp\/v2\/comments?post=163581"}],"wp:featuredmedia":[{"embeddable":true,"href":"https:\/\/climalife.com\/hu\/wp-json\/wp\/v2\/media\/203233"}],"wp:attachment":[{"href":"https:\/\/climalife.com\/hu\/wp-json\/wp\/v2\/media?parent=163581"}],"wp:term":[{"taxonomy":"countries","embeddable":true,"href":"https:\/\/climalife.com\/hu\/wp-json\/wp\/v2\/countries?post=163581"},{"taxonomy":"product_brand","embeddable":true,"href":"https:\/\/climalife.com\/hu\/wp-json\/wp\/v2\/product_brand?post=163581"},{"taxonomy":"product_cat","embeddable":true,"href":"https:\/\/climalife.com\/hu\/wp-json\/wp\/v2\/product_cat?post=163581"},{"taxonomy":"product_tag","embeddable":true,"href":"https:\/\/climalife.com\/hu\/wp-json\/wp\/v2\/product_tag?post=163581"}],"curies":[{"name":"wp","href":"https:\/\/api.w.org\/{rel}","templated":true}]}}