{"id":163590,"date":"2022-09-28T18:24:58","date_gmt":"2022-09-28T18:24:58","guid":{"rendered":"http:\/\/climalife.com\/product\/r-437a-freontm-49\/"},"modified":"2025-08-13T18:16:31","modified_gmt":"2025-08-13T18:16:31","slug":"r-437a-freontm-49","status":"publish","type":"product","link":"https:\/\/climalife.com\/hu\/product\/r-437a-freontm-49\/","title":{"rendered":"R-437A  (FreonTM 49+)"},"content":{"rendered":"<p>&#8220;Drop-in&#8221; megold\u00e1sk\u00e9nt alkalmazhat\u00f3 megl\u00e9v\u0151 berendez\u00e9sekhez sz\u00e1ll\u00edtm\u00e1ny-h\u0171t\u00e9sben, norm\u00e1l- \u00e9s m\u00e9lyh\u0171t\u0151-kamar\u00e1khoz, borh\u0171t\u0151kh\u00f6z, h\u0171t\u0151b\u00fatorokhoz \u00e9s vitrinekhez, h\u00e1ztart\u00e1si h\u0171t\u0151kh\u00f6z \u00e9s aut\u00f3kl\u00edm\u00e1khoz.<\/p>\n<p>Nem alkalmazhat\u00f3 el\u00e1rasztott elp\u00e1rologtat\u00f3val rendelkez\u0151 berendez\u00e9sekhez, \u00e9s centrifug\u00e1l g\u00e9pekehez.<\/p>\n","protected":false},"excerpt":{"rendered":"<p>Az R-437A (m\u00e1s n\u00e9ven FreonTM MO49Plus) egy HFC t\u00edpus\u00fa zeotr\u00f3p kever\u00e9k, mely R-12 (CFC), R-22 alap\u00fa HCFC t\u00edpus\u00fa kever\u00e9kek (R-401A, R-409A, \u2026), valamint R-413A (HFC) helyettes\u00edt\u0151jek\u00e9nt haszn\u00e1lhat\u00f3 h\u00e1ztart\u00e1si, kereskedelmi \u00e9s ipari h\u0171t\u00e9s ter\u00fclet\u00e9n.<\/p>\n","protected":false},"featured_media":108900,"comment_status":"open","ping_status":"closed","template":"","meta":[],"countries":[4674,4709,4756,4813,4831,4862],"product_brand":[],"product_cat":[9976,9940,13130,9446],"product_tag":[],"class_list":{"0":"post-163590","1":"product","2":"type-product","3":"status-publish","4":"has-post-thumbnail","6":"countries-by","7":"countries-cu","8":"countries-ir","9":"countries-kp","10":"countries-ru","11":"countries-sy","12":"product_cat-autoipar-kozlekedes","13":"product_cat-elelmiszeripar","14":"product_cat-hutestechnika","15":"product_cat-hfc-hu-33","16":"pa_packaging-cubikool","18":"first","19":"instock","20":"shipping-taxable","21":"purchasable","22":"product-type-variable"},"_links":{"self":[{"href":"https:\/\/climalife.com\/hu\/wp-json\/wp\/v2\/product\/163590","targetHints":{"allow":["GET"]}}],"collection":[{"href":"https:\/\/climalife.com\/hu\/wp-json\/wp\/v2\/product"}],"about":[{"href":"https:\/\/climalife.com\/hu\/wp-json\/wp\/v2\/types\/product"}],"replies":[{"embeddable":true,"href":"https:\/\/climalife.com\/hu\/wp-json\/wp\/v2\/comments?post=163590"}],"wp:featuredmedia":[{"embeddable":true,"href":"https:\/\/climalife.com\/hu\/wp-json\/wp\/v2\/media\/108900"}],"wp:attachment":[{"href":"https:\/\/climalife.com\/hu\/wp-json\/wp\/v2\/media?parent=163590"}],"wp:term":[{"taxonomy":"countries","embeddable":true,"href":"https:\/\/climalife.com\/hu\/wp-json\/wp\/v2\/countries?post=163590"},{"taxonomy":"product_brand","embeddable":true,"href":"https:\/\/climalife.com\/hu\/wp-json\/wp\/v2\/product_brand?post=163590"},{"taxonomy":"product_cat","embeddable":true,"href":"https:\/\/climalife.com\/hu\/wp-json\/wp\/v2\/product_cat?post=163590"},{"taxonomy":"product_tag","embeddable":true,"href":"https:\/\/climalife.com\/hu\/wp-json\/wp\/v2\/product_tag?post=163590"}],"curies":[{"name":"wp","href":"https:\/\/api.w.org\/{rel}","templated":true}]}}