{"id":163611,"date":"2022-09-28T18:25:21","date_gmt":"2022-09-28T18:25:21","guid":{"rendered":"http:\/\/climalife.com\/product\/r-438a-freontm-mo99\/"},"modified":"2025-08-11T13:40:10","modified_gmt":"2025-08-11T13:40:10","slug":"r-438a-freontm-mo99","status":"publish","type":"product","link":"https:\/\/climalife.com\/hu\/product\/r-438a-freontm-mo99\/","title":{"rendered":"R-438A (Freon\u2122 MO99)"},"content":{"rendered":"<p>Ne haszn\u00e1lja el\u00e1rasztott elp\u00e1rol\u00f3gtat\u00f3kban vagy centrifug\u00e1lis berendez\u00e9sekben.<\/p>\n<p>\u00c1sv\u00e1nyi (MO), alkilbenz\u00e9n (AB) vagy poliol\u00e9szter olaj haszn\u00e1land\u00f3 (POE) (gy\u00e1rt\u00f3i inform\u00e1ci\u00f3k alapj\u00e1n). A Climalife, mint minden m\u00e1s HFC-re poliol\u00e9szter olaj\u00a0(POE) haszn\u00e1lat\u00e1t javasolja.<\/p>\n","protected":false},"excerpt":{"rendered":"<p>Az R-438A (FreonTM MO99) zeotrop HFC kever\u00e9k, mely helyettes\u00edti az R-22-t (HCFC) lakoss\u00e1gi \u00e9s kereskedelmi kl\u00edmatechnikai alkalmaz\u00e1sokban, folyad\u00e9kh\u0171t\u0151kben valamint alacsony \u00e9s k\u00f6zepes h\u0151m\u00e9rs\u00e9klet\u0171 k\u00f6zvetlen elp\u00e1rolg\u00e1s\u00fa h\u0171t\u0151rendszerekben.<\/p>\n","protected":false},"featured_media":130435,"comment_status":"open","ping_status":"closed","template":"","meta":[],"countries":[4674,4709,4756,4813,4831,4862],"product_brand":[],"product_cat":[9940,9949,9446,13130,13061],"product_tag":[],"class_list":{"0":"post-163611","1":"product","2":"type-product","3":"status-publish","4":"has-post-thumbnail","6":"countries-by","7":"countries-cu","8":"countries-ir","9":"countries-kp","10":"countries-ru","11":"countries-sy","12":"product_cat-elelmiszeripar","13":"product_cat-epuletek","14":"product_cat-hfc-hu-33","15":"product_cat-hutestechnika","16":"product_cat-legkondicionalas","17":"pa_packaging-palack-61-l-hu-300","19":"first","20":"instock","21":"shipping-taxable","22":"purchasable","23":"product-type-variable"},"_links":{"self":[{"href":"https:\/\/climalife.com\/hu\/wp-json\/wp\/v2\/product\/163611","targetHints":{"allow":["GET"]}}],"collection":[{"href":"https:\/\/climalife.com\/hu\/wp-json\/wp\/v2\/product"}],"about":[{"href":"https:\/\/climalife.com\/hu\/wp-json\/wp\/v2\/types\/product"}],"replies":[{"embeddable":true,"href":"https:\/\/climalife.com\/hu\/wp-json\/wp\/v2\/comments?post=163611"}],"wp:featuredmedia":[{"embeddable":true,"href":"https:\/\/climalife.com\/hu\/wp-json\/wp\/v2\/media\/130435"}],"wp:attachment":[{"href":"https:\/\/climalife.com\/hu\/wp-json\/wp\/v2\/media?parent=163611"}],"wp:term":[{"taxonomy":"countries","embeddable":true,"href":"https:\/\/climalife.com\/hu\/wp-json\/wp\/v2\/countries?post=163611"},{"taxonomy":"product_brand","embeddable":true,"href":"https:\/\/climalife.com\/hu\/wp-json\/wp\/v2\/product_brand?post=163611"},{"taxonomy":"product_cat","embeddable":true,"href":"https:\/\/climalife.com\/hu\/wp-json\/wp\/v2\/product_cat?post=163611"},{"taxonomy":"product_tag","embeddable":true,"href":"https:\/\/climalife.com\/hu\/wp-json\/wp\/v2\/product_tag?post=163611"}],"curies":[{"name":"wp","href":"https:\/\/api.w.org\/{rel}","templated":true}]}}