{"id":163631,"date":"2022-09-28T18:25:43","date_gmt":"2022-09-28T18:25:43","guid":{"rendered":"http:\/\/climalife.com\/product\/novaspray-n-pentan-s\/"},"modified":"2025-08-11T13:38:14","modified_gmt":"2025-08-11T13:38:14","slug":"novaspray-n-pentan-s","status":"publish","type":"product","link":"https:\/\/climalife.com\/hu\/product\/novaspray-n-pentan-s\/","title":{"rendered":"NovaSpray\u2122 n-pent\u00e1n S"},"content":{"rendered":"<p><span class=\"VIiyi\" lang=\"hu\"><span class=\"JLqJ4b ChMk0b\" data-language-for-alternatives=\"hu\" data-language-to-translate-into=\"fr\" data-phrase-index=\"0\">A but\u00e1nokban \/ prop\u00e1nokban oldhatatlan gyant\u00e1k \u00e9s a legt\u00f6bb oldhatatlan komponens oldhat\u00f3s\u00e1ga a NovaSpray<sup>TM<\/sup>\u00a0n-pent\u00e1n S-ben , valamint\u00a0 a legt\u00f6bb pol\u00e1ros vagy nem pol\u00e1ros old\u00f3szerrel val\u00f3 keverhet\u0151s\u00e9ge miatt k\u00e9sz\u00edtm\u00e9nyek sz\u00e9les sk\u00e1l\u00e1j\u00e1t teszi lehet\u0151v\u00e9.<\/span> <\/span><\/p>\n<p><span class=\"JLqJ4b ChMk0b\" data-language-for-alternatives=\"hu\" data-language-to-translate-into=\"fr\" data-phrase-index=\"2\"><span class=\"tlid-translation translation\" lang=\"hu\"><span class=\"\" title=\"\">Alacsony s\u0171r\u0171s\u00e9ge miatt gazdas\u00e1gos<\/span><\/span>, az etanolt, mint old\u00f3szert, el\u0151ny\u00f6sen helyettes\u00edti. Alacsony forr\u00e1spontja el\u0151ny\u00f6s az ezt ig\u00e9nyl\u0151 speci\u00e1lis k\u00e9sz\u00edtm\u00e9nyekn\u00e9l.<\/span> <span class=\"JLqJ4b ChMk0b\" data-language-for-alternatives=\"hu\" data-language-to-translate-into=\"fr\" data-phrase-index=\"3\">Nincs hat\u00e1sa az \u00f3zonr\u00e9tegre, \u00e9s elhanyagolhat\u00f3 hat\u00e1sa van az \u00fcvegh\u00e1zhat\u00e1sra.<\/span><\/p>\n","protected":false},"excerpt":{"rendered":"<p>A speci\u00e1lisan szagtalan\u00edtott \u00e9s a nagyon nagy tisztas\u00e1g\u00fa NovaSprayTM\u00a0n-pent\u00e1n S alkalmazhat\u00f3 kozmetikai term\u00e9kk\u00e9sz\u00edtm\u00e9nyekben. \u00c1lland\u00f3 min\u0151s\u00e9g\u0171, megfelel az aeroszolipar k\u00f6vetelm\u00e9nyeinek.<\/p>\n","protected":false},"featured_media":203233,"comment_status":"open","ping_status":"closed","template":"","meta":[],"countries":[4674,4709,4756,4813,4831,4862],"product_brand":[],"product_cat":[9967,9760,9596],"product_tag":[],"class_list":{"0":"post-163631","1":"product","2":"type-product","3":"status-publish","4":"has-post-thumbnail","6":"countries-by","7":"countries-cu","8":"countries-ir","9":"countries-kp","10":"countries-ru","11":"countries-sy","12":"product_cat-egeszseg-jolet","13":"product_cat-hajtogazok","14":"product_cat-szenhidrogenek-hu-83","15":"pa_packaging-hordo-217-i-hu-30","16":"pa_packaging-palack-88-l-hu-122","17":"pa_packaging-tartaly-930-l-hu-76","18":"pa_packaging-tartalyautos20-tonna-hu-141","20":"first","21":"instock","22":"shipping-taxable","23":"purchasable","24":"product-type-variable"},"_links":{"self":[{"href":"https:\/\/climalife.com\/hu\/wp-json\/wp\/v2\/product\/163631","targetHints":{"allow":["GET"]}}],"collection":[{"href":"https:\/\/climalife.com\/hu\/wp-json\/wp\/v2\/product"}],"about":[{"href":"https:\/\/climalife.com\/hu\/wp-json\/wp\/v2\/types\/product"}],"replies":[{"embeddable":true,"href":"https:\/\/climalife.com\/hu\/wp-json\/wp\/v2\/comments?post=163631"}],"wp:featuredmedia":[{"embeddable":true,"href":"https:\/\/climalife.com\/hu\/wp-json\/wp\/v2\/media\/203233"}],"wp:attachment":[{"href":"https:\/\/climalife.com\/hu\/wp-json\/wp\/v2\/media?parent=163631"}],"wp:term":[{"taxonomy":"countries","embeddable":true,"href":"https:\/\/climalife.com\/hu\/wp-json\/wp\/v2\/countries?post=163631"},{"taxonomy":"product_brand","embeddable":true,"href":"https:\/\/climalife.com\/hu\/wp-json\/wp\/v2\/product_brand?post=163631"},{"taxonomy":"product_cat","embeddable":true,"href":"https:\/\/climalife.com\/hu\/wp-json\/wp\/v2\/product_cat?post=163631"},{"taxonomy":"product_tag","embeddable":true,"href":"https:\/\/climalife.com\/hu\/wp-json\/wp\/v2\/product_tag?post=163631"}],"curies":[{"name":"wp","href":"https:\/\/api.w.org\/{rel}","templated":true}]}}