{"id":163640,"date":"2022-09-28T18:25:54","date_gmt":"2022-09-28T18:25:54","guid":{"rendered":"http:\/\/climalife.com\/product\/novaspray-propan\/"},"modified":"2025-04-17T09:54:36","modified_gmt":"2025-04-17T09:54:36","slug":"novaspray-propan","status":"publish","type":"product","link":"https:\/\/climalife.com\/hu\/product\/novaspray-propan\/","title":{"rendered":"NovaSpray\u2122 prop\u00e1n"},"content":{"rendered":"<p><span class=\"tlid-translation translation\" lang=\"hu\"><span class=\"\" title=\"\">Alacsony s\u0171r\u0171s\u00e9ge miatt gazdas\u00e1gos, nagym\u00e9rt\u00e9kben cs\u00f6kkenti az alkalmazand\u00f3 hajt\u00f3g\u00e1z t\u00f6meg\u00e9t.<\/span><span class=\"\" title=\"\"> Kiv\u00e1l\u00f3 keverhet\u0151s\u00e9ge a legt\u00f6bb old\u00f3szerrel nagy rugalmass\u00e1got biztos\u00edt a formul\u00e1z\u00e1sban. <\/span><span class=\"\" title=\"\">Nincs hat\u00e1sa az \u00f3zonr\u00e9tegre, \u00e9s elhanyagolhat\u00f3 az \u00fcvegh\u00e1zhat\u00e1sra.<\/span><\/span><\/p>\n","protected":false},"excerpt":{"rendered":"<p>A NovaSprayTM prop\u00e1n aeroszol min\u0151s\u00e9g\u0171,\u00a0propil\u00e9nmentes prop\u00e1n, amelyet speci\u00e1lisan szagtalan\u00edtanak. \u00c1lland\u00f3 min\u0151s\u00e9g\u0171, megfelel a hajt\u00f3g\u00e1zok k\u00f6vetelm\u00e9nyeinek. \u00c1ltal\u00e1ban a NovaSpray \u2122 n-but\u00e1n \u00e9s a NovaSprayTM izobut\u00e1n alap\u00fa kever\u00e9kek nyom\u00e1s\u00e1nak n\u00f6vel\u00e9s\u00e9re szolg\u00e1l.<\/p>\n","protected":false},"featured_media":203233,"comment_status":"open","ping_status":"closed","template":"","meta":[],"countries":[4674,4709,4756,4813,4831,4862],"product_brand":[],"product_cat":[9976,9967,9994,9760,9596],"product_tag":[],"class_list":{"0":"post-163640","1":"product","2":"type-product","3":"status-publish","4":"has-post-thumbnail","6":"countries-by","7":"countries-cu","8":"countries-ir","9":"countries-kp","10":"countries-ru","11":"countries-sy","12":"product_cat-autoipar-kozlekedes","13":"product_cat-egeszseg-jolet","14":"product_cat-egyeb-iparagak","15":"product_cat-hajtogazok","16":"product_cat-szenhidrogenek-hu-83","17":"pa_packaging-palack-26-i-hu-32","18":"pa_packaging-palack-88-l-hu-122","19":"pa_packaging-tartaly-930-l-hu-76","20":"pa_packaging-tartalyautos20-tonna-hu-141","22":"first","23":"instock","24":"shipping-taxable","25":"purchasable","26":"product-type-variable"},"_links":{"self":[{"href":"https:\/\/climalife.com\/hu\/wp-json\/wp\/v2\/product\/163640","targetHints":{"allow":["GET"]}}],"collection":[{"href":"https:\/\/climalife.com\/hu\/wp-json\/wp\/v2\/product"}],"about":[{"href":"https:\/\/climalife.com\/hu\/wp-json\/wp\/v2\/types\/product"}],"replies":[{"embeddable":true,"href":"https:\/\/climalife.com\/hu\/wp-json\/wp\/v2\/comments?post=163640"}],"wp:featuredmedia":[{"embeddable":true,"href":"https:\/\/climalife.com\/hu\/wp-json\/wp\/v2\/media\/203233"}],"wp:attachment":[{"href":"https:\/\/climalife.com\/hu\/wp-json\/wp\/v2\/media?parent=163640"}],"wp:term":[{"taxonomy":"countries","embeddable":true,"href":"https:\/\/climalife.com\/hu\/wp-json\/wp\/v2\/countries?post=163640"},{"taxonomy":"product_brand","embeddable":true,"href":"https:\/\/climalife.com\/hu\/wp-json\/wp\/v2\/product_brand?post=163640"},{"taxonomy":"product_cat","embeddable":true,"href":"https:\/\/climalife.com\/hu\/wp-json\/wp\/v2\/product_cat?post=163640"},{"taxonomy":"product_tag","embeddable":true,"href":"https:\/\/climalife.com\/hu\/wp-json\/wp\/v2\/product_tag?post=163640"}],"curies":[{"name":"wp","href":"https:\/\/api.w.org\/{rel}","templated":true}]}}