{"id":163680,"date":"2022-09-28T18:26:39","date_gmt":"2022-09-28T18:26:39","guid":{"rendered":"http:\/\/climalife.com\/product\/bitzer-bse-60-k-85-k\/"},"modified":"2025-07-14T07:20:55","modified_gmt":"2025-07-14T07:20:55","slug":"bitzer-bse-k","status":"publish","type":"product","link":"https:\/\/climalife.com\/hu\/product\/bitzer-bse-k\/","title":{"rendered":"Bitzer BSE K"},"content":{"rendered":"","protected":false},"excerpt":{"rendered":"<p>R-744-el m\u0171k\u00f6d\u0151 h\u0171t\u0151kompreszorolaj. (POE)<\/p>\n","protected":false},"featured_media":121833,"comment_status":"open","ping_status":"closed","template":"","meta":[],"countries":[4674,4709,4756,4813,4831,4862],"product_brand":[],"product_cat":[9967,9994,9940,13096,13130,13421,9987],"product_tag":[],"class_list":{"0":"post-163680","1":"product","2":"type-product","3":"status-publish","4":"has-post-thumbnail","6":"countries-by","7":"countries-cu","8":"countries-ir","9":"countries-kp","10":"countries-ru","11":"countries-sy","12":"product_cat-egeszseg-jolet","13":"product_cat-egyeb-iparagak","14":"product_cat-elelmiszeripar","15":"product_cat-futes","16":"product_cat-hutestechnika","17":"product_cat-poe-hu","18":"product_cat-repulestechnika-urhajozas-vedelem","19":"pa_packaging-kanna-1-l-hu-63","20":"pa_packaging-kanna-10-l-hu-58","21":"pa_packaging-kanna-5-l-hu-35","23":"first","24":"instock","25":"shipping-taxable","26":"purchasable","27":"product-type-variable"},"_links":{"self":[{"href":"https:\/\/climalife.com\/hu\/wp-json\/wp\/v2\/product\/163680","targetHints":{"allow":["GET"]}}],"collection":[{"href":"https:\/\/climalife.com\/hu\/wp-json\/wp\/v2\/product"}],"about":[{"href":"https:\/\/climalife.com\/hu\/wp-json\/wp\/v2\/types\/product"}],"replies":[{"embeddable":true,"href":"https:\/\/climalife.com\/hu\/wp-json\/wp\/v2\/comments?post=163680"}],"wp:featuredmedia":[{"embeddable":true,"href":"https:\/\/climalife.com\/hu\/wp-json\/wp\/v2\/media\/121833"}],"wp:attachment":[{"href":"https:\/\/climalife.com\/hu\/wp-json\/wp\/v2\/media?parent=163680"}],"wp:term":[{"taxonomy":"countries","embeddable":true,"href":"https:\/\/climalife.com\/hu\/wp-json\/wp\/v2\/countries?post=163680"},{"taxonomy":"product_brand","embeddable":true,"href":"https:\/\/climalife.com\/hu\/wp-json\/wp\/v2\/product_brand?post=163680"},{"taxonomy":"product_cat","embeddable":true,"href":"https:\/\/climalife.com\/hu\/wp-json\/wp\/v2\/product_cat?post=163680"},{"taxonomy":"product_tag","embeddable":true,"href":"https:\/\/climalife.com\/hu\/wp-json\/wp\/v2\/product_tag?post=163680"}],"curies":[{"name":"wp","href":"https:\/\/api.w.org\/{rel}","templated":true}]}}