{"id":163702,"date":"2022-09-28T18:27:04","date_gmt":"2022-09-28T18:27:04","guid":{"rendered":"http:\/\/climalife.com\/product\/bitzer-bvc-32\/"},"modified":"2025-07-14T07:21:52","modified_gmt":"2025-07-14T07:21:52","slug":"bitzer-bvc-32","status":"publish","type":"product","link":"https:\/\/climalife.com\/hu\/product\/bitzer-bvc-32\/","title":{"rendered":"Bitzer BVC 32"},"content":{"rendered":"<p>Alkalmas l\u00e9gkondicion\u00e1l\u00f3 berendez\u00e9sekhez, h\u0151szivatty\u00fakhoz \u00e9s folyamatok h\u0171t\u00e9s\u00e9hez, ahol HFC-t haszn\u00e1lnak h\u0171t\u0151k\u00f6zegk\u00e9nt.<\/p>\n","protected":false},"excerpt":{"rendered":"<p>A Bitzer BVC 32 egy polivinil-\u00e9ter-olaj (PVE).<\/p>\n","protected":false},"featured_media":109269,"comment_status":"open","ping_status":"closed","template":"","meta":[],"countries":[4674,4709,4756,4813,4831,4862],"product_brand":[],"product_cat":[9994,9949,13096,13061,13466],"product_tag":[],"class_list":{"0":"post-163702","1":"product","2":"type-product","3":"status-publish","4":"has-post-thumbnail","6":"countries-by","7":"countries-cu","8":"countries-ir","9":"countries-kp","10":"countries-ru","11":"countries-sy","12":"product_cat-egyeb-iparagak","13":"product_cat-epuletek","14":"product_cat-futes","15":"product_cat-legkondicionalas","16":"product_cat-pve-hu","17":"pa_packaging-kanna-1-l-hu-63","18":"pa_packaging-kanna-5-l-hu-35","20":"first","21":"instock","22":"shipping-taxable","23":"purchasable","24":"product-type-variable"},"_links":{"self":[{"href":"https:\/\/climalife.com\/hu\/wp-json\/wp\/v2\/product\/163702","targetHints":{"allow":["GET"]}}],"collection":[{"href":"https:\/\/climalife.com\/hu\/wp-json\/wp\/v2\/product"}],"about":[{"href":"https:\/\/climalife.com\/hu\/wp-json\/wp\/v2\/types\/product"}],"replies":[{"embeddable":true,"href":"https:\/\/climalife.com\/hu\/wp-json\/wp\/v2\/comments?post=163702"}],"wp:featuredmedia":[{"embeddable":true,"href":"https:\/\/climalife.com\/hu\/wp-json\/wp\/v2\/media\/109269"}],"wp:attachment":[{"href":"https:\/\/climalife.com\/hu\/wp-json\/wp\/v2\/media?parent=163702"}],"wp:term":[{"taxonomy":"countries","embeddable":true,"href":"https:\/\/climalife.com\/hu\/wp-json\/wp\/v2\/countries?post=163702"},{"taxonomy":"product_brand","embeddable":true,"href":"https:\/\/climalife.com\/hu\/wp-json\/wp\/v2\/product_brand?post=163702"},{"taxonomy":"product_cat","embeddable":true,"href":"https:\/\/climalife.com\/hu\/wp-json\/wp\/v2\/product_cat?post=163702"},{"taxonomy":"product_tag","embeddable":true,"href":"https:\/\/climalife.com\/hu\/wp-json\/wp\/v2\/product_tag?post=163702"}],"curies":[{"name":"wp","href":"https:\/\/api.w.org\/{rel}","templated":true}]}}