{"id":163757,"date":"2022-09-28T18:28:07","date_gmt":"2022-09-28T18:28:07","guid":{"rendered":"http:\/\/climalife.com\/product\/total-lunaria-sh-46\/"},"modified":"2025-07-14T07:22:17","modified_gmt":"2025-07-14T07:22:17","slug":"total-lunaria-sh-46","status":"publish","type":"product","link":"https:\/\/climalife.com\/hu\/product\/total-lunaria-sh-46\/","title":{"rendered":"Total Lunaria SH 46"},"content":{"rendered":"","protected":false},"excerpt":{"rendered":"<p>NH<sub>3<\/sub> kompresszorokhoz val\u00f3 h\u0171t\u0151g\u00e9p-olajok<\/p>\n","protected":false},"featured_media":117882,"comment_status":"open","ping_status":"closed","template":"","meta":[],"countries":[4674,4709,4756,4813,4831,4862],"product_brand":[],"product_cat":[9987,9940,9967,9994,13096,13130,13457],"product_tag":[],"class_list":{"0":"post-163757","1":"product","2":"type-product","3":"status-publish","4":"has-post-thumbnail","6":"countries-by","7":"countries-cu","8":"countries-ir","9":"countries-kp","10":"countries-ru","11":"countries-sy","12":"product_cat-repulestechnika-urhajozas-vedelem","13":"product_cat-elelmiszeripar","14":"product_cat-egeszseg-jolet","15":"product_cat-egyeb-iparagak","16":"product_cat-futes","17":"product_cat-hutestechnika","18":"product_cat-pao-hu","19":"pa_packaging-hordo-208-l-hu-49","20":"pa_packaging-kanna-20-l-hu-36","22":"first","23":"instock","24":"shipping-taxable","25":"purchasable","26":"product-type-variable"},"_links":{"self":[{"href":"https:\/\/climalife.com\/hu\/wp-json\/wp\/v2\/product\/163757","targetHints":{"allow":["GET"]}}],"collection":[{"href":"https:\/\/climalife.com\/hu\/wp-json\/wp\/v2\/product"}],"about":[{"href":"https:\/\/climalife.com\/hu\/wp-json\/wp\/v2\/types\/product"}],"replies":[{"embeddable":true,"href":"https:\/\/climalife.com\/hu\/wp-json\/wp\/v2\/comments?post=163757"}],"wp:featuredmedia":[{"embeddable":true,"href":"https:\/\/climalife.com\/hu\/wp-json\/wp\/v2\/media\/117882"}],"wp:attachment":[{"href":"https:\/\/climalife.com\/hu\/wp-json\/wp\/v2\/media?parent=163757"}],"wp:term":[{"taxonomy":"countries","embeddable":true,"href":"https:\/\/climalife.com\/hu\/wp-json\/wp\/v2\/countries?post=163757"},{"taxonomy":"product_brand","embeddable":true,"href":"https:\/\/climalife.com\/hu\/wp-json\/wp\/v2\/product_brand?post=163757"},{"taxonomy":"product_cat","embeddable":true,"href":"https:\/\/climalife.com\/hu\/wp-json\/wp\/v2\/product_cat?post=163757"},{"taxonomy":"product_tag","embeddable":true,"href":"https:\/\/climalife.com\/hu\/wp-json\/wp\/v2\/product_tag?post=163757"}],"curies":[{"name":"wp","href":"https:\/\/api.w.org\/{rel}","templated":true}]}}