{"id":163768,"date":"2022-09-28T18:28:20","date_gmt":"2022-09-28T18:28:20","guid":{"rendered":"http:\/\/climalife.com\/product\/ddh1-es-ddh2-uv-erzekelofej-es-szurok-69384\/"},"modified":"2025-07-14T07:22:46","modified_gmt":"2025-07-14T07:22:46","slug":"ddh1-ddh2-uverzekelofej","status":"publish","type":"product","link":"https:\/\/climalife.com\/hu\/product\/ddh1-ddh2-uverzekelofej\/","title":{"rendered":"DDH1 \u00e9s DDH2 UV \u00e9rz\u00e9kel\u0151fej \u00e9s sz\u0171r\u0151k"},"content":{"rendered":"<p>5 db sz\u0171r\u0151vel ell\u00e1tott tasakkal egy\u00fctt.<\/p>\n","protected":false},"excerpt":{"rendered":"<p>Forr\u00f3kat\u00f3dos di\u00f3d\u00e1s \u00e9rz\u00e9kel\u0151fej \u00e9s sz\u0171r\u0151k.<\/p>\n","protected":false},"featured_media":107505,"comment_status":"open","ping_status":"closed","template":"","meta":[],"countries":[4674,4709,4756,4813,4831,4862],"product_brand":[],"product_cat":[9987,9976,9949,9958,9940,9967,9994,13061,13114,13130,9373],"product_tag":[],"class_list":{"0":"post-163768","1":"product","2":"type-product","3":"status-publish","4":"has-post-thumbnail","6":"countries-by","7":"countries-cu","8":"countries-ir","9":"countries-kp","10":"countries-ru","11":"countries-sy","12":"product_cat-repulestechnika-urhajozas-vedelem","13":"product_cat-autoipar-kozlekedes","14":"product_cat-epuletek","15":"product_cat-energia","16":"product_cat-elelmiszeripar","17":"product_cat-egeszseg-jolet","18":"product_cat-egyeb-iparagak","19":"product_cat-legkondicionalas","20":"product_cat-orc-szerves-rankine-ciklus","21":"product_cat-hutestechnika","22":"product_cat-mobil-szivargaserzekeles","23":"pa_packaging-magaba-foglal-5-szurot-tartalmazo-zacskot-hu-193","25":"first","26":"instock","27":"shipping-taxable","28":"purchasable","29":"product-type-variable"},"_links":{"self":[{"href":"https:\/\/climalife.com\/hu\/wp-json\/wp\/v2\/product\/163768","targetHints":{"allow":["GET"]}}],"collection":[{"href":"https:\/\/climalife.com\/hu\/wp-json\/wp\/v2\/product"}],"about":[{"href":"https:\/\/climalife.com\/hu\/wp-json\/wp\/v2\/types\/product"}],"replies":[{"embeddable":true,"href":"https:\/\/climalife.com\/hu\/wp-json\/wp\/v2\/comments?post=163768"}],"wp:featuredmedia":[{"embeddable":true,"href":"https:\/\/climalife.com\/hu\/wp-json\/wp\/v2\/media\/107505"}],"wp:attachment":[{"href":"https:\/\/climalife.com\/hu\/wp-json\/wp\/v2\/media?parent=163768"}],"wp:term":[{"taxonomy":"countries","embeddable":true,"href":"https:\/\/climalife.com\/hu\/wp-json\/wp\/v2\/countries?post=163768"},{"taxonomy":"product_brand","embeddable":true,"href":"https:\/\/climalife.com\/hu\/wp-json\/wp\/v2\/product_brand?post=163768"},{"taxonomy":"product_cat","embeddable":true,"href":"https:\/\/climalife.com\/hu\/wp-json\/wp\/v2\/product_cat?post=163768"},{"taxonomy":"product_tag","embeddable":true,"href":"https:\/\/climalife.com\/hu\/wp-json\/wp\/v2\/product_tag?post=163768"}],"curies":[{"name":"wp","href":"https:\/\/api.w.org\/{rel}","templated":true}]}}