{"id":163807,"date":"2022-09-28T18:29:06","date_gmt":"2022-09-28T18:29:06","guid":{"rendered":"http:\/\/climalife.com\/product\/bitzer-b-150-sh-es-b-320-sh\/"},"modified":"2025-07-14T07:24:18","modified_gmt":"2025-07-14T07:24:18","slug":"bitzer-b-150sh-b-320sh","status":"publish","type":"product","link":"https:\/\/climalife.com\/hu\/product\/bitzer-b-150sh-b-320sh\/","title":{"rendered":"Bitzer B 150 SH \u00e9s B 320 SH"},"content":{"rendered":"","protected":false},"excerpt":{"rendered":"<p>Szintetikus h\u0171t\u0151g\u00e9p-olaj (POE) Bitzer kompresszorokhoz.<\/p>\n","protected":false},"featured_media":203480,"comment_status":"open","ping_status":"closed","template":"","meta":[],"countries":[4674,4709,4756,4813,4831,4862],"product_brand":[],"product_cat":[9949,9940,9967,9994,13061,13096,13130,13421],"product_tag":[],"class_list":{"0":"post-163807","1":"product","2":"type-product","3":"status-publish","4":"has-post-thumbnail","6":"countries-by","7":"countries-cu","8":"countries-ir","9":"countries-kp","10":"countries-ru","11":"countries-sy","12":"product_cat-epuletek","13":"product_cat-elelmiszeripar","14":"product_cat-egeszseg-jolet","15":"product_cat-egyeb-iparagak","16":"product_cat-legkondicionalas","17":"product_cat-futes","18":"product_cat-hutestechnika","19":"product_cat-poe-hu","20":"pa_packaging-kanna-20-l-hu-36","21":"pa_packaging-kanna-5-l-hu-35","23":"first","24":"instock","25":"shipping-taxable","26":"purchasable","27":"product-type-variable"},"_links":{"self":[{"href":"https:\/\/climalife.com\/hu\/wp-json\/wp\/v2\/product\/163807","targetHints":{"allow":["GET"]}}],"collection":[{"href":"https:\/\/climalife.com\/hu\/wp-json\/wp\/v2\/product"}],"about":[{"href":"https:\/\/climalife.com\/hu\/wp-json\/wp\/v2\/types\/product"}],"replies":[{"embeddable":true,"href":"https:\/\/climalife.com\/hu\/wp-json\/wp\/v2\/comments?post=163807"}],"wp:featuredmedia":[{"embeddable":true,"href":"https:\/\/climalife.com\/hu\/wp-json\/wp\/v2\/media\/203480"}],"wp:attachment":[{"href":"https:\/\/climalife.com\/hu\/wp-json\/wp\/v2\/media?parent=163807"}],"wp:term":[{"taxonomy":"countries","embeddable":true,"href":"https:\/\/climalife.com\/hu\/wp-json\/wp\/v2\/countries?post=163807"},{"taxonomy":"product_brand","embeddable":true,"href":"https:\/\/climalife.com\/hu\/wp-json\/wp\/v2\/product_brand?post=163807"},{"taxonomy":"product_cat","embeddable":true,"href":"https:\/\/climalife.com\/hu\/wp-json\/wp\/v2\/product_cat?post=163807"},{"taxonomy":"product_tag","embeddable":true,"href":"https:\/\/climalife.com\/hu\/wp-json\/wp\/v2\/product_tag?post=163807"}],"curies":[{"name":"wp","href":"https:\/\/api.w.org\/{rel}","templated":true}]}}