{"id":163819,"date":"2022-09-28T18:29:18","date_gmt":"2022-09-28T18:29:18","guid":{"rendered":"http:\/\/climalife.com\/product\/mobil-zerice-s\/"},"modified":"2025-08-11T12:03:01","modified_gmt":"2025-08-11T12:03:01","slug":"mobil-zerice-s","status":"publish","type":"product","link":"https:\/\/climalife.com\/hu\/product\/mobil-zerice-s\/","title":{"rendered":"Mobil Zerice S sorozat"},"content":{"rendered":"<p>A Mobil Zerice S term\u00e9kek kiv\u00e1l\u00f3 min\u0151s\u00e9g\u0171 szintetikus h\u0171t\u0151kompresszorolajok. Alkilbenzolokb\u00f3l k\u00e9sz\u00fclnek, amelyek k\u00e9miai \u00f6sszet\u00e9tel\u00fcknek k\u00f6sz\u00f6nhet\u0151en kiv\u00e1l\u00f3an keverhet\u0151k kl\u00f3r-fluor-karbon\u00e1t alap\u00fa h\u0171t\u0151k\u00f6zegekkel, mint p\u00e9ld\u00e1ul az R-502, R-12 \u00e9s R-22.<br \/>\nA Mobil Zerice S ez\u00e9rt rendk\u00edv\u00fcl alacsony p\u00e1rolg\u00e1si h\u0151m\u00e9rs\u00e9kleten, ak\u00e1r \u201360 \u00b0C-ig is haszn\u00e1lhat\u00f3.<\/p>\n","protected":false},"excerpt":{"rendered":"<p>H\u0171t\u0151kompresszor olajok. (AB)<\/p>\n","protected":false},"featured_media":108369,"comment_status":"open","ping_status":"closed","template":"","meta":[],"countries":[4674,4709,4756,4813,4831,4862],"product_brand":[],"product_cat":[9987,9976,9949,9958,9940,9967,9994,13061,13096,13130,13430],"product_tag":[],"class_list":{"0":"post-163819","1":"product","2":"type-product","3":"status-publish","4":"has-post-thumbnail","6":"countries-by","7":"countries-cu","8":"countries-ir","9":"countries-kp","10":"countries-ru","11":"countries-sy","12":"product_cat-repulestechnika-urhajozas-vedelem","13":"product_cat-autoipar-kozlekedes","14":"product_cat-epuletek","15":"product_cat-energia","16":"product_cat-elelmiszeripar","17":"product_cat-egeszseg-jolet","18":"product_cat-egyeb-iparagak","19":"product_cat-legkondicionalas","20":"product_cat-futes","21":"product_cat-hutestechnika","22":"product_cat-ab-hu","23":"pa_packaging-hordo-208-l-hu-49","24":"pa_packaging-kanna-20-l-hu-36","26":"first","27":"instock","28":"shipping-taxable","29":"purchasable","30":"product-type-variable"},"_links":{"self":[{"href":"https:\/\/climalife.com\/hu\/wp-json\/wp\/v2\/product\/163819","targetHints":{"allow":["GET"]}}],"collection":[{"href":"https:\/\/climalife.com\/hu\/wp-json\/wp\/v2\/product"}],"about":[{"href":"https:\/\/climalife.com\/hu\/wp-json\/wp\/v2\/types\/product"}],"replies":[{"embeddable":true,"href":"https:\/\/climalife.com\/hu\/wp-json\/wp\/v2\/comments?post=163819"}],"wp:featuredmedia":[{"embeddable":true,"href":"https:\/\/climalife.com\/hu\/wp-json\/wp\/v2\/media\/108369"}],"wp:attachment":[{"href":"https:\/\/climalife.com\/hu\/wp-json\/wp\/v2\/media?parent=163819"}],"wp:term":[{"taxonomy":"countries","embeddable":true,"href":"https:\/\/climalife.com\/hu\/wp-json\/wp\/v2\/countries?post=163819"},{"taxonomy":"product_brand","embeddable":true,"href":"https:\/\/climalife.com\/hu\/wp-json\/wp\/v2\/product_brand?post=163819"},{"taxonomy":"product_cat","embeddable":true,"href":"https:\/\/climalife.com\/hu\/wp-json\/wp\/v2\/product_cat?post=163819"},{"taxonomy":"product_tag","embeddable":true,"href":"https:\/\/climalife.com\/hu\/wp-json\/wp\/v2\/product_tag?post=163819"}],"curies":[{"name":"wp","href":"https:\/\/api.w.org\/{rel}","templated":true}]}}