{"id":163831,"date":"2022-09-28T18:29:31","date_gmt":"2022-09-28T18:29:31","guid":{"rendered":"http:\/\/climalife.com\/product\/mobil-arctic-shc-nh-68\/"},"modified":"2025-10-16T08:02:55","modified_gmt":"2025-10-16T08:02:55","slug":"mobil-arctic-shc-nh-68","status":"publish","type":"product","link":"https:\/\/climalife.com\/hu\/product\/mobil-arctic-shc-nh-68\/","title":{"rendered":"Mobil Arctic SHC NH 68"},"content":{"rendered":"<p>A Mobil Gargoyle Arctic SHC NH 68 m\u00e9g a legrosszabb \u00fczemi k\u00f6r\u00fclm\u00e9nyek k\u00f6z\u00f6tt is hat\u00e9konyan v\u00e9di a rendszert az iszap \u00e9s a lerak\u00f3d\u00e1sok kialakul\u00e1s\u00e1t\u00f3l, \u00edgy elker\u00fclhet\u0151 vagy minim\u00e1lisra cs\u00f6kkenthet\u0151 a szelepek \u00e9s sz\u0171r\u0151k elt\u00f6m\u0151d\u00e9se.<\/p>\n","protected":false},"excerpt":{"rendered":"<p>A Mobil Gargoyle Arctic SHC NH 68 egy teljesen szintetikus ken\u0151anyag, amelyet kifejezetten olyan nagy teljes\u00edtm\u00e9ny\u0171 berendez\u00e9sek h\u0171t\u0151kompresszorainak ken\u00e9s\u00e9re terveztek, amelyek amm\u00f3ni\u00e1t (NH3) haszn\u00e1lnak h\u0171t\u0151k\u00f6zegk\u00e9nt. A Mobil Gargoyle Arctic SHC NH 68 viaszmentes, szintetikus sz\u00e9nhidrog\u00e9nekb\u0151l, polialfaolefinb\u0151l (PAO) \u00e9s szintetikus alkilbenzol alapolajokb\u00f3l \u00e1ll, amelyek kiv\u00e1l\u00f3 ellen\u00e1ll\u00e1st mutattak a h\u0151\/oxid\u00e1ci\u00f3s boml\u00e1snak.<\/p>\n","protected":false},"featured_media":121914,"comment_status":"open","ping_status":"closed","template":"","meta":[],"countries":[4674,4709,4756,4813,4831,4862],"product_brand":[],"product_cat":[9987,9940,9967,9994,13096,13130,13430],"product_tag":[],"class_list":{"0":"post-163831","1":"product","2":"type-product","3":"status-publish","4":"has-post-thumbnail","6":"countries-by","7":"countries-cu","8":"countries-ir","9":"countries-kp","10":"countries-ru","11":"countries-sy","12":"product_cat-repulestechnika-urhajozas-vedelem","13":"product_cat-elelmiszeripar","14":"product_cat-egeszseg-jolet","15":"product_cat-egyeb-iparagak","16":"product_cat-futes","17":"product_cat-hutestechnika","18":"product_cat-ab-hu","19":"pa_packaging-kanna-20-l-hu-36","21":"first","22":"instock","23":"shipping-taxable","24":"purchasable","25":"product-type-variable"},"_links":{"self":[{"href":"https:\/\/climalife.com\/hu\/wp-json\/wp\/v2\/product\/163831","targetHints":{"allow":["GET"]}}],"collection":[{"href":"https:\/\/climalife.com\/hu\/wp-json\/wp\/v2\/product"}],"about":[{"href":"https:\/\/climalife.com\/hu\/wp-json\/wp\/v2\/types\/product"}],"replies":[{"embeddable":true,"href":"https:\/\/climalife.com\/hu\/wp-json\/wp\/v2\/comments?post=163831"}],"wp:featuredmedia":[{"embeddable":true,"href":"https:\/\/climalife.com\/hu\/wp-json\/wp\/v2\/media\/121914"}],"wp:attachment":[{"href":"https:\/\/climalife.com\/hu\/wp-json\/wp\/v2\/media?parent=163831"}],"wp:term":[{"taxonomy":"countries","embeddable":true,"href":"https:\/\/climalife.com\/hu\/wp-json\/wp\/v2\/countries?post=163831"},{"taxonomy":"product_brand","embeddable":true,"href":"https:\/\/climalife.com\/hu\/wp-json\/wp\/v2\/product_brand?post=163831"},{"taxonomy":"product_cat","embeddable":true,"href":"https:\/\/climalife.com\/hu\/wp-json\/wp\/v2\/product_cat?post=163831"},{"taxonomy":"product_tag","embeddable":true,"href":"https:\/\/climalife.com\/hu\/wp-json\/wp\/v2\/product_tag?post=163831"}],"curies":[{"name":"wp","href":"https:\/\/api.w.org\/{rel}","templated":true}]}}