{"id":163849,"date":"2022-09-28T18:29:55","date_gmt":"2022-09-28T18:29:55","guid":{"rendered":"http:\/\/climalife.com\/product\/zerol-150\/"},"modified":"2025-08-11T11:58:24","modified_gmt":"2025-08-11T11:58:24","slug":"zerol-150","status":"publish","type":"product","link":"https:\/\/climalife.com\/hu\/product\/zerol-150\/","title":{"rendered":"Zerol 150 alkilbenzololaj"},"content":{"rendered":"","protected":false},"excerpt":{"rendered":"<p>Alkilbenzol olaj, amelyet kifejezetten h\u0171t\u0151berendez\u00e9sekben, h\u0151szivatty\u00fakban \u00e9s l\u00e9gkondicion\u00e1l\u00f3 berendez\u00e9sekben haszn\u00e1lt kompresszorok ken\u00e9s\u00e9re fejlesztettek ki.<\/p>\n","protected":false},"featured_media":108378,"comment_status":"open","ping_status":"closed","template":"","meta":[],"countries":[4674,4709,4756,4813,4831,4862],"product_brand":[],"product_cat":[9987,9976,9949,9958,9940,9967,9994,13096,13130,13430],"product_tag":[],"class_list":{"0":"post-163849","1":"product","2":"type-product","3":"status-publish","4":"has-post-thumbnail","6":"countries-by","7":"countries-cu","8":"countries-ir","9":"countries-kp","10":"countries-ru","11":"countries-sy","12":"product_cat-repulestechnika-urhajozas-vedelem","13":"product_cat-autoipar-kozlekedes","14":"product_cat-epuletek","15":"product_cat-energia","16":"product_cat-elelmiszeripar","17":"product_cat-egeszseg-jolet","18":"product_cat-egyeb-iparagak","19":"product_cat-futes","20":"product_cat-hutestechnika","21":"product_cat-ab-hu","22":"pa_packaging-kanna-5-l-hu-35","24":"first","25":"instock","26":"shipping-taxable","27":"purchasable","28":"product-type-variable"},"_links":{"self":[{"href":"https:\/\/climalife.com\/hu\/wp-json\/wp\/v2\/product\/163849","targetHints":{"allow":["GET"]}}],"collection":[{"href":"https:\/\/climalife.com\/hu\/wp-json\/wp\/v2\/product"}],"about":[{"href":"https:\/\/climalife.com\/hu\/wp-json\/wp\/v2\/types\/product"}],"replies":[{"embeddable":true,"href":"https:\/\/climalife.com\/hu\/wp-json\/wp\/v2\/comments?post=163849"}],"wp:featuredmedia":[{"embeddable":true,"href":"https:\/\/climalife.com\/hu\/wp-json\/wp\/v2\/media\/108378"}],"wp:attachment":[{"href":"https:\/\/climalife.com\/hu\/wp-json\/wp\/v2\/media?parent=163849"}],"wp:term":[{"taxonomy":"countries","embeddable":true,"href":"https:\/\/climalife.com\/hu\/wp-json\/wp\/v2\/countries?post=163849"},{"taxonomy":"product_brand","embeddable":true,"href":"https:\/\/climalife.com\/hu\/wp-json\/wp\/v2\/product_brand?post=163849"},{"taxonomy":"product_cat","embeddable":true,"href":"https:\/\/climalife.com\/hu\/wp-json\/wp\/v2\/product_cat?post=163849"},{"taxonomy":"product_tag","embeddable":true,"href":"https:\/\/climalife.com\/hu\/wp-json\/wp\/v2\/product_tag?post=163849"}],"curies":[{"name":"wp","href":"https:\/\/api.w.org\/{rel}","templated":true}]}}