{"id":163861,"date":"2022-09-28T18:30:09","date_gmt":"2022-09-28T18:30:09","guid":{"rendered":"http:\/\/climalife.com\/product\/novaspray-1-buten-propilen-763-237\/"},"modified":"2025-08-11T11:52:52","modified_gmt":"2025-08-11T11:52:52","slug":"novaspray-1-buten-propilen","status":"publish","type":"product","link":"https:\/\/climalife.com\/hu\/product\/novaspray-1-buten-propilen\/","title":{"rendered":"NovaSpray \u2122 1-but\u00e9n \/ propil\u00e9n (76,3\/23,7)"},"content":{"rendered":"<p><span class=\"tlid-translation translation\" lang=\"hu\"><span class=\"\" title=\"\">&#8211; Kiv\u00e1l\u00f3 keverhet\u0151s\u00e9ge a legt\u00f6bb old\u00f3szerrel nagy rugalmass\u00e1got biztos\u00edt a formul\u00e1z\u00e1sban.<\/span><br \/>\n<span class=\"\" title=\"\">&#8211; Nincs hat\u00e1sa az \u00f3zonr\u00e9tegre, \u00e9s elhanyagolhat\u00f3 az \u00fcvegh\u00e1zhat\u00e1sra.<\/span><\/span><\/p>\n","protected":false},"excerpt":{"rendered":"<p>A NovaSprayTM 1-but\u00e9n \/ propil\u00e9n\u00a0(76,3\/23,7) a NovaSprayTM 1-but\u00e9n \u00e9s propil\u00e9n kever\u00e9ke.<\/p>\n","protected":false},"featured_media":203233,"comment_status":"open","ping_status":"closed","template":"","meta":[],"countries":[4674,4709,4756,4813,4831,4862],"product_brand":[],"product_cat":[9949,9994,9760,9596],"product_tag":[],"class_list":{"0":"post-163861","1":"product","2":"type-product","3":"status-publish","4":"has-post-thumbnail","6":"countries-by","7":"countries-cu","8":"countries-ir","9":"countries-kp","10":"countries-ru","11":"countries-sy","12":"product_cat-epuletek","13":"product_cat-egyeb-iparagak","14":"product_cat-hajtogazok","15":"product_cat-szenhidrogenek-hu-83","16":"pa_packaging-tartaly-930-l-hu-76","17":"pa_packaging-tartalyos-hu-168","19":"first","20":"instock","21":"shipping-taxable","22":"purchasable","23":"product-type-variable"},"_links":{"self":[{"href":"https:\/\/climalife.com\/hu\/wp-json\/wp\/v2\/product\/163861","targetHints":{"allow":["GET"]}}],"collection":[{"href":"https:\/\/climalife.com\/hu\/wp-json\/wp\/v2\/product"}],"about":[{"href":"https:\/\/climalife.com\/hu\/wp-json\/wp\/v2\/types\/product"}],"replies":[{"embeddable":true,"href":"https:\/\/climalife.com\/hu\/wp-json\/wp\/v2\/comments?post=163861"}],"wp:featuredmedia":[{"embeddable":true,"href":"https:\/\/climalife.com\/hu\/wp-json\/wp\/v2\/media\/203233"}],"wp:attachment":[{"href":"https:\/\/climalife.com\/hu\/wp-json\/wp\/v2\/media?parent=163861"}],"wp:term":[{"taxonomy":"countries","embeddable":true,"href":"https:\/\/climalife.com\/hu\/wp-json\/wp\/v2\/countries?post=163861"},{"taxonomy":"product_brand","embeddable":true,"href":"https:\/\/climalife.com\/hu\/wp-json\/wp\/v2\/product_brand?post=163861"},{"taxonomy":"product_cat","embeddable":true,"href":"https:\/\/climalife.com\/hu\/wp-json\/wp\/v2\/product_cat?post=163861"},{"taxonomy":"product_tag","embeddable":true,"href":"https:\/\/climalife.com\/hu\/wp-json\/wp\/v2\/product_tag?post=163861"}],"curies":[{"name":"wp","href":"https:\/\/api.w.org\/{rel}","templated":true}]}}