{"id":163912,"date":"2022-09-28T18:31:11","date_gmt":"2022-09-28T18:31:11","guid":{"rendered":"http:\/\/climalife.com\/product\/hcfc-hfc-regeneralas\/"},"modified":"2023-09-26T09:52:38","modified_gmt":"2023-09-26T09:52:38","slug":"hutokozeg-regeneralas","status":"publish","type":"product","link":"https:\/\/climalife.com\/hu\/product\/hutokozeg-regeneralas\/","title":{"rendered":"H\u0171t\u0151k\u00f6zeg (HFC) regener\u00e1l\u00e1s"},"content":{"rendered":"<p>A visszanyert HFC regener\u00e1l\u00e1sa abban az esetben kivitelezhet\u0151, amennyiben a be\u00e9rkezett h\u0171t\u0151k\u00f6zegminta alapj\u00e1n a laborvizsg\u00e1lati eredm\u00e9ny kezelhet\u0151 eredm\u00e9nyt mutat.<br \/>\nL\u00e1sd a szolg\u00e1ltat\u00e1s k\u00edn\u00e1latunkat itt.<\/p>\n","protected":false},"excerpt":{"rendered":"<p>Kezel\u00e9si szolg\u00e1ltat\u00e1sok: a Climalife kezeli a szennyezett h\u0171t\u0151k\u00f6zeget (300 kg feletti mennyis\u00e9g), \u00fagy hogy a h\u0171t\u0151k\u00f6zeg regener\u00e1l\u00e1s\u00e1t k\u00f6vet\u0151en teljes\u00edtm\u00e9nye a gy\u00e1ri \u00fajnak felel meg. Kezel\u00e9s\u00e9t k\u00f6vet\u0151en a h\u0171t\u0151k\u00f6zeget kipalackozzuk \u00e9s visszaadjuk az \u00fcgyfel\u00fcnknek vagy a telephely\u00fcnk\u00f6n t\u00e1roljuk (t\u00e1rol\u00e1si szerz\u0151d\u00e9s). Aj\u00e1nlatunk egyedi kondici\u00f3khoz k\u00f6t\u00f6tt.<\/p>\n","protected":false},"featured_media":201356,"comment_status":"open","ping_status":"closed","template":"","meta":[],"countries":[4674,4709,4756,4813,4831,4862],"product_brand":[],"product_cat":[9949,9958,9940,9994,13061,13078,13096,13114,13130,13568],"product_tag":[],"class_list":{"0":"post-163912","1":"product","2":"type-product","3":"status-publish","4":"has-post-thumbnail","6":"countries-by","7":"countries-cu","8":"countries-ir","9":"countries-kp","10":"countries-ru","11":"countries-sy","12":"product_cat-epuletek","13":"product_cat-energia","14":"product_cat-elelmiszeripar","15":"product_cat-egyeb-iparagak","16":"product_cat-legkondicionalas","17":"product_cat-szetszereles-megsemmisites","18":"product_cat-futes","19":"product_cat-orc-szerves-rankine-ciklus","20":"product_cat-hutestechnika","21":"product_cat-visszanyeres-es-regeneralas","23":"first","24":"instock","25":"shipping-taxable","26":"purchasable","27":"product-type-simple"},"_links":{"self":[{"href":"https:\/\/climalife.com\/hu\/wp-json\/wp\/v2\/product\/163912","targetHints":{"allow":["GET"]}}],"collection":[{"href":"https:\/\/climalife.com\/hu\/wp-json\/wp\/v2\/product"}],"about":[{"href":"https:\/\/climalife.com\/hu\/wp-json\/wp\/v2\/types\/product"}],"replies":[{"embeddable":true,"href":"https:\/\/climalife.com\/hu\/wp-json\/wp\/v2\/comments?post=163912"}],"wp:featuredmedia":[{"embeddable":true,"href":"https:\/\/climalife.com\/hu\/wp-json\/wp\/v2\/media\/201356"}],"wp:attachment":[{"href":"https:\/\/climalife.com\/hu\/wp-json\/wp\/v2\/media?parent=163912"}],"wp:term":[{"taxonomy":"countries","embeddable":true,"href":"https:\/\/climalife.com\/hu\/wp-json\/wp\/v2\/countries?post=163912"},{"taxonomy":"product_brand","embeddable":true,"href":"https:\/\/climalife.com\/hu\/wp-json\/wp\/v2\/product_brand?post=163912"},{"taxonomy":"product_cat","embeddable":true,"href":"https:\/\/climalife.com\/hu\/wp-json\/wp\/v2\/product_cat?post=163912"},{"taxonomy":"product_tag","embeddable":true,"href":"https:\/\/climalife.com\/hu\/wp-json\/wp\/v2\/product_tag?post=163912"}],"curies":[{"name":"wp","href":"https:\/\/api.w.org\/{rel}","templated":true}]}}