{"id":180179,"date":"2022-10-05T00:20:08","date_gmt":"2022-10-05T00:20:08","guid":{"rendered":"http:\/\/climalife.com\/product\/pgm-ir-es-pgm-ir-co2\/"},"modified":"2025-08-11T11:49:23","modified_gmt":"2025-08-11T11:49:23","slug":"pgm-ir-es-pgm-ir-co2","status":"publish","type":"product","link":"https:\/\/climalife.com\/hu\/product\/pgm-ir-es-pgm-ir-co2\/","title":{"rendered":"PGM-IR \u00e9s PGM-IR CO2"},"content":{"rendered":"<div id=\"reference-content\" class=\"textarea mce-content-body\">\n<p><strong>\u00a0<\/strong><\/p>\n<p><strong>Val\u00f3s id\u0151ben<\/strong> jelzi az \u00e9rz\u00e9kelt k\u00f6zeg ppm-szintj\u00e9t.<br \/>\nA PGM-IR \u00e9rz\u00e9kel\u0151 t\u00f6bb mint 50 h\u0171t\u0151k\u00f6zeget tartalmaz\u00f3 be\u00e9p\u00edtett k\u00f6nyvt\u00e1rral rendelkezik, amely lehet\u0151v\u00e9 teszi, hogy a legkisebb sziv\u00e1rg\u00e1sokat is a forr\u00e1sukn\u00e1l pontosan \u00e9szlelje.<\/p>\n<p>A PGR-IR CO<sub>2<\/sub> sz\u00e9n-dioxid \u00e9rz\u00e9kel\u00e9s\u00e9re szolg\u00e1l.<\/p>\n<\/div>\n","protected":false},"excerpt":{"rendered":"<p>A Bacharach PGM-IR \/ PGM-IR CO2 hordozhat\u00f3 sziv\u00e1rg\u00e1s\u00e9rz\u00e9kel\u0151je kiv\u00e1l\u00f3 teljes\u00edtm\u00e9nyt \u00e9s funkcionalit\u00e1st k\u00edn\u00e1l a h\u0171t\u0151k\u00f6zegek, CO2, dinitrog\u00e9n-oxid vagy k\u00e9n-hexafluorid alacsony ppm \u00e9rt\u00e9k\u0171 sziv\u00e1rg\u00e1s\u00e9rz\u00e9kel\u00e9s\u00e9hez.<\/p>\n","protected":false},"featured_media":132795,"comment_status":"open","ping_status":"closed","template":"","meta":[],"countries":[4674,4709,4756,4813,4831,4862],"product_brand":[],"product_cat":[9949,9940,9373],"product_tag":[],"class_list":{"0":"post-180179","1":"product","2":"type-product","3":"status-publish","4":"has-post-thumbnail","6":"countries-by","7":"countries-cu","8":"countries-ir","9":"countries-kp","10":"countries-ru","11":"countries-sy","12":"product_cat-epuletek","13":"product_cat-elelmiszeripar","14":"product_cat-mobil-szivargaserzekeles","16":"first","17":"instock","18":"shipping-taxable","19":"purchasable","20":"product-type-variable","21":"has-default-attributes"},"_links":{"self":[{"href":"https:\/\/climalife.com\/hu\/wp-json\/wp\/v2\/product\/180179","targetHints":{"allow":["GET"]}}],"collection":[{"href":"https:\/\/climalife.com\/hu\/wp-json\/wp\/v2\/product"}],"about":[{"href":"https:\/\/climalife.com\/hu\/wp-json\/wp\/v2\/types\/product"}],"replies":[{"embeddable":true,"href":"https:\/\/climalife.com\/hu\/wp-json\/wp\/v2\/comments?post=180179"}],"wp:featuredmedia":[{"embeddable":true,"href":"https:\/\/climalife.com\/hu\/wp-json\/wp\/v2\/media\/132795"}],"wp:attachment":[{"href":"https:\/\/climalife.com\/hu\/wp-json\/wp\/v2\/media?parent=180179"}],"wp:term":[{"taxonomy":"countries","embeddable":true,"href":"https:\/\/climalife.com\/hu\/wp-json\/wp\/v2\/countries?post=180179"},{"taxonomy":"product_brand","embeddable":true,"href":"https:\/\/climalife.com\/hu\/wp-json\/wp\/v2\/product_brand?post=180179"},{"taxonomy":"product_cat","embeddable":true,"href":"https:\/\/climalife.com\/hu\/wp-json\/wp\/v2\/product_cat?post=180179"},{"taxonomy":"product_tag","embeddable":true,"href":"https:\/\/climalife.com\/hu\/wp-json\/wp\/v2\/product_tag?post=180179"}],"curies":[{"name":"wp","href":"https:\/\/api.w.org\/{rel}","templated":true}]}}