{"id":180201,"date":"2022-10-05T00:22:00","date_gmt":"2022-10-05T00:22:00","guid":{"rendered":"http:\/\/climalife.com\/product\/sapre-hrd-92sc\/"},"modified":"2024-01-25T13:50:10","modified_gmt":"2024-01-25T13:50:10","slug":"sapre-hrd-92sc","status":"publish","type":"product","link":"https:\/\/climalife.com\/hu\/product\/sapre-hrd-92sc\/","title":{"rendered":"SAPRE HRD 92SC"},"content":{"rendered":"<p>A SAPRE HRD 92SC &eacute;rz&eacute;keli az &ouml;sszes HFO, HFC, HC, valamint az R-600a, R-290, NH<sub>3<\/sub> &eacute;s H<sub>2<\/sub>\/N<sub>2<\/sub> h\u0171t\u0151k&ouml;zeget. Ez a nagy &eacute;rz&eacute;kenys&eacute;g\u0171 k&eacute;sz&uuml;l&eacute;k (1 g\/&eacute;v) hang- &eacute;s f&eacute;nyjelz&eacute;ssel jelzi a sziv&aacute;rg&aacute;s jelenl&eacute;t&eacute;t. A funkcion&aacute;lis &eacute;s k&ouml;nnyen kezelhet\u0151, &ouml;nkalibr&aacute;l&oacute; HRD 92SC &eacute;rz&eacute;kel\u0151t v&eacute;d\u0151tokban, &uacute;jrat&ouml;lthet\u0151 elemekkel &eacute;s h&aacute;l&oacute;zati t&ouml;lt\u0151vel sz&aacute;ll&iacute;tjuk.<\/p>\n","protected":false},"excerpt":{"rendered":"<p>Ipari felhaszn&aacute;l&aacute;s&uacute; h\u0171t\u0151k&ouml;zegsziv&aacute;rg&aacute;st &eacute;rz&eacute;kel\u0151 k&eacute;sz&uuml;l&eacute;k.<\/p>\n","protected":false},"featured_media":180044,"comment_status":"open","ping_status":"closed","template":"","meta":[],"countries":[4674,4685,4709,4756,4813,4831,4862],"product_brand":[],"product_cat":[9373],"product_tag":[],"class_list":{"0":"post-180201","1":"product","2":"type-product","3":"status-publish","4":"has-post-thumbnail","6":"countries-by","7":"countries-io","8":"countries-cu","9":"countries-ir","10":"countries-kp","11":"countries-ru","12":"countries-sy","13":"product_cat-mobil-szivargaserzekeles","14":"pa_packaging-egyseg-hu-25","16":"first","17":"instock","18":"shipping-taxable","19":"purchasable","20":"product-type-variable"},"_links":{"self":[{"href":"https:\/\/climalife.com\/hu\/wp-json\/wp\/v2\/product\/180201","targetHints":{"allow":["GET"]}}],"collection":[{"href":"https:\/\/climalife.com\/hu\/wp-json\/wp\/v2\/product"}],"about":[{"href":"https:\/\/climalife.com\/hu\/wp-json\/wp\/v2\/types\/product"}],"replies":[{"embeddable":true,"href":"https:\/\/climalife.com\/hu\/wp-json\/wp\/v2\/comments?post=180201"}],"wp:featuredmedia":[{"embeddable":true,"href":"https:\/\/climalife.com\/hu\/wp-json\/wp\/v2\/media\/180044"}],"wp:attachment":[{"href":"https:\/\/climalife.com\/hu\/wp-json\/wp\/v2\/media?parent=180201"}],"wp:term":[{"taxonomy":"countries","embeddable":true,"href":"https:\/\/climalife.com\/hu\/wp-json\/wp\/v2\/countries?post=180201"},{"taxonomy":"product_brand","embeddable":true,"href":"https:\/\/climalife.com\/hu\/wp-json\/wp\/v2\/product_brand?post=180201"},{"taxonomy":"product_cat","embeddable":true,"href":"https:\/\/climalife.com\/hu\/wp-json\/wp\/v2\/product_cat?post=180201"},{"taxonomy":"product_tag","embeddable":true,"href":"https:\/\/climalife.com\/hu\/wp-json\/wp\/v2\/product_tag?post=180201"}],"curies":[{"name":"wp","href":"https:\/\/api.w.org\/{rel}","templated":true}]}}