{"id":180208,"date":"2022-09-28T17:52:37","date_gmt":"2022-09-28T17:52:37","guid":{"rendered":"http:\/\/climalife.com\/product\/r-507a-t\/"},"modified":"2025-08-13T06:51:54","modified_gmt":"2025-08-13T06:51:54","slug":"r-507at","status":"publish","type":"product","link":"https:\/\/climalife.com\/hu\/product\/r-507at\/","title":{"rendered":"R-507AT"},"content":{"rendered":"<p>F\u0151k\u00e9nt az ipari h\u0171t\u00e9s ter\u00fclet\u00e9n alkalmazz\u00e1k olyan \u00faj berendez\u00e9sekben, amelyekben el\u00e1rasztott elp\u00e1rologtat\u00f3 van. P\u00e9ld\u00e1ul, j\u00e9gp\u00e1ly\u00e1k eset\u00e9ben.<\/p>\n<p>&nbsp;<\/p>\n","protected":false},"excerpt":{"rendered":"<p>Az R-507AT egy azeot\u00f3p HFC kever\u00e9k, amelyet az\u00a0 R-507A visszanyer\u00e9se \u00e9s regener\u00e1l\u00e1sa \u00e1ltal nyer\u00fcnk.Haszn\u00e1lata 2030. janu\u00e1r 1-j\u00e9ig enged\u00e9lyezett, ez lehet\u0151v\u00e9 teszi az eredetileg gy\u00e1ri \u00faj R-507A-t haszn\u00e1l\u00f3 berendez\u00e9sek karbantart\u00e1s\u00e1t, amely 2020. janu\u00e1r 1-je \u00f3ta tilos.<\/p>\n","protected":false},"featured_media":130419,"comment_status":"open","ping_status":"closed","template":"","meta":[],"countries":[4674,4709,4756,4813,4831,4862],"product_brand":[],"product_cat":[9527],"product_tag":[],"class_list":{"0":"post-180208","1":"product","2":"type-product","3":"status-publish","4":"has-post-thumbnail","6":"countries-by","7":"countries-cu","8":"countries-ir","9":"countries-kp","10":"countries-ru","11":"countries-sy","12":"product_cat-regenealt-hfc-k","13":"pa_packaging-palack-52-l-hu-72","15":"first","16":"instock","17":"shipping-taxable","18":"purchasable","19":"product-type-variable"},"_links":{"self":[{"href":"https:\/\/climalife.com\/hu\/wp-json\/wp\/v2\/product\/180208","targetHints":{"allow":["GET"]}}],"collection":[{"href":"https:\/\/climalife.com\/hu\/wp-json\/wp\/v2\/product"}],"about":[{"href":"https:\/\/climalife.com\/hu\/wp-json\/wp\/v2\/types\/product"}],"replies":[{"embeddable":true,"href":"https:\/\/climalife.com\/hu\/wp-json\/wp\/v2\/comments?post=180208"}],"wp:featuredmedia":[{"embeddable":true,"href":"https:\/\/climalife.com\/hu\/wp-json\/wp\/v2\/media\/130419"}],"wp:attachment":[{"href":"https:\/\/climalife.com\/hu\/wp-json\/wp\/v2\/media?parent=180208"}],"wp:term":[{"taxonomy":"countries","embeddable":true,"href":"https:\/\/climalife.com\/hu\/wp-json\/wp\/v2\/countries?post=180208"},{"taxonomy":"product_brand","embeddable":true,"href":"https:\/\/climalife.com\/hu\/wp-json\/wp\/v2\/product_brand?post=180208"},{"taxonomy":"product_cat","embeddable":true,"href":"https:\/\/climalife.com\/hu\/wp-json\/wp\/v2\/product_cat?post=180208"},{"taxonomy":"product_tag","embeddable":true,"href":"https:\/\/climalife.com\/hu\/wp-json\/wp\/v2\/product_tag?post=180208"}],"curies":[{"name":"wp","href":"https:\/\/api.w.org\/{rel}","templated":true}]}}