{"id":197115,"date":"2023-05-05T07:28:15","date_gmt":"2023-05-05T07:28:15","guid":{"rendered":"https:\/\/climalife.com\/product\/systeme-charge-fluide-frigorigene\/"},"modified":"2026-01-29T13:41:37","modified_gmt":"2026-01-29T13:41:37","slug":"toltoberendezes-gaz","status":"publish","type":"product","link":"https:\/\/climalife.com\/hu\/product\/toltoberendezes-gaz\/","title":{"rendered":"T\u00f6lt\u0151berendez\u00e9s cseppfoly\u00f3s\u00edtott g\u00e1zokhoz"},"content":{"rendered":"<p>Egy- vagy t\u00f6bbfolyad\u00e9kos berendez\u00e9s, csatlakoztathat\u00f3 az \u00fcgyf\u00e9l nyomonk\u00f6vet\u00e9si eszk\u00f6z\u00e9hez a ciklusparam\u00e9terek fogad\u00e1s\u00e1hoz \u00e9s a ciklus eredm\u00e9nyeinek tov\u00e1bb\u00edt\u00e1s\u00e1hoz. Szell\u0151z\u0151 Atex kabinba integr\u00e1lhat\u00f3 gy\u00fal\u00e9kony h\u0171t\u0151k\u00f6zegekhez.<\/p>\n","protected":false},"excerpt":{"rendered":"<p>Egyedi tervez\u00e9s\u0171 t\u00f6lt\u0151\u00e1llom\u00e1s, amely lehet\u0151v\u00e9 teszi a nyom\u00e1spr\u00f3ba, v\u00e1kuumpr\u00f3ba \u00e9s gy\u00fal\u00e9kony vagy nem gy\u00fal\u00e9kony cseppfoly\u00f3s g\u00e1zokkal (h\u0171t\u0151k\u00f6zeg-t\u00f6lt\u0151rendszer, hajt\u00f3g\u00e1z, expanzi\u00f3s szer) t\u00f6rt\u00e9n\u0151 t\u00f6lt\u00e9s automatikus v\u00e9grehajt\u00e1s\u00e1t.<\/p>\n","protected":false},"featured_media":201259,"comment_status":"open","ping_status":"closed","template":"","meta":[],"countries":[4674,4709,4756,4813,4831,4862],"product_brand":[],"product_cat":[9976,9949,9994,13061,13096,13130,13480],"product_tag":[],"class_list":{"0":"post-197115","1":"product","2":"type-product","3":"status-publish","4":"has-post-thumbnail","6":"countries-by","7":"countries-cu","8":"countries-ir","9":"countries-kp","10":"countries-ru","11":"countries-sy","12":"product_cat-autoipar-kozlekedes","13":"product_cat-epuletek","14":"product_cat-egyeb-iparagak","15":"product_cat-legkondicionalas","16":"product_cat-futes","17":"product_cat-hutestechnika","18":"product_cat-toltoberendezesek","20":"first","21":"instock","22":"shipping-taxable","23":"purchasable","24":"product-type-simple"},"_links":{"self":[{"href":"https:\/\/climalife.com\/hu\/wp-json\/wp\/v2\/product\/197115","targetHints":{"allow":["GET"]}}],"collection":[{"href":"https:\/\/climalife.com\/hu\/wp-json\/wp\/v2\/product"}],"about":[{"href":"https:\/\/climalife.com\/hu\/wp-json\/wp\/v2\/types\/product"}],"replies":[{"embeddable":true,"href":"https:\/\/climalife.com\/hu\/wp-json\/wp\/v2\/comments?post=197115"}],"wp:featuredmedia":[{"embeddable":true,"href":"https:\/\/climalife.com\/hu\/wp-json\/wp\/v2\/media\/201259"}],"wp:attachment":[{"href":"https:\/\/climalife.com\/hu\/wp-json\/wp\/v2\/media?parent=197115"}],"wp:term":[{"taxonomy":"countries","embeddable":true,"href":"https:\/\/climalife.com\/hu\/wp-json\/wp\/v2\/countries?post=197115"},{"taxonomy":"product_brand","embeddable":true,"href":"https:\/\/climalife.com\/hu\/wp-json\/wp\/v2\/product_brand?post=197115"},{"taxonomy":"product_cat","embeddable":true,"href":"https:\/\/climalife.com\/hu\/wp-json\/wp\/v2\/product_cat?post=197115"},{"taxonomy":"product_tag","embeddable":true,"href":"https:\/\/climalife.com\/hu\/wp-json\/wp\/v2\/product_tag?post=197115"}],"curies":[{"name":"wp","href":"https:\/\/api.w.org\/{rel}","templated":true}]}}