{"id":201222,"date":"2023-07-07T10:59:20","date_gmt":"2023-07-07T10:59:20","guid":{"rendered":"https:\/\/climalife.com\/product\/hutokozegrendszerek-lefejtese-es-feltoltese\/"},"modified":"2026-01-29T13:41:37","modified_gmt":"2026-01-29T13:41:37","slug":"hutokozegrendszerek-lefejtese-es-feltoltese","status":"publish","type":"product","link":"https:\/\/climalife.com\/hu\/product\/hutokozegrendszerek-lefejtese-es-feltoltese\/","title":{"rendered":"H\u0171t\u0151k\u00f6zegrendszerek lefejt\u00e9se \u00e9s felt\u00f6lt\u00e9se"},"content":{"rendered":"<p>Csapatunk minden t\u00edpus\u00fa h\u0171t\u0151k\u00f6zeg (HFO-k, HFC-k, HCFC-k, CFC-k \u00e9s SF6-ok) b\u00e1rmilyen mennyis\u00e9gben t\u00f6rt\u00e9n\u0151 felt\u00f6lt\u00e9s\u00e9re is k\u00e9pes. Az ICPE-l\u00e9tes\u00edtm\u00e9nyeinkben alkalmazott kezel\u00e9si m\u00f3dszer a lefejtett h\u0171t\u0151k\u00f6zeg jelleg\u00e9hez igazodik.<\/p>\n<p>Gyors lefejt\u00e9s \u00e9s felt\u00f6lt\u00e9s speci\u00e1lis berendez\u00e9sekkel \u00e9s dedik\u00e1lt csomagol\u00e1ssal minden rendszerhez: h\u0171t\u0151- \u00e9s l\u00e9gkondicion\u00e1l\u00f3 egys\u00e9gek, f\u00fcggetlen kompakt rendszerek, split rendszerek, roof top stb. sz\u00e1m\u00e1ra.<\/p>\n<p>&nbsp;<\/p>\n","protected":false},"excerpt":{"rendered":"<p>H\u0171t\u0151k\u00f6zegek lefejt\u00e9se \u00e9s kezel\u00e9se okleveles technikusokkal az \u00e9rv\u00e9nyben l\u00e9v\u0151 el\u0151\u00edr\u00e1sok szerint, szennyezett csomagol\u00f3anyagok visszanyer\u00e9se.<\/p>\n","protected":false},"featured_media":201227,"comment_status":"open","ping_status":"closed","template":"","meta":[],"countries":[4674,4709,4756,4813,4831,4862],"product_brand":[],"product_cat":[9976,9949,9958,9940,13061,13070,13078,13130,13583],"product_tag":[],"class_list":{"0":"post-201222","1":"product","2":"type-product","3":"status-publish","4":"has-post-thumbnail","6":"countries-by","7":"countries-cu","8":"countries-ir","9":"countries-kp","10":"countries-ru","11":"countries-sy","12":"product_cat-autoipar-kozlekedes","13":"product_cat-epuletek","14":"product_cat-energia","15":"product_cat-elelmiszeripar","16":"product_cat-legkondicionalas","17":"product_cat-dielektromos-sf6","18":"product_cat-szetszereles-megsemmisites","19":"product_cat-hutestechnika","20":"product_cat-helyszini-beavatkozasok","22":"first","23":"instock","24":"shipping-taxable","25":"purchasable","26":"product-type-simple"},"_links":{"self":[{"href":"https:\/\/climalife.com\/hu\/wp-json\/wp\/v2\/product\/201222","targetHints":{"allow":["GET"]}}],"collection":[{"href":"https:\/\/climalife.com\/hu\/wp-json\/wp\/v2\/product"}],"about":[{"href":"https:\/\/climalife.com\/hu\/wp-json\/wp\/v2\/types\/product"}],"replies":[{"embeddable":true,"href":"https:\/\/climalife.com\/hu\/wp-json\/wp\/v2\/comments?post=201222"}],"wp:featuredmedia":[{"embeddable":true,"href":"https:\/\/climalife.com\/hu\/wp-json\/wp\/v2\/media\/201227"}],"wp:attachment":[{"href":"https:\/\/climalife.com\/hu\/wp-json\/wp\/v2\/media?parent=201222"}],"wp:term":[{"taxonomy":"countries","embeddable":true,"href":"https:\/\/climalife.com\/hu\/wp-json\/wp\/v2\/countries?post=201222"},{"taxonomy":"product_brand","embeddable":true,"href":"https:\/\/climalife.com\/hu\/wp-json\/wp\/v2\/product_brand?post=201222"},{"taxonomy":"product_cat","embeddable":true,"href":"https:\/\/climalife.com\/hu\/wp-json\/wp\/v2\/product_cat?post=201222"},{"taxonomy":"product_tag","embeddable":true,"href":"https:\/\/climalife.com\/hu\/wp-json\/wp\/v2\/product_tag?post=201222"}],"curies":[{"name":"wp","href":"https:\/\/api.w.org\/{rel}","templated":true}]}}