{"id":201238,"date":"2023-07-07T12:03:42","date_gmt":"2023-07-07T12:03:42","guid":{"rendered":"https:\/\/climalife.com\/product\/kozvetitokozeges-rendszerek-tisztitasa\/"},"modified":"2026-01-29T13:41:37","modified_gmt":"2026-01-29T13:41:37","slug":"kozvetitokozeges-rendszerek-tisztitasa","status":"publish","type":"product","link":"https:\/\/climalife.com\/hu\/product\/kozvetitokozeges-rendszerek-tisztitasa\/","title":{"rendered":"K\u00f6zvet\u00edt\u0151k\u00f6zeges rendszerek tiszt\u00edt\u00e1sa"},"content":{"rendered":"<p>Ezt a szolg\u00e1ltat\u00e1st a berendez\u00e9s k\u00f6zvet\u00edt\u0151k\u00f6zeggel val\u00f3 felt\u00f6lt\u00e9se el\u0151tt hajtj\u00e1k v\u00e9gre. A jav\u00edt\u00f3 karbantart\u00e1s r\u00e9szek\u00e9nt is elv\u00e9gezhet\u0151, ha korr\u00f3zi\u00f3s vagy iszapos probl\u00e9m\u00e1t \u00e9szleltek. Speci\u00e1lisan \u00f6ssze\u00e1ll\u00edtott term\u00e9keket haszn\u00e1lunk v\u00edzk\u0151mentes\u00edt\u00e9sre, oxid\u00e1ci\u00f3mentes\u00edt\u00e9sre, iszapelt\u00e1vol\u00edt\u00e1sra \u00e9s habkezel\u00e9sre.<\/p>\n","protected":false},"excerpt":{"rendered":"<p>F\u0171t\u0151-, kl\u00edma- vagy h\u0171t\u0151berendez\u00e9sek k\u00f6zvet\u00edt\u0151k\u00f6zeges h\u00e1l\u00f3zatainak tiszt\u00edt\u00e1sa, valamint iszap elt\u00e1vol\u00edt\u00e1sa vizes rendszerekb\u0151l.<\/p>\n","protected":false},"featured_media":201239,"comment_status":"open","ping_status":"closed","template":"","meta":[],"countries":[4674,4709,4756,4813,4831,4862],"product_brand":[],"product_cat":[9940,9958,9949,13096,13583,13130,13061],"product_tag":[],"class_list":{"0":"post-201238","1":"product","2":"type-product","3":"status-publish","4":"has-post-thumbnail","6":"countries-by","7":"countries-cu","8":"countries-ir","9":"countries-kp","10":"countries-ru","11":"countries-sy","12":"product_cat-elelmiszeripar","13":"product_cat-energia","14":"product_cat-epuletek","15":"product_cat-futes","16":"product_cat-helyszini-beavatkozasok","17":"product_cat-hutestechnika","18":"product_cat-legkondicionalas","20":"first","21":"instock","22":"shipping-taxable","23":"purchasable","24":"product-type-simple"},"_links":{"self":[{"href":"https:\/\/climalife.com\/hu\/wp-json\/wp\/v2\/product\/201238","targetHints":{"allow":["GET"]}}],"collection":[{"href":"https:\/\/climalife.com\/hu\/wp-json\/wp\/v2\/product"}],"about":[{"href":"https:\/\/climalife.com\/hu\/wp-json\/wp\/v2\/types\/product"}],"replies":[{"embeddable":true,"href":"https:\/\/climalife.com\/hu\/wp-json\/wp\/v2\/comments?post=201238"}],"wp:featuredmedia":[{"embeddable":true,"href":"https:\/\/climalife.com\/hu\/wp-json\/wp\/v2\/media\/201239"}],"wp:attachment":[{"href":"https:\/\/climalife.com\/hu\/wp-json\/wp\/v2\/media?parent=201238"}],"wp:term":[{"taxonomy":"countries","embeddable":true,"href":"https:\/\/climalife.com\/hu\/wp-json\/wp\/v2\/countries?post=201238"},{"taxonomy":"product_brand","embeddable":true,"href":"https:\/\/climalife.com\/hu\/wp-json\/wp\/v2\/product_brand?post=201238"},{"taxonomy":"product_cat","embeddable":true,"href":"https:\/\/climalife.com\/hu\/wp-json\/wp\/v2\/product_cat?post=201238"},{"taxonomy":"product_tag","embeddable":true,"href":"https:\/\/climalife.com\/hu\/wp-json\/wp\/v2\/product_tag?post=201238"}],"curies":[{"name":"wp","href":"https:\/\/api.w.org\/{rel}","templated":true}]}}