{"id":201247,"date":"2023-07-07T12:39:46","date_gmt":"2023-07-07T12:39:46","guid":{"rendered":"https:\/\/climalife.com\/product\/hutorendszerek-tisztitasa\/"},"modified":"2026-01-29T13:41:37","modified_gmt":"2026-01-29T13:41:37","slug":"hutorendszerek-tisztitasa","status":"publish","type":"product","link":"https:\/\/climalife.com\/hu\/product\/hutorendszerek-tisztitasa\/","title":{"rendered":"H\u0171t\u0151rendszerek tiszt\u00edt\u00e1sa"},"content":{"rendered":"<p>A tiszt\u00edt\u00f3szerek b\u00e1rmilyen tiszt\u00edt\u00e1st ig\u00e9nyl\u0151 h\u0171t\u0151k\u00f6zeg-rendszeren alkalmazhat\u00f3k, f\u00fcggetlen\u00fcl a rendszer konfigur\u00e1ci\u00f3j\u00e1t\u00f3l \u00e9s a benne l\u00e9v\u0151 k\u00f6zegt\u0151l.<\/p>\n","protected":false},"excerpt":{"rendered":"<p>A h\u0171t\u0151k\u00f6r\u00f6k szennyez\u0151d\u00e9smentes\u00edt\u00e9se a K+F r\u00e9szleg\u00fcnk adapt\u00e1lt \u00e9s speci\u00e1lisan gy\u00e1rtott term\u00e9keivel ker\u00fcl elv\u00e9gz\u00e9sre.<\/p>\n","protected":false},"featured_media":150636,"comment_status":"open","ping_status":"closed","template":"","meta":[],"countries":[4674,4709,4756,4813,4831,4862],"product_brand":[],"product_cat":[9223,9976,9949,9940,9994,13061,13078,13130,9214,13583],"product_tag":[],"class_list":{"0":"post-201247","1":"product","2":"type-product","3":"status-publish","4":"has-post-thumbnail","6":"countries-by","7":"countries-cu","8":"countries-ir","9":"countries-kp","10":"countries-ru","11":"countries-sy","12":"product_cat-iparagak","13":"product_cat-autoipar-kozlekedes","14":"product_cat-epuletek","15":"product_cat-elelmiszeripar","16":"product_cat-egyeb-iparagak","17":"product_cat-legkondicionalas","18":"product_cat-szetszereles-megsemmisites","19":"product_cat-hutestechnika","20":"product_cat-tartomanyok","21":"product_cat-helyszini-beavatkozasok","23":"first","24":"instock","25":"sold-individually","26":"shipping-taxable","27":"purchasable","28":"product-type-simple"},"_links":{"self":[{"href":"https:\/\/climalife.com\/hu\/wp-json\/wp\/v2\/product\/201247","targetHints":{"allow":["GET"]}}],"collection":[{"href":"https:\/\/climalife.com\/hu\/wp-json\/wp\/v2\/product"}],"about":[{"href":"https:\/\/climalife.com\/hu\/wp-json\/wp\/v2\/types\/product"}],"replies":[{"embeddable":true,"href":"https:\/\/climalife.com\/hu\/wp-json\/wp\/v2\/comments?post=201247"}],"wp:featuredmedia":[{"embeddable":true,"href":"https:\/\/climalife.com\/hu\/wp-json\/wp\/v2\/media\/150636"}],"wp:attachment":[{"href":"https:\/\/climalife.com\/hu\/wp-json\/wp\/v2\/media?parent=201247"}],"wp:term":[{"taxonomy":"countries","embeddable":true,"href":"https:\/\/climalife.com\/hu\/wp-json\/wp\/v2\/countries?post=201247"},{"taxonomy":"product_brand","embeddable":true,"href":"https:\/\/climalife.com\/hu\/wp-json\/wp\/v2\/product_brand?post=201247"},{"taxonomy":"product_cat","embeddable":true,"href":"https:\/\/climalife.com\/hu\/wp-json\/wp\/v2\/product_cat?post=201247"},{"taxonomy":"product_tag","embeddable":true,"href":"https:\/\/climalife.com\/hu\/wp-json\/wp\/v2\/product_tag?post=201247"}],"curies":[{"name":"wp","href":"https:\/\/api.w.org\/{rel}","templated":true}]}}