{"id":201262,"date":"2023-07-10T10:20:45","date_gmt":"2023-07-10T10:20:45","guid":{"rendered":"https:\/\/climalife.com\/product\/tarolo-tartalyok\/"},"modified":"2026-01-29T13:41:36","modified_gmt":"2026-01-29T13:41:36","slug":"tarolo-tartalyok","status":"publish","type":"product","link":"https:\/\/climalife.com\/hu\/product\/tarolo-tartalyok\/","title":{"rendered":"T\u00e1rol\u00f3tart\u00e1lyok"},"content":{"rendered":"<p>Lehet\u0151v\u00e9 teszik a tart\u00e1lyok optim\u00e1lis \u00fcr\u00edt\u00e9s\u00e9t (a folyad\u00e9k f\u00e1zis 100%-a felhaszn\u00e1l\u00e1sra ker\u00fcl), \u00e9s alkalmasak a legt\u00f6bb h\u0171t\u0151k\u00f6zeg \u00e9s m\u00e1s cseppfoly\u00f3s\u00edtott g\u00e1zok (gy\u00fal\u00e9kony vagy nem gy\u00fal\u00e9kony) sz\u00e1m\u00e1ra.  A berendez\u00e9s biztons\u00e1ga \u00e9rdek\u00e9ben a hozz\u00e1f\u00e9r\u00e9s biztos\u00edtott, \u00e9s sziv\u00e1rg\u00e1s\u00e9rz\u00e9kel\u0151 rendszerrel rendelkeznek.<\/p>\n","protected":false},"excerpt":{"rendered":"<p>A t\u00e1rol\u00f3tart\u00e1lyok inverzi\u00f3s rendszerrel vannak felszerelve, amely folyamatosan osztja el a h\u0171t\u0151k\u00f6zeget a nyom\u00e1s alatti tart\u00e1lyokb\u00f3l vagy palackokb\u00f3l.<\/p>\n<p>&nbsp;<\/p>\n","protected":false},"featured_media":201263,"comment_status":"open","ping_status":"closed","template":"","meta":[],"countries":[4674,4709,4756,4813,4831,4862],"product_brand":[],"product_cat":[9976,9949,9967,9994,13061,9760,13130,13495],"product_tag":[],"class_list":{"0":"post-201262","1":"product","2":"type-product","3":"status-publish","4":"has-post-thumbnail","6":"countries-by","7":"countries-cu","8":"countries-ir","9":"countries-kp","10":"countries-ru","11":"countries-sy","12":"product_cat-autoipar-kozlekedes","13":"product_cat-epuletek","14":"product_cat-egeszseg-jolet","15":"product_cat-egyeb-iparagak","16":"product_cat-legkondicionalas","17":"product_cat-hajtogazok","18":"product_cat-hutestechnika","19":"product_cat-tarolo-eloszto-rendszerek","21":"first","22":"instock","23":"shipping-taxable","24":"purchasable","25":"product-type-simple"},"_links":{"self":[{"href":"https:\/\/climalife.com\/hu\/wp-json\/wp\/v2\/product\/201262","targetHints":{"allow":["GET"]}}],"collection":[{"href":"https:\/\/climalife.com\/hu\/wp-json\/wp\/v2\/product"}],"about":[{"href":"https:\/\/climalife.com\/hu\/wp-json\/wp\/v2\/types\/product"}],"replies":[{"embeddable":true,"href":"https:\/\/climalife.com\/hu\/wp-json\/wp\/v2\/comments?post=201262"}],"wp:featuredmedia":[{"embeddable":true,"href":"https:\/\/climalife.com\/hu\/wp-json\/wp\/v2\/media\/201263"}],"wp:attachment":[{"href":"https:\/\/climalife.com\/hu\/wp-json\/wp\/v2\/media?parent=201262"}],"wp:term":[{"taxonomy":"countries","embeddable":true,"href":"https:\/\/climalife.com\/hu\/wp-json\/wp\/v2\/countries?post=201262"},{"taxonomy":"product_brand","embeddable":true,"href":"https:\/\/climalife.com\/hu\/wp-json\/wp\/v2\/product_brand?post=201262"},{"taxonomy":"product_cat","embeddable":true,"href":"https:\/\/climalife.com\/hu\/wp-json\/wp\/v2\/product_cat?post=201262"},{"taxonomy":"product_tag","embeddable":true,"href":"https:\/\/climalife.com\/hu\/wp-json\/wp\/v2\/product_tag?post=201262"}],"curies":[{"name":"wp","href":"https:\/\/api.w.org\/{rel}","templated":true}]}}