{"id":201269,"date":"2023-07-10T10:42:50","date_gmt":"2023-07-10T10:42:50","guid":{"rendered":"https:\/\/climalife.com\/product\/toltesek-alatt-elhelyezett-tartalyok\/"},"modified":"2026-01-29T13:41:36","modified_gmt":"2026-01-29T13:41:36","slug":"toltesek-alatti-tartaly","status":"publish","type":"product","link":"https:\/\/climalife.com\/hu\/product\/toltesek-alatti-tartaly\/","title":{"rendered":"T\u00f6lt\u00e9sek alatt elhelyezett tart\u00e1lyok"},"content":{"rendered":"<p>Csapataink koordin\u00e1lj\u00e1k \u00e9s fel\u00fcgyelik a projektet a helysz\u00edni telep\u00edt\u00e9sig \u00e9s a kulcsrak\u00e9sz berendez\u00e9s \u00fczembe helyez\u00e9s\u00e9ig.<\/p>\n<p>\u00c1tad\u00e1skor egy teljes m\u0171szaki dokument\u00e1ci\u00f3t ny\u00fajtunk be, amely tartalmazza a berendez\u00e9s le\u00edr\u00e1s\u00e1t, az \u00fczemeltet\u00e9si k\u00e9zik\u00f6nyvet, a vizsg\u00e1lati jegyz\u0151k\u00f6nyveket vagy tan\u00fas\u00edtv\u00e1nyokat, a biztons\u00e1gi tartoz\u00e9kokra vonatkoz\u00f3 dokumentumokat \u00e9s a megel\u0151z\u0151 \u00e9s szab\u00e1lyoz\u00f3 karbantart\u00e1si \u00fctemtervet.<\/p>\n","protected":false},"excerpt":{"rendered":"<p>T\u00f6lt\u00e9sek alatt elhelyezett tart\u00e1lyok tervez\u00e9se \u00e9s telep\u00edt\u00e9se gy\u00fal\u00e9kony cseppfoly\u00f3s\u00edtott g\u00e1zok t\u00e1rol\u00e1s\u00e1ra a hat\u00e1lyos el\u0151\u00edr\u00e1soknak (AFIAP) megfelel\u0151en.<\/p>\n","protected":false},"featured_media":201270,"comment_status":"open","ping_status":"closed","template":"","meta":[],"countries":[4674,4709,4756,4813,4831,4862],"product_brand":[],"product_cat":[9976,9958,9994,13061,13105,9760,13130,13495],"product_tag":[],"class_list":{"0":"post-201269","1":"product","2":"type-product","3":"status-publish","4":"has-post-thumbnail","6":"countries-by","7":"countries-cu","8":"countries-ir","9":"countries-kp","10":"countries-ru","11":"countries-sy","12":"product_cat-autoipar-kozlekedes","13":"product_cat-energia","14":"product_cat-egyeb-iparagak","15":"product_cat-legkondicionalas","16":"product_cat-szigeteles","17":"product_cat-hajtogazok","18":"product_cat-hutestechnika","19":"product_cat-tarolo-eloszto-rendszerek","21":"first","22":"instock","23":"shipping-taxable","24":"purchasable","25":"product-type-simple"},"_links":{"self":[{"href":"https:\/\/climalife.com\/hu\/wp-json\/wp\/v2\/product\/201269","targetHints":{"allow":["GET"]}}],"collection":[{"href":"https:\/\/climalife.com\/hu\/wp-json\/wp\/v2\/product"}],"about":[{"href":"https:\/\/climalife.com\/hu\/wp-json\/wp\/v2\/types\/product"}],"replies":[{"embeddable":true,"href":"https:\/\/climalife.com\/hu\/wp-json\/wp\/v2\/comments?post=201269"}],"wp:featuredmedia":[{"embeddable":true,"href":"https:\/\/climalife.com\/hu\/wp-json\/wp\/v2\/media\/201270"}],"wp:attachment":[{"href":"https:\/\/climalife.com\/hu\/wp-json\/wp\/v2\/media?parent=201269"}],"wp:term":[{"taxonomy":"countries","embeddable":true,"href":"https:\/\/climalife.com\/hu\/wp-json\/wp\/v2\/countries?post=201269"},{"taxonomy":"product_brand","embeddable":true,"href":"https:\/\/climalife.com\/hu\/wp-json\/wp\/v2\/product_brand?post=201269"},{"taxonomy":"product_cat","embeddable":true,"href":"https:\/\/climalife.com\/hu\/wp-json\/wp\/v2\/product_cat?post=201269"},{"taxonomy":"product_tag","embeddable":true,"href":"https:\/\/climalife.com\/hu\/wp-json\/wp\/v2\/product_tag?post=201269"}],"curies":[{"name":"wp","href":"https:\/\/api.w.org\/{rel}","templated":true}]}}