{"id":201272,"date":"2023-07-10T11:04:22","date_gmt":"2023-07-10T11:04:22","guid":{"rendered":"https:\/\/climalife.com\/product\/fold-alatti-tartalyok\/"},"modified":"2026-01-29T15:11:48","modified_gmt":"2026-01-29T15:11:48","slug":"fold-alatti-tartalyok","status":"publish","type":"product","link":"https:\/\/climalife.com\/hu\/product\/fold-alatti-tartalyok\/","title":{"rendered":"F\u00f6ld alatti tart\u00e1lyok"},"content":{"rendered":"<div>\n<p>Megfelelnek a hat\u00e1lyos el\u0151\u00edr\u00e1soknak \u00e9s az AFIAP-nak.<\/p>\n<p>Csapataink biztos\u00edtj\u00e1k a projekt koordin\u00e1ci\u00f3j\u00e1t, fel\u00fcgyelet\u00e9t \u00e9s a helysz\u00edni telep\u00edt\u00e9st. Kulcsrak\u00e9sz \u00fczembe helyez\u00e9s, teljes m\u0171szaki dokument\u00e1ci\u00f3val (a k\u00e9sz\u00fcl\u00e9k le\u00edr\u00e1sa, kezel\u00e9si \u00fatmutat\u00f3, jegyz\u0151k\u00f6nyvek, vizsg\u00e1lati tan\u00fas\u00edtv\u00e1nyok, hat\u00f3s\u00e1gi karbantart\u00e1si \u00fctemterv stb.).<\/p>\n<\/div>\n<div><\/div>\n","protected":false},"excerpt":{"rendered":"<p>Gy\u00fal\u00e9kony k\u00f6zegek t\u00e1rol\u00e1s\u00e1ra szolg\u00e1l\u00f3 f\u00f6ld alatti tart\u00e1lyok tervez\u00e9se \u00e9s telep\u00edt\u00e9se.<\/p>\n","protected":false},"featured_media":201273,"comment_status":"open","ping_status":"closed","template":"","meta":[],"countries":[4674,4709,4756,4813,4831,4862],"product_brand":[],"product_cat":[9949,9994,13105,13495],"product_tag":[],"class_list":{"0":"post-201272","1":"product","2":"type-product","3":"status-publish","4":"has-post-thumbnail","6":"countries-by","7":"countries-cu","8":"countries-ir","9":"countries-kp","10":"countries-ru","11":"countries-sy","12":"product_cat-epuletek","13":"product_cat-egyeb-iparagak","14":"product_cat-szigeteles","15":"product_cat-tarolo-eloszto-rendszerek","17":"first","18":"instock","19":"shipping-taxable","20":"purchasable","21":"product-type-simple"},"_links":{"self":[{"href":"https:\/\/climalife.com\/hu\/wp-json\/wp\/v2\/product\/201272","targetHints":{"allow":["GET"]}}],"collection":[{"href":"https:\/\/climalife.com\/hu\/wp-json\/wp\/v2\/product"}],"about":[{"href":"https:\/\/climalife.com\/hu\/wp-json\/wp\/v2\/types\/product"}],"replies":[{"embeddable":true,"href":"https:\/\/climalife.com\/hu\/wp-json\/wp\/v2\/comments?post=201272"}],"wp:featuredmedia":[{"embeddable":true,"href":"https:\/\/climalife.com\/hu\/wp-json\/wp\/v2\/media\/201273"}],"wp:attachment":[{"href":"https:\/\/climalife.com\/hu\/wp-json\/wp\/v2\/media?parent=201272"}],"wp:term":[{"taxonomy":"countries","embeddable":true,"href":"https:\/\/climalife.com\/hu\/wp-json\/wp\/v2\/countries?post=201272"},{"taxonomy":"product_brand","embeddable":true,"href":"https:\/\/climalife.com\/hu\/wp-json\/wp\/v2\/product_brand?post=201272"},{"taxonomy":"product_cat","embeddable":true,"href":"https:\/\/climalife.com\/hu\/wp-json\/wp\/v2\/product_cat?post=201272"},{"taxonomy":"product_tag","embeddable":true,"href":"https:\/\/climalife.com\/hu\/wp-json\/wp\/v2\/product_tag?post=201272"}],"curies":[{"name":"wp","href":"https:\/\/api.w.org\/{rel}","templated":true}]}}