{"id":208670,"date":"2023-09-12T11:11:04","date_gmt":"2023-09-12T11:11:04","guid":{"rendered":"https:\/\/climalife.com\/product\/d-tek-stratus-szivargaserzekelo\/"},"modified":"2025-08-11T11:06:49","modified_gmt":"2025-08-11T11:06:49","slug":"d-tek-stratus-szivargaserzekelo","status":"publish","type":"product","link":"https:\/\/climalife.com\/hu\/product\/d-tek-stratus-szivargaserzekelo\/","title":{"rendered":"D-TEK Stratus sziv\u00e1rg\u00e1s\u00e9rz\u00e9kel\u0151"},"content":{"rendered":"<p>A sziv\u00e1rg\u00e1st hang \u00e9s digit\u00e1lis kijelz\u0151 jelzi, amely a sziv\u00e1rg\u00e1s szintj\u00e9t val\u00f3s id\u0151ben, ppm-ben mutatja a nagy LCD-k\u00e9perny\u0151n. K\u00e9t \u00fczemm\u00f3d: &#8220;Cloud Hunting&#8221; \u00e9s &#8220;Pinpoint&#8221;. Tov\u00e1bbi el\u0151ny\u00f6k: \u00fajrat\u00f6lthet\u0151 l\u00edtium-ion akkumul\u00e1torok, gyorst\u00f6lt\u00e9s, egyszer\u0171 csere, f\u00fclhallgat\u00f3 mell\u00e9kelve, 2 AC \u00e9s DC aut\u00f3s t\u00f6lt\u0151.<\/p>\n","protected":false},"excerpt":{"rendered":"<p>A D-TEK Stratus hordozhat\u00f3 sziv\u00e1rg\u00e1s\u00e9rz\u00e9kel\u0151 2 v\u00e1ltozatban kaphat\u00f3 t\u00f6bb kompatibilis \u00e9rz\u00e9kel\u0151vel: A1 \u00e9s A2L h\u0171t\u0151k\u00f6zegekhez (HFC, HFO \u00e9s HFC\/HFO kever\u00e9kek), CO\u2082-hoz (R-744) \u00e9s sz\u00e9nhidrog\u00e9nekhez (R-290, R-600a).<\/p>\n","protected":false},"featured_media":208671,"comment_status":"open","ping_status":"closed","template":"","meta":[],"countries":[4674,4709,4756,4813,4831,4862],"product_brand":[],"product_cat":[13130,9373],"product_tag":[],"class_list":{"0":"post-208670","1":"product","2":"type-product","3":"status-publish","4":"has-post-thumbnail","6":"countries-by","7":"countries-cu","8":"countries-ir","9":"countries-kp","10":"countries-ru","11":"countries-sy","12":"product_cat-hutestechnika","13":"product_cat-mobil-szivargaserzekeles","15":"first","16":"instock","17":"shipping-taxable","18":"purchasable","19":"product-type-variable"},"_links":{"self":[{"href":"https:\/\/climalife.com\/hu\/wp-json\/wp\/v2\/product\/208670","targetHints":{"allow":["GET"]}}],"collection":[{"href":"https:\/\/climalife.com\/hu\/wp-json\/wp\/v2\/product"}],"about":[{"href":"https:\/\/climalife.com\/hu\/wp-json\/wp\/v2\/types\/product"}],"replies":[{"embeddable":true,"href":"https:\/\/climalife.com\/hu\/wp-json\/wp\/v2\/comments?post=208670"}],"wp:featuredmedia":[{"embeddable":true,"href":"https:\/\/climalife.com\/hu\/wp-json\/wp\/v2\/media\/208671"}],"wp:attachment":[{"href":"https:\/\/climalife.com\/hu\/wp-json\/wp\/v2\/media?parent=208670"}],"wp:term":[{"taxonomy":"countries","embeddable":true,"href":"https:\/\/climalife.com\/hu\/wp-json\/wp\/v2\/countries?post=208670"},{"taxonomy":"product_brand","embeddable":true,"href":"https:\/\/climalife.com\/hu\/wp-json\/wp\/v2\/product_brand?post=208670"},{"taxonomy":"product_cat","embeddable":true,"href":"https:\/\/climalife.com\/hu\/wp-json\/wp\/v2\/product_cat?post=208670"},{"taxonomy":"product_tag","embeddable":true,"href":"https:\/\/climalife.com\/hu\/wp-json\/wp\/v2\/product_tag?post=208670"}],"curies":[{"name":"wp","href":"https:\/\/api.w.org\/{rel}","templated":true}]}}