{"id":208960,"date":"2023-09-13T10:33:57","date_gmt":"2023-09-13T10:33:57","guid":{"rendered":"https:\/\/climalife.com\/product\/r-456a\/"},"modified":"2026-01-29T13:41:36","modified_gmt":"2026-01-29T13:41:36","slug":"r-456a","status":"publish","type":"product","link":"https:\/\/climalife.com\/hu\/product\/r-456a\/","title":{"rendered":"R-456A"},"content":{"rendered":"<p>Az R-456A-t (GWP = 626*) az\u00e9rt fejlesztett\u00e9k ki, hogy meghosszabb\u00edtsa az R-134a rendelkez\u00e9sre \u00e1ll\u00e1s\u00e1t a g\u00e9pj\u00e1rm\u0171vek l\u00e9gkondicion\u00e1l\u00f3 rendszereiben, legal\u00e1bb 50%-kal alacsonyabb GWP-vel, mik\u00f6zben n\u00f6veli a r\u00e9gebbi j\u00e1rm\u0171vek h\u0171t\u00e9si kapacit\u00e1s\u00e1t.<\/p>\n<ul>\n<li>Nincs sz\u00fcks\u00e9g olajcser\u00e9re.<\/li>\n<li>Drop-in megold\u00e1s.<\/li>\n<\/ul>\n<p><em>*GWP az IPCC 5.<\/em> szerint.<\/p>\n","protected":false},"excerpt":{"rendered":"<p>Az R-456A fluorozott sz\u00e9nhidrog\u00e9nek \u00e9s hidrofluor-olefinek nem gy\u00fal\u00e9kony kever\u00e9ke, amelyet az R-134a <strong>helyettes\u00edt\u00e9s\u00e9re terveztek az aut\u00f3ipari l\u00e9gkondicion\u00e1l\u00f3 alkalmaz\u00e1sokban.<\/strong><\/p>\n","protected":false},"featured_media":208965,"comment_status":"open","ping_status":"closed","template":"","meta":[],"countries":[4674,4709,4756,4813,4831,4854,4862],"product_brand":[],"product_cat":[9976,9608,13061],"product_tag":[],"class_list":{"0":"post-208960","1":"product","2":"type-product","3":"status-publish","4":"has-post-thumbnail","6":"countries-by","7":"countries-cu","8":"countries-ir","9":"countries-kp","10":"countries-ru","11":"countries-es","12":"countries-sy","13":"product_cat-autoipar-kozlekedes","14":"product_cat-hfc-hfo-keverekek","15":"product_cat-legkondicionalas","16":"pa_packaging-60-l-es-palack","17":"pa_packaging-palack-12-l-hu-92","19":"first","20":"instock","21":"shipping-taxable","22":"purchasable","23":"product-type-simple"},"_links":{"self":[{"href":"https:\/\/climalife.com\/hu\/wp-json\/wp\/v2\/product\/208960","targetHints":{"allow":["GET"]}}],"collection":[{"href":"https:\/\/climalife.com\/hu\/wp-json\/wp\/v2\/product"}],"about":[{"href":"https:\/\/climalife.com\/hu\/wp-json\/wp\/v2\/types\/product"}],"replies":[{"embeddable":true,"href":"https:\/\/climalife.com\/hu\/wp-json\/wp\/v2\/comments?post=208960"}],"wp:featuredmedia":[{"embeddable":true,"href":"https:\/\/climalife.com\/hu\/wp-json\/wp\/v2\/media\/208965"}],"wp:attachment":[{"href":"https:\/\/climalife.com\/hu\/wp-json\/wp\/v2\/media?parent=208960"}],"wp:term":[{"taxonomy":"countries","embeddable":true,"href":"https:\/\/climalife.com\/hu\/wp-json\/wp\/v2\/countries?post=208960"},{"taxonomy":"product_brand","embeddable":true,"href":"https:\/\/climalife.com\/hu\/wp-json\/wp\/v2\/product_brand?post=208960"},{"taxonomy":"product_cat","embeddable":true,"href":"https:\/\/climalife.com\/hu\/wp-json\/wp\/v2\/product_cat?post=208960"},{"taxonomy":"product_tag","embeddable":true,"href":"https:\/\/climalife.com\/hu\/wp-json\/wp\/v2\/product_tag?post=208960"}],"curies":[{"name":"wp","href":"https:\/\/api.w.org\/{rel}","templated":true}]}}