{"id":208994,"date":"2023-09-13T11:51:46","date_gmt":"2023-09-13T11:51:46","guid":{"rendered":"https:\/\/climalife.com\/product\/tarolotartalyok\/"},"modified":"2026-01-29T13:41:36","modified_gmt":"2026-01-29T13:41:36","slug":"tarolotartalyok","status":"publish","type":"product","link":"https:\/\/climalife.com\/hu\/product\/tarolotartalyok\/","title":{"rendered":"T\u00e1rol\u00f3tart\u00e1lyok"},"content":{"rendered":"<p>K\u00fcl\u00f6nb\u00f6z\u0151 modulokkal (\u00e1raml\u00e1sm\u00e9r\u0151vel szab\u00e1lyozott terhel\u00e9s, N2 nyom\u00e1s al\u00e1 helyez\u00e9s, v\u00e1kuumvivatty\u00faz\u00e1s, stb.) felszerelt t\u00e1rol\u00f3tart\u00e1lyokat tervez\u00fcnk \u00e9s telep\u00edt\u00fcnk.<\/p>\n","protected":false},"excerpt":{"rendered":"<p>A v\u00edzszintes vagy f\u00fcgg\u0151leges t\u00e1rol\u00f3tart\u00e1lyok programozhat\u00f3 logikai vez\u00e9rl\u0151n kereszt\u00fcl ir\u00e1ny\u00edtott eloszt\u00e1st biztos\u00edtjanak a k\u00fcl\u00f6nb\u00f6z\u0151 k\u00f6zegek sz\u00e1m\u00e1ra. Ezek a rendszerek az el\u0151\u00edr\u00e1soknak megfelel\u0151en vannak kialak\u00edtva, \u00e9s biztons\u00e1goss\u00e1 teszik a folyamatokat.<\/p>\n","protected":false},"featured_media":208996,"comment_status":"open","ping_status":"closed","template":"","meta":[],"countries":[4674,4709,4756,4813,4831,4862],"product_brand":[],"product_cat":[9976,9949,9967,9994,13495],"product_tag":[],"class_list":{"0":"post-208994","1":"product","2":"type-product","3":"status-publish","4":"has-post-thumbnail","6":"countries-by","7":"countries-cu","8":"countries-ir","9":"countries-kp","10":"countries-ru","11":"countries-sy","12":"product_cat-autoipar-kozlekedes","13":"product_cat-epuletek","14":"product_cat-egeszseg-jolet","15":"product_cat-egyeb-iparagak","16":"product_cat-tarolo-eloszto-rendszerek","18":"first","19":"instock","20":"shipping-taxable","21":"purchasable","22":"product-type-simple"},"_links":{"self":[{"href":"https:\/\/climalife.com\/hu\/wp-json\/wp\/v2\/product\/208994","targetHints":{"allow":["GET"]}}],"collection":[{"href":"https:\/\/climalife.com\/hu\/wp-json\/wp\/v2\/product"}],"about":[{"href":"https:\/\/climalife.com\/hu\/wp-json\/wp\/v2\/types\/product"}],"replies":[{"embeddable":true,"href":"https:\/\/climalife.com\/hu\/wp-json\/wp\/v2\/comments?post=208994"}],"wp:featuredmedia":[{"embeddable":true,"href":"https:\/\/climalife.com\/hu\/wp-json\/wp\/v2\/media\/208996"}],"wp:attachment":[{"href":"https:\/\/climalife.com\/hu\/wp-json\/wp\/v2\/media?parent=208994"}],"wp:term":[{"taxonomy":"countries","embeddable":true,"href":"https:\/\/climalife.com\/hu\/wp-json\/wp\/v2\/countries?post=208994"},{"taxonomy":"product_brand","embeddable":true,"href":"https:\/\/climalife.com\/hu\/wp-json\/wp\/v2\/product_brand?post=208994"},{"taxonomy":"product_cat","embeddable":true,"href":"https:\/\/climalife.com\/hu\/wp-json\/wp\/v2\/product_cat?post=208994"},{"taxonomy":"product_tag","embeddable":true,"href":"https:\/\/climalife.com\/hu\/wp-json\/wp\/v2\/product_tag?post=208994"}],"curies":[{"name":"wp","href":"https:\/\/api.w.org\/{rel}","templated":true}]}}