{"id":209077,"date":"2023-09-13T13:13:00","date_gmt":"2023-09-13T13:13:00","guid":{"rendered":"https:\/\/climalife.com\/product\/nyomas-alatt-allo-berendezesek-idoszakos-karbantartasa\/"},"modified":"2026-01-29T13:41:35","modified_gmt":"2026-01-29T13:41:35","slug":"nyomas-alatt-allo-berendezesek-idoszakos-karbantartasa","status":"publish","type":"product","link":"https:\/\/climalife.com\/hu\/product\/nyomas-alatt-allo-berendezesek-idoszakos-karbantartasa\/","title":{"rendered":"Nyom\u00e1s alatt \u00e1ll\u00f3 berendez\u00e9sek id\u0151szakos karbantart\u00e1sa"},"content":{"rendered":"<p>Ipari szolg\u00e1ltat\u00e1si csapatunk t\u00e1mogatja \u00d6nt a hat\u00f3s\u00e1gi karbantart\u00e1si m\u0171veletek elv\u00e9gz\u00e9s\u00e9ben. Az al\u00e1bbi m\u0171veleteket elv\u00e9gezhes\u00e9hez technikusaink k\u00e9pes\u00edt\u00e9ssel \u00e9s tan\u00fas\u00edtv\u00e1nnyal rendelkeznek:<\/p>\n<ul>\n<li style=\"list-style-type: none;\">\n<ul>\n<li>Helysz\u00edni felm\u00e9r\u00e9s<\/li>\n<li>A cser\u00e9lend\u0151 berendez\u00e9sek (szelepek) k\u00f6z\u00f6s meghat\u00e1roz\u00e1sa<\/li>\n<li>Az anyagok megrendel\u00e9se<\/li>\n<li>PED ellen\u0151rz\u00e9si szolg\u00e1ltat\u00e1s megrendel\u00e9se (Apave, Veritas, TUV, &#8230;)<\/li>\n<li>Az \u00fajramin\u0151s\u00edtend\u0151 tart\u00e1lyban l\u00e9v\u0151 term\u00e9k visszanyer\u00e9se \u00e9s ki\u00fcr\u00edt\u00e9se (ideiglenes t\u00e1rol\u00e1s)<\/li>\n<li>T\u00e1rol\u00f3tart\u00e1ly megnyit\u00e1s \u00e9s bels\u0151 ellen\u0151rz\u00e9s<\/li>\n<li>V\u00edzzel val\u00f3 felt\u00f6lt\u00e9s \u00e9s nyom\u00e1spr\u00f3ba az el\u0151\u00edr\u00e1soknak megfelel\u0151en<\/li>\n<li>A berendez\u00e9sek ki\u00fcr\u00edt\u00e9se, sz\u00e1r\u00edt\u00e1sa, \u00fajb\u00f3li \u00f6sszeszerel\u00e9se<\/li>\n<li>Term\u00e9k \u00e1tt\u00f6lt\u00e9se<\/li>\n<li>A f\u00e1jlok, a vizsg\u00e1lati jegyz\u0151k\u00f6nyvek, a v\u00edzzel t\u00f6rt\u00e9n\u0151 nyom\u00e1spr\u00f3ba jegyz\u0151k\u00f6nyv\u00e9nek biztos\u00edt\u00e1sa.<\/li>\n<\/ul>\n","protected":false},"excerpt":{"rendered":"<p>A g\u00e1zt\u00e1rol\u00f3 l\u00e9tes\u00edtm\u00e9nyek szab\u00e1lyoz\u00e1si karbantart\u00e1si m\u0171veleteit k\u00edn\u00e1ljuk \u00fcgyfeleinknek, az\u00e1ltal, hogy minden k\u00e9szs\u00e9g\u00fcnket \u00e9s szak\u00e9rtelm\u00fcnket rendelkez\u00e9sre bocs\u00e1tjuk az enged\u00e9lyezett szerv \u00e1ltal v\u00e9gzett ellen\u0151rz\u00e9sekhez.<\/p>\n<p>A g\u00e1zt\u00e1rol\u00f3 l\u00e9tes\u00edtm\u00e9nyek hat\u00f3s\u00e1gi karbantart\u00e1sa a k\u00f6vetkez\u0151 pontokra terjed ki:<\/p>\n<p>A g\u00e1zt\u00e1rol\u00f3k 10 \u00e9venk\u00e9nti \u00e1tmin\u0151s\u00edt\u00e9se: A t\u00e1rol\u00f3t ki kell \u00fcr\u00edteni. Egy ellen\u0151rz\u0151 szervezetnek bels\u0151 ellen\u0151rz\u00e9st \u00e9s hidraulikai vizsg\u00e1latot kell v\u00e9geznie.<\/p>\n<p>A t\u00e1rol\u00f3 4 \u00e9venk\u00e9nti id\u0151szakos ellen\u0151rz\u00e9se: A t\u00e1rol\u00f3 ki\u00fcr\u00edt\u00e9se \u00e9s egy ellen\u0151rz\u0151 szerv \u00e1ltal v\u00e9gzett bels\u0151 ellen\u0151rz\u00e9s.<\/p>\n","protected":false},"featured_media":224909,"comment_status":"open","ping_status":"closed","template":"","meta":[],"countries":[4674,4709,4756,4813,4831,4862],"product_brand":[],"product_cat":[9976,9967,9994,13590],"product_tag":[],"class_list":{"0":"post-209077","1":"product","2":"type-product","3":"status-publish","4":"has-post-thumbnail","6":"countries-by","7":"countries-cu","8":"countries-ir","9":"countries-kp","10":"countries-ru","11":"countries-sy","12":"product_cat-autoipar-kozlekedes","13":"product_cat-egeszseg-jolet","14":"product_cat-egyeb-iparagak","15":"product_cat-karbantartas","17":"first","18":"instock","19":"shipping-taxable","20":"purchasable","21":"product-type-simple"},"_links":{"self":[{"href":"https:\/\/climalife.com\/hu\/wp-json\/wp\/v2\/product\/209077","targetHints":{"allow":["GET"]}}],"collection":[{"href":"https:\/\/climalife.com\/hu\/wp-json\/wp\/v2\/product"}],"about":[{"href":"https:\/\/climalife.com\/hu\/wp-json\/wp\/v2\/types\/product"}],"replies":[{"embeddable":true,"href":"https:\/\/climalife.com\/hu\/wp-json\/wp\/v2\/comments?post=209077"}],"wp:featuredmedia":[{"embeddable":true,"href":"https:\/\/climalife.com\/hu\/wp-json\/wp\/v2\/media\/224909"}],"wp:attachment":[{"href":"https:\/\/climalife.com\/hu\/wp-json\/wp\/v2\/media?parent=209077"}],"wp:term":[{"taxonomy":"countries","embeddable":true,"href":"https:\/\/climalife.com\/hu\/wp-json\/wp\/v2\/countries?post=209077"},{"taxonomy":"product_brand","embeddable":true,"href":"https:\/\/climalife.com\/hu\/wp-json\/wp\/v2\/product_brand?post=209077"},{"taxonomy":"product_cat","embeddable":true,"href":"https:\/\/climalife.com\/hu\/wp-json\/wp\/v2\/product_cat?post=209077"},{"taxonomy":"product_tag","embeddable":true,"href":"https:\/\/climalife.com\/hu\/wp-json\/wp\/v2\/product_tag?post=209077"}],"curies":[{"name":"wp","href":"https:\/\/api.w.org\/{rel}","templated":true}]}}