{"id":209109,"date":"2023-09-13T14:14:53","date_gmt":"2023-09-13T14:14:53","guid":{"rendered":"https:\/\/climalife.com\/product\/kozvetitokozek-visszanyerese-es-betoltese\/"},"modified":"2026-01-29T13:41:35","modified_gmt":"2026-01-29T13:41:35","slug":"kozvetitokozek-visszanyerese-es-betoltese","status":"publish","type":"product","link":"https:\/\/climalife.com\/hu\/product\/kozvetitokozek-visszanyerese-es-betoltese\/","title":{"rendered":"K\u00f6zvet\u00edt\u0151k\u00f6zeg visszanyer\u00e9se \u00e9s bet\u00f6lt\u00e9se"},"content":{"rendered":"<p>A k\u00f6zvet\u00edt\u0151k\u00f6zegeket minden olyan t\u00edpus\u00fa berendez\u00e9sb\u0151l vissza lehet nyerni, ami k\u00fcl\u00f6nleges kivitelez\u00e9st \u00e9s megfelel\u0151 eszk\u00f6z\u00f6ket ig\u00e9nyel (korl\u00e1tozott hozz\u00e1f\u00e9rhet\u0151s\u00e9g, magas szinten l\u00e9v\u0151 stb.).<\/p>\n<p>Minden t\u00edpus\u00fa k\u00f6zvet\u00edt\u0151k\u00f6zeggel kivitelezhet\u0151, ilyenek az MEG, az MPG, a s\u00f3oldat, az 1,3-prop\u00e1ndiol stb. alap\u00fa.<\/p>\n<p>Csapataink k\u00e9pesek beavatkozni a berendez\u00e9s t\u00e9rfogat\u00e1t\u00f3l f\u00fcggetlen\u00fcl, az IBC-t\u0151l a tart\u00e1lyaut\u00f3s kiszerel\u00e9sig.<\/p>\n","protected":false},"excerpt":{"rendered":"<p>K\u00fcl\u00f6nleges berendez\u00e9sek le\u00fcr\u00edt\u00e9se: Ez a szolg\u00e1ltat\u00e1s szakk\u00e9pzett szem\u00e9lyzet \u00e9s tan\u00fas\u00edtott berendez\u00e9sek k\u00f6zrem\u0171k\u00f6d\u00e9s\u00e9t ig\u00e9nyli, \u00e9s mag\u00e1ban foglalja a visszanyert k\u00f6zvet\u00edt\u0151k\u00f6zegek nyomon k\u00f6vethet\u0151s\u00e9g\u00e9t.<\/p>\n","protected":false},"featured_media":209110,"comment_status":"open","ping_status":"closed","template":"","meta":[],"countries":[4674,4709,4756,4813,4831,4862],"product_brand":[],"product_cat":[9994,9940,9949,13096,13583,13130,13061],"product_tag":[],"class_list":{"0":"post-209109","1":"product","2":"type-product","3":"status-publish","4":"has-post-thumbnail","6":"countries-by","7":"countries-cu","8":"countries-ir","9":"countries-kp","10":"countries-ru","11":"countries-sy","12":"product_cat-egyeb-iparagak","13":"product_cat-elelmiszeripar","14":"product_cat-epuletek","15":"product_cat-futes","16":"product_cat-helyszini-beavatkozasok","17":"product_cat-hutestechnika","18":"product_cat-legkondicionalas","20":"first","21":"instock","22":"shipping-taxable","23":"purchasable","24":"product-type-simple"},"_links":{"self":[{"href":"https:\/\/climalife.com\/hu\/wp-json\/wp\/v2\/product\/209109","targetHints":{"allow":["GET"]}}],"collection":[{"href":"https:\/\/climalife.com\/hu\/wp-json\/wp\/v2\/product"}],"about":[{"href":"https:\/\/climalife.com\/hu\/wp-json\/wp\/v2\/types\/product"}],"replies":[{"embeddable":true,"href":"https:\/\/climalife.com\/hu\/wp-json\/wp\/v2\/comments?post=209109"}],"wp:featuredmedia":[{"embeddable":true,"href":"https:\/\/climalife.com\/hu\/wp-json\/wp\/v2\/media\/209110"}],"wp:attachment":[{"href":"https:\/\/climalife.com\/hu\/wp-json\/wp\/v2\/media?parent=209109"}],"wp:term":[{"taxonomy":"countries","embeddable":true,"href":"https:\/\/climalife.com\/hu\/wp-json\/wp\/v2\/countries?post=209109"},{"taxonomy":"product_brand","embeddable":true,"href":"https:\/\/climalife.com\/hu\/wp-json\/wp\/v2\/product_brand?post=209109"},{"taxonomy":"product_cat","embeddable":true,"href":"https:\/\/climalife.com\/hu\/wp-json\/wp\/v2\/product_cat?post=209109"},{"taxonomy":"product_tag","embeddable":true,"href":"https:\/\/climalife.com\/hu\/wp-json\/wp\/v2\/product_tag?post=209109"}],"curies":[{"name":"wp","href":"https:\/\/api.w.org\/{rel}","templated":true}]}}