{"id":209147,"date":"2023-09-13T14:54:36","date_gmt":"2023-09-13T14:54:36","guid":{"rendered":"https:\/\/climalife.com\/product\/megelozo-karbantartas\/"},"modified":"2026-01-29T13:41:35","modified_gmt":"2026-01-29T13:41:35","slug":"megelozo-karbantartas","status":"publish","type":"product","link":"https:\/\/climalife.com\/hu\/product\/megelozo-karbantartas\/","title":{"rendered":"Megel\u0151z\u0151 karbantart\u00e1s"},"content":{"rendered":"<p>A javasolt karbantart\u00e1si m\u0171veletek a k\u00f6vetkez\u0151k:<\/p>\n<ul>\n<li>Sziv\u00e1rg\u00e1svizsg\u00e1lat (F-g\u00e1z)<\/li>\n<li>Funkcion\u00e1lis tesztek<\/li>\n<li>A biztons\u00e1gi hurkok teljes k\u00f6r\u0171 ellen\u0151rz\u00e9se<\/li>\n<li>Elektromos doboz\/automatika ellen\u0151rz\u00e9se<\/li>\n<li>A berendez\u00e9s tiszt\u00edt\u00e1sa<\/li>\n<li>Szivatty\u00fa sz\u00e9tszerel\u00e9se\/\u00fajramont\u00edroz\u00e1sa<\/li>\n<li>Elemek cser\u00e9je<\/li>\n<li>Az \u00e9rz\u00e9kel\u0151k kalibr\u00e1l\u00e1sa<\/li>\n<li>Szivatty\u00fak, t\u00falfoly\u00f3szelepek be\u00e1ll\u00edt\u00e1sa&#8230;<\/li>\n<li>Az ESP-ir\u00e1nyelv hat\u00e1lya al\u00e1 tartoz\u00f3 t\u00e1rol\u00f3 l\u00e9tes\u00edtm\u00e9nyek vagy berendez\u00e9sek vizsg\u00e1lati id\u0151pontjainak ellen\u0151rz\u00e9se.<\/li>\n<li>G\u00e1zt\u00f6m\u00f6rs\u00e9gi vizsg\u00e1latok<\/li>\n<li>A pneumatikus alkatr\u00e9szek \u00e1ltal\u00e1nos \u00e1llapot\u00e1nak ellen\u0151rz\u00e9se<\/li>\n<li>Karbantart\u00e1si jegyz\u0151k\u00f6nyv k\u00e9sz\u00edt\u00e9se<\/li>\n<\/ul>\n","protected":false},"excerpt":{"rendered":"<p>A rendszeres karbantart\u00e1s seg\u00edt megel\u0151zni a termel\u00e9si le\u00e1ll\u00e1sokat, \u00e9s biztos\u00edtja az \u00fczem megfelel\u0151 m\u0171k\u00f6d\u00e9s\u00e9t, ez\u00e1ltal optimaliz\u00e1lva az energiahat\u00e9konys\u00e1got. A megel\u0151z\u0151 karbantart\u00e1si m\u0171veletek m\u0171szaki vagy ergon\u00f3miai fejleszt\u00e9seket is javasolhatnak. M\u0171szaki csapatunk rendelkezik a helysz\u00edni munkav\u00e9gz\u00e9shez sz\u00fcks\u00e9ges \u00f6sszes tan\u00fas\u00edtv\u00e1nnyal \u00e9s enged\u00e9llyel (F-G\u00e1z tan\u00fas\u00edtv\u00e1ny, elektromos enged\u00e9ly, CACES, DESP stb.). <\/p>\n","protected":false},"featured_media":209148,"comment_status":"open","ping_status":"closed","template":"","meta":[],"countries":[4674,4709,4756,4813,4831,4862],"product_brand":[],"product_cat":[9987,9976,9949,9940,9967,13070,13105,9760,13130,13590],"product_tag":[13915],"class_list":{"0":"post-209147","1":"product","2":"type-product","3":"status-publish","4":"has-post-thumbnail","6":"countries-by","7":"countries-cu","8":"countries-ir","9":"countries-kp","10":"countries-ru","11":"countries-sy","12":"product_cat-repulestechnika-urhajozas-vedelem","13":"product_cat-autoipar-kozlekedes","14":"product_cat-epuletek","15":"product_cat-elelmiszeripar","16":"product_cat-egeszseg-jolet","17":"product_cat-dielektromos-sf6","18":"product_cat-szigeteles","19":"product_cat-hajtogazok","20":"product_cat-hutestechnika","21":"product_cat-karbantartas","22":"product_tag-nyomastarto-berendezesek-karbantartasa","24":"first","25":"instock","26":"shipping-taxable","27":"purchasable","28":"product-type-simple"},"_links":{"self":[{"href":"https:\/\/climalife.com\/hu\/wp-json\/wp\/v2\/product\/209147","targetHints":{"allow":["GET"]}}],"collection":[{"href":"https:\/\/climalife.com\/hu\/wp-json\/wp\/v2\/product"}],"about":[{"href":"https:\/\/climalife.com\/hu\/wp-json\/wp\/v2\/types\/product"}],"replies":[{"embeddable":true,"href":"https:\/\/climalife.com\/hu\/wp-json\/wp\/v2\/comments?post=209147"}],"wp:featuredmedia":[{"embeddable":true,"href":"https:\/\/climalife.com\/hu\/wp-json\/wp\/v2\/media\/209148"}],"wp:attachment":[{"href":"https:\/\/climalife.com\/hu\/wp-json\/wp\/v2\/media?parent=209147"}],"wp:term":[{"taxonomy":"countries","embeddable":true,"href":"https:\/\/climalife.com\/hu\/wp-json\/wp\/v2\/countries?post=209147"},{"taxonomy":"product_brand","embeddable":true,"href":"https:\/\/climalife.com\/hu\/wp-json\/wp\/v2\/product_brand?post=209147"},{"taxonomy":"product_cat","embeddable":true,"href":"https:\/\/climalife.com\/hu\/wp-json\/wp\/v2\/product_cat?post=209147"},{"taxonomy":"product_tag","embeddable":true,"href":"https:\/\/climalife.com\/hu\/wp-json\/wp\/v2\/product_tag?post=209147"}],"curies":[{"name":"wp","href":"https:\/\/api.w.org\/{rel}","templated":true}]}}