{"id":209203,"date":"2023-09-14T07:06:35","date_gmt":"2023-09-14T07:06:35","guid":{"rendered":"https:\/\/climalife.com\/product\/sf6-berendezesek-kezelese\/"},"modified":"2026-01-29T13:41:35","modified_gmt":"2026-01-29T13:41:35","slug":"sf6-berendezesek-kezelese","status":"publish","type":"product","link":"https:\/\/climalife.com\/hu\/product\/sf6-berendezesek-kezelese\/","title":{"rendered":"SF6 berendez\u00e9sek kezel\u00e9se"},"content":{"rendered":"<p>Az SF<sub>6<\/sub> rendszerekb\u0151l t\u00f6rt\u00e9n\u0151 visszanyer\u00e9s\u00e9re k\u00e9pzett szak\u00e9rt\u0151i csapatunk helysz\u00edni lefejt\u00e9st k\u00edn\u00e1l. A g\u00e1zokt\u00f3l mentes\u00edtett berendez\u00e9seket ezut\u00e1n megsemmis\u00edt\u00e9sre elk\u00fcldik az ilyen t\u00edpus\u00fa berendez\u00e9sek \u00fajrahasznos\u00edt\u00e1s\u00e1ra \u00e9s megsemmis\u00edt\u00e9s\u00e9re szakosodott szolg\u00e1ltat\u00f3khoz.<\/p>\n","protected":false},"excerpt":{"rendered":"<p>A szennyezett SF<sub>6<\/sub> teljes visszanyer\u00e9se \u00e9rdek\u00e9ben a Climalife seg\u00edt az \u00e9lettartamuk v\u00e9g\u00e9re \u00e9rt elektromos berendez\u00e9sek, mint a nagyfesz\u00fclts\u00e9g\u0171 cell\u00e1k, r\u00f6gz\u00edtett kapcsol\u00f3szekr\u00e9nyek, kapcsol\u00f3izz\u00f3k, dugaszolhat\u00f3 cell\u00e1k, megszak\u00edt\u00f3k stb. kezel\u00e9s\u00e9ben.<\/p>\n","protected":false},"featured_media":209204,"comment_status":"open","ping_status":"closed","template":"","meta":[],"countries":[4674,4709,4756,4813,4831,4862],"product_brand":[],"product_cat":[9958,13070,13078,13650],"product_tag":[],"class_list":{"0":"post-209203","1":"product","2":"type-product","3":"status-publish","4":"has-post-thumbnail","6":"countries-by","7":"countries-cu","8":"countries-ir","9":"countries-kp","10":"countries-ru","11":"countries-sy","12":"product_cat-energia","13":"product_cat-dielektromos-sf6","14":"product_cat-szetszereles-megsemmisites","15":"product_cat-megsemmisites-lebontas","17":"first","18":"instock","19":"shipping-taxable","20":"purchasable","21":"product-type-simple"},"_links":{"self":[{"href":"https:\/\/climalife.com\/hu\/wp-json\/wp\/v2\/product\/209203","targetHints":{"allow":["GET"]}}],"collection":[{"href":"https:\/\/climalife.com\/hu\/wp-json\/wp\/v2\/product"}],"about":[{"href":"https:\/\/climalife.com\/hu\/wp-json\/wp\/v2\/types\/product"}],"replies":[{"embeddable":true,"href":"https:\/\/climalife.com\/hu\/wp-json\/wp\/v2\/comments?post=209203"}],"wp:featuredmedia":[{"embeddable":true,"href":"https:\/\/climalife.com\/hu\/wp-json\/wp\/v2\/media\/209204"}],"wp:attachment":[{"href":"https:\/\/climalife.com\/hu\/wp-json\/wp\/v2\/media?parent=209203"}],"wp:term":[{"taxonomy":"countries","embeddable":true,"href":"https:\/\/climalife.com\/hu\/wp-json\/wp\/v2\/countries?post=209203"},{"taxonomy":"product_brand","embeddable":true,"href":"https:\/\/climalife.com\/hu\/wp-json\/wp\/v2\/product_brand?post=209203"},{"taxonomy":"product_cat","embeddable":true,"href":"https:\/\/climalife.com\/hu\/wp-json\/wp\/v2\/product_cat?post=209203"},{"taxonomy":"product_tag","embeddable":true,"href":"https:\/\/climalife.com\/hu\/wp-json\/wp\/v2\/product_tag?post=209203"}],"curies":[{"name":"wp","href":"https:\/\/api.w.org\/{rel}","templated":true}]}}