{"id":209222,"date":"2023-09-14T07:29:09","date_gmt":"2023-09-14T07:29:09","guid":{"rendered":"https:\/\/climalife.com\/product\/sf6-regeneralas\/"},"modified":"2026-01-29T13:41:34","modified_gmt":"2026-01-29T13:41:34","slug":"sf6-regeneralas","status":"publish","type":"product","link":"https:\/\/climalife.com\/hu\/product\/sf6-regeneralas\/","title":{"rendered":"SF6 regener\u00e1l\u00e1s"},"content":{"rendered":"<p>Egyedi lefejt\u0151palackok rendelkez\u00e9sre bocs\u00e1t\u00e1sa, \u00e9s az SF<sub>6<\/sub> regener\u00e1l\u00e1sa a laborvizsg\u00e1lat eredm\u00e9ny\u00e9t\u0151l f\u00fcgg\u0151en. Lefejt\u0151berendez\u00e9sek b\u00e9rbead\u00e1s\u00e1t \u00e9s helysz\u00edni szolg\u00e1ltat\u00e1sokat is k\u00edn\u00e1lunk.<\/p>\n","protected":false},"excerpt":{"rendered":"<p>A haszn\u00e1lt SF<sub>6<\/sub> regener\u00e1l\u00e1sa a visszanyert term\u00e9k anal\u00edzise ut\u00e1n.<\/p>\n","protected":false},"featured_media":209224,"comment_status":"open","ping_status":"closed","template":"","meta":[],"countries":[4674,4709,4756,4813,4831,4862],"product_brand":[],"product_cat":[9958,9994,13070,13078,13568],"product_tag":[],"class_list":{"0":"post-209222","1":"product","2":"type-product","3":"status-publish","4":"has-post-thumbnail","6":"countries-by","7":"countries-cu","8":"countries-ir","9":"countries-kp","10":"countries-ru","11":"countries-sy","12":"product_cat-energia","13":"product_cat-egyeb-iparagak","14":"product_cat-dielektromos-sf6","15":"product_cat-szetszereles-megsemmisites","16":"product_cat-visszanyeres-es-regeneralas","18":"first","19":"instock","20":"shipping-taxable","21":"purchasable","22":"product-type-simple"},"_links":{"self":[{"href":"https:\/\/climalife.com\/hu\/wp-json\/wp\/v2\/product\/209222","targetHints":{"allow":["GET"]}}],"collection":[{"href":"https:\/\/climalife.com\/hu\/wp-json\/wp\/v2\/product"}],"about":[{"href":"https:\/\/climalife.com\/hu\/wp-json\/wp\/v2\/types\/product"}],"replies":[{"embeddable":true,"href":"https:\/\/climalife.com\/hu\/wp-json\/wp\/v2\/comments?post=209222"}],"wp:featuredmedia":[{"embeddable":true,"href":"https:\/\/climalife.com\/hu\/wp-json\/wp\/v2\/media\/209224"}],"wp:attachment":[{"href":"https:\/\/climalife.com\/hu\/wp-json\/wp\/v2\/media?parent=209222"}],"wp:term":[{"taxonomy":"countries","embeddable":true,"href":"https:\/\/climalife.com\/hu\/wp-json\/wp\/v2\/countries?post=209222"},{"taxonomy":"product_brand","embeddable":true,"href":"https:\/\/climalife.com\/hu\/wp-json\/wp\/v2\/product_brand?post=209222"},{"taxonomy":"product_cat","embeddable":true,"href":"https:\/\/climalife.com\/hu\/wp-json\/wp\/v2\/product_cat?post=209222"},{"taxonomy":"product_tag","embeddable":true,"href":"https:\/\/climalife.com\/hu\/wp-json\/wp\/v2\/product_tag?post=209222"}],"curies":[{"name":"wp","href":"https:\/\/api.w.org\/{rel}","templated":true}]}}