{"id":209247,"date":"2023-09-14T07:54:21","date_gmt":"2023-09-14T07:54:21","guid":{"rendered":"https:\/\/climalife.com\/product\/sf6-palackok-megujito-nyomasprobaztatasa\/"},"modified":"2026-01-29T13:41:34","modified_gmt":"2026-01-29T13:41:34","slug":"sf6-palackok-megujito-nyomasprobaztatasa","status":"publish","type":"product","link":"https:\/\/climalife.com\/hu\/product\/sf6-palackok-megujito-nyomasprobaztatasa\/","title":{"rendered":"SF6 palackok meg\u00faj\u00edt\u00f3 nyom\u00e1spr\u00f3b\u00e1ztat\u00e1sa"},"content":{"rendered":"<p>Szennyezett SF6 tartalm\u00fa palackokat 10 vagy 5 \u00e9vente meg\u00faj\u00edt\u00f3 nyom\u00e1spr\u00f3b\u00e1nak kell al\u00e1vetni. A Climalife jogosult a l\u00f3fejjel (francia szab\u00e1lyoz\u00e1s) \u00e9s a TT (pi) jel\u00f6l\u00e9ssel (eur\u00f3pai szab\u00e1lyoz\u00e1s) ell\u00e1tott palackok \u00fajb\u00f3li vizsgztat\u00e1s\u00e1ra.<br \/>\nK\u00edn\u00e1lt szolg\u00e1ltat\u00e1sok: inertiz\u00e1l\u00e1s, a palack tiszt\u00edt\u00e1sa \u00e9s v\u00e1kkumol\u00e1sa, fest\u00e9s, jel\u00f6l\u00e9s, szelepcsere, a palack megsemmis\u00edt\u00e9se az \u00e9lettartam v\u00e9g\u00e9n.<\/p>\n","protected":false},"excerpt":{"rendered":"<p>Minden palackot rendszeres id\u0151k\u00f6z\u00f6nk\u00e9nt \u00fajra kell nyom\u00e1spr\u00f3b\u00e1ztatni, hogy ellen\u00e1ll\u00f3 k\u00e9pess\u00e9g\u00e9t \u00e9s SF<sub>6<\/sub> visszatart\u00f3 k\u00e9pess\u00e9g\u00e9t tesztelj\u00e9k.<\/p>\n","protected":false},"featured_media":209255,"comment_status":"open","ping_status":"closed","template":"","meta":[],"countries":[4674,4709,4756,4813,4831,4862],"product_brand":[],"product_cat":[9958,13070,13576],"product_tag":[],"class_list":{"0":"post-209247","1":"product","2":"type-product","3":"status-publish","4":"has-post-thumbnail","6":"countries-by","7":"countries-cu","8":"countries-ir","9":"countries-kp","10":"countries-ru","11":"countries-sy","12":"product_cat-energia","13":"product_cat-dielektromos-sf6","14":"product_cat-palack-es-tartaly-management","16":"first","17":"instock","18":"shipping-taxable","19":"purchasable","20":"product-type-simple"},"_links":{"self":[{"href":"https:\/\/climalife.com\/hu\/wp-json\/wp\/v2\/product\/209247","targetHints":{"allow":["GET"]}}],"collection":[{"href":"https:\/\/climalife.com\/hu\/wp-json\/wp\/v2\/product"}],"about":[{"href":"https:\/\/climalife.com\/hu\/wp-json\/wp\/v2\/types\/product"}],"replies":[{"embeddable":true,"href":"https:\/\/climalife.com\/hu\/wp-json\/wp\/v2\/comments?post=209247"}],"wp:featuredmedia":[{"embeddable":true,"href":"https:\/\/climalife.com\/hu\/wp-json\/wp\/v2\/media\/209255"}],"wp:attachment":[{"href":"https:\/\/climalife.com\/hu\/wp-json\/wp\/v2\/media?parent=209247"}],"wp:term":[{"taxonomy":"countries","embeddable":true,"href":"https:\/\/climalife.com\/hu\/wp-json\/wp\/v2\/countries?post=209247"},{"taxonomy":"product_brand","embeddable":true,"href":"https:\/\/climalife.com\/hu\/wp-json\/wp\/v2\/product_brand?post=209247"},{"taxonomy":"product_cat","embeddable":true,"href":"https:\/\/climalife.com\/hu\/wp-json\/wp\/v2\/product_cat?post=209247"},{"taxonomy":"product_tag","embeddable":true,"href":"https:\/\/climalife.com\/hu\/wp-json\/wp\/v2\/product_tag?post=209247"}],"curies":[{"name":"wp","href":"https:\/\/api.w.org\/{rel}","templated":true}]}}