{"id":210727,"date":"2023-09-25T12:30:47","date_gmt":"2023-09-25T12:30:47","guid":{"rendered":"https:\/\/climalife.com\/?post_type=product&#038;p=210727"},"modified":"2025-08-11T13:06:19","modified_gmt":"2025-08-11T13:06:19","slug":"glaciar-midi","status":"publish","type":"product","link":"https:\/\/climalife.com\/hu\/product\/glaciar-midi\/","title":{"rendered":"GLACI\u00c4R MIDI telep\u00edtett sziv\u00e1rg\u00e1s\u00e9rz\u00e9kel\u0151"},"content":{"rendered":"<p>A SAMON<strong> GLACI\u00c4R MIDI<\/strong> helyis\u00e9gvez\u00e9rl\u0151 k\u00e9t v\u00e1ltozatban kaphat\u00f3, 1 integr\u00e1lt \u00e9rz\u00e9kel\u0151vel \u00e9s 1 t\u00e1v\u00e9rz\u00e9kel\u0151vel.<\/p>\n<p>Ez egy 2 riaszt\u00e1si szinttel rendelkez\u0151 szond\u00e1val felszerelt \u00e9rz\u00e9kel\u0151-ad\u00f3, amely ak\u00e1r \u00f6n\u00e1ll\u00f3 \u00e9rz\u00e9kel\u0151k\u00e9nt is haszn\u00e1lhat\u00f3, ak\u00e1r Modbus-kapcsolaton kereszt\u00fcl egy vez\u00e9rl\u0151rendszerhez (pl. GTC) csatlakoztathat\u00f3.<\/p>\n<p>Rendelkezik 2 rel\u00e9kimenettel a magas \u00e9s alacsony riaszt\u00e1si szintekhez, valamint egy anal\u00f3g kimenettel, amely k\u00fcls\u0151 biztons\u00e1gi berendez\u00e9seket, p\u00e9ld\u00e1ul szelepeket, ventil\u00e1torokat \u00e9s\/vagy \u00e1ltal\u00e1nos riaszt\u00e1sokat aktiv\u00e1lhat.<\/p>\n<p>A h\u0171t\u0151k\u00f6zegt\u0151l f\u00fcgg\u0151en 5 t\u00edpus\u00fa \u00e9rz\u00e9kel\u0151 \u00e1ll rendelkez\u00e9sre:<\/p>\n<p><strong>GLACI\u00c4R MIDI<\/strong> 1. csoport (\u00e9rz\u00e9kel\u00e9si tartom\u00e1ny 0-1000 ppm): R-32, R407A, R-407C, R-407F, R-410A, R-448A, R-449A, R-452A, R-452B, R-454A, R-454B, R-454C, R-455A, R-507A.<\/p>\n<p><strong>GLACI\u00c4R MIDI<\/strong> 2. csoport (\u00e9rz\u00e9kel\u00e9si tartom\u00e1ny 0-1000 ppm): R-1233zd, R-1234yf, R-1234ze, R-134a, R-22, R-404A, R-450A, R-513A.<\/p>\n<p><strong>GLACI\u00c4R MIDI<\/strong> 3. csoport (HC &#8211; \u00e9rz\u00e9kel\u00e9si tartom\u00e1ny 0-4000 ppm): R-290, R-600a, R1270<\/p>\n<p><strong>GLACI\u00c4R MIDI<\/strong> CO2 (\u00e9rz\u00e9kel\u00e9si tartom\u00e1ny 0-10000 ppm): R-744<\/p>\n<p><strong>GLACI\u00c4R MIDI<\/strong> NH3 (\u00e9rz\u00e9kel\u00e9si tartom\u00e1ny 0-100 \/ 0-1000 \/ 0-5000 ppm): R-717<\/p>\n","protected":false},"excerpt":{"rendered":"<p>A<strong>GLACI<\/strong><strong>\u00c4<\/strong><strong>R MIDI <\/strong>helyis\u00e9gvez\u00e9rl\u0151 egy telep\u00edtett h\u0171t\u0151k\u00f6zeg-sziv\u00e1rg\u00e1s\u00e9rz\u00e9kel\u0151 minden l\u00e9gkondicion\u00e1l\u00f3 \u00e9s h\u0171t\u0151berendez\u00e9shez.<\/p>\n","protected":false},"featured_media":210635,"comment_status":"open","ping_status":"closed","template":"","meta":[],"countries":[4674,4709,4756,4813,4831,4862],"product_brand":[],"product_cat":[9949,9940,13061,13130,9265],"product_tag":[],"class_list":{"0":"post-210727","1":"product","2":"type-product","3":"status-publish","4":"has-post-thumbnail","6":"countries-by","7":"countries-cu","8":"countries-ir","9":"countries-kp","10":"countries-ru","11":"countries-sy","12":"product_cat-epuletek","13":"product_cat-elelmiszeripar","14":"product_cat-legkondicionalas","15":"product_cat-hutestechnika","16":"product_cat-telepitett","18":"first","19":"instock","20":"shipping-taxable","21":"purchasable","22":"product-type-variable"},"_links":{"self":[{"href":"https:\/\/climalife.com\/hu\/wp-json\/wp\/v2\/product\/210727","targetHints":{"allow":["GET"]}}],"collection":[{"href":"https:\/\/climalife.com\/hu\/wp-json\/wp\/v2\/product"}],"about":[{"href":"https:\/\/climalife.com\/hu\/wp-json\/wp\/v2\/types\/product"}],"replies":[{"embeddable":true,"href":"https:\/\/climalife.com\/hu\/wp-json\/wp\/v2\/comments?post=210727"}],"wp:featuredmedia":[{"embeddable":true,"href":"https:\/\/climalife.com\/hu\/wp-json\/wp\/v2\/media\/210635"}],"wp:attachment":[{"href":"https:\/\/climalife.com\/hu\/wp-json\/wp\/v2\/media?parent=210727"}],"wp:term":[{"taxonomy":"countries","embeddable":true,"href":"https:\/\/climalife.com\/hu\/wp-json\/wp\/v2\/countries?post=210727"},{"taxonomy":"product_brand","embeddable":true,"href":"https:\/\/climalife.com\/hu\/wp-json\/wp\/v2\/product_brand?post=210727"},{"taxonomy":"product_cat","embeddable":true,"href":"https:\/\/climalife.com\/hu\/wp-json\/wp\/v2\/product_cat?post=210727"},{"taxonomy":"product_tag","embeddable":true,"href":"https:\/\/climalife.com\/hu\/wp-json\/wp\/v2\/product_tag?post=210727"}],"curies":[{"name":"wp","href":"https:\/\/api.w.org\/{rel}","templated":true}]}}