{"id":211155,"date":"2023-09-25T13:21:57","date_gmt":"2023-09-25T13:21:57","guid":{"rendered":"https:\/\/climalife.com\/product\/mvr-300-erzekelo\/"},"modified":"2025-08-11T11:20:58","modified_gmt":"2025-08-11T11:20:58","slug":"mvr-300-erzekelo","status":"publish","type":"product","link":"https:\/\/climalife.com\/hu\/product\/mvr-300-erzekelo\/","title":{"rendered":"MVR-300 \u00e9rz\u00e9kel\u0151"},"content":{"rendered":"<p>A karbantart\u00e1s megk\u00f6nny\u00edt\u00e9se \u00e9rdek\u00e9ben a helysz\u00ednen a r\u00e9gi \u00e9rz\u00e9kel\u0151t kicser\u00e9lheti egy el\u0151re bekalibr\u00e1lt \u00e9rz\u00e9kel\u0151re.<\/p>\n","protected":false},"excerpt":{"rendered":"<p>Csere\u00e9rz\u00e9kel\u0151 az MVR-300 telep\u00edtett sziv\u00e1rg\u00e1sellen\u0151rz\u0151h\u00f6z.<\/p>\n","protected":false},"featured_media":211156,"comment_status":"open","ping_status":"closed","template":"","meta":[],"countries":[4674,4709,4756,4813,4831,4862],"product_brand":[],"product_cat":[9949,13061,9265],"product_tag":[],"class_list":{"0":"post-211155","1":"product","2":"type-product","3":"status-publish","4":"has-post-thumbnail","6":"countries-by","7":"countries-cu","8":"countries-ir","9":"countries-kp","10":"countries-ru","11":"countries-sy","12":"product_cat-epuletek","13":"product_cat-legkondicionalas","14":"product_cat-telepitett","16":"first","17":"instock","18":"shipping-taxable","19":"purchasable","20":"product-type-variable"},"_links":{"self":[{"href":"https:\/\/climalife.com\/hu\/wp-json\/wp\/v2\/product\/211155","targetHints":{"allow":["GET"]}}],"collection":[{"href":"https:\/\/climalife.com\/hu\/wp-json\/wp\/v2\/product"}],"about":[{"href":"https:\/\/climalife.com\/hu\/wp-json\/wp\/v2\/types\/product"}],"replies":[{"embeddable":true,"href":"https:\/\/climalife.com\/hu\/wp-json\/wp\/v2\/comments?post=211155"}],"wp:featuredmedia":[{"embeddable":true,"href":"https:\/\/climalife.com\/hu\/wp-json\/wp\/v2\/media\/211156"}],"wp:attachment":[{"href":"https:\/\/climalife.com\/hu\/wp-json\/wp\/v2\/media?parent=211155"}],"wp:term":[{"taxonomy":"countries","embeddable":true,"href":"https:\/\/climalife.com\/hu\/wp-json\/wp\/v2\/countries?post=211155"},{"taxonomy":"product_brand","embeddable":true,"href":"https:\/\/climalife.com\/hu\/wp-json\/wp\/v2\/product_brand?post=211155"},{"taxonomy":"product_cat","embeddable":true,"href":"https:\/\/climalife.com\/hu\/wp-json\/wp\/v2\/product_cat?post=211155"},{"taxonomy":"product_tag","embeddable":true,"href":"https:\/\/climalife.com\/hu\/wp-json\/wp\/v2\/product_tag?post=211155"}],"curies":[{"name":"wp","href":"https:\/\/api.w.org\/{rel}","templated":true}]}}