{"id":213267,"date":"2023-12-04T10:10:20","date_gmt":"2023-12-04T10:10:20","guid":{"rendered":"https:\/\/climalife.com\/product\/rmv-hfc-telepitett-szivargasellenorzo\/"},"modified":"2026-01-29T13:41:34","modified_gmt":"2026-01-29T13:41:34","slug":"rmv-hfc-telepitett-szivargasellenorzo","status":"publish","type":"product","link":"https:\/\/climalife.com\/hu\/product\/rmv-hfc-telepitett-szivargasellenorzo\/","title":{"rendered":"RMV-HFC telep\u00edtett sziv\u00e1rg\u00e1sellen\u0151rz\u0151"},"content":{"rendered":"<p>\u00dagy tervezt\u00e9k, hogy folyamatos, rendk\u00edv\u00fcl hat\u00e9kony fel\u00fcgyeletet biztos\u00edtson sz\u00e1mos tipikus alkalmaz\u00e1sban, p\u00e9ld\u00e1ul sz\u00e1llod\u00e1kban, irod\u00e1kban \u00e9s lak\u00f3\u00e9p\u00fcletekben. A maxim\u00e1lis diszkr\u00e9ci\u00f3 \u00e9rdek\u00e9ben falra szerelhet\u0151 dobozba szerelhet\u0151.<\/p>\n<p>3 riaszt\u00e1si szinttel rendelkezik:<\/p>\n<ul>\n<li style=\"list-style-type: none;\">\n<ul>\n<li>1. szint: ha a koncentr\u00e1ci\u00f3 1000 \u00e9s 4000 ppm k\u00f6z\u00f6tt van 30 percn\u00e9l r\u00f6videbb ideig: nincs hangjelz\u00e9s, de a piros LED pulz\u00e1l.<\/li>\n<li>2. szint: ha a koncentr\u00e1ci\u00f3 1000 \u00e9s 4000 ppm k\u00f6z\u00f6tt van 30 percn\u00e9l hosszabb ideig: 2 hangjelz\u00e9s\/perc \u00e9s a piros LED pulz\u00e1l.<\/li>\n<li>3. szint: ha a koncentr\u00e1ci\u00f3 legal\u00e1bb 30 m\u00e1sodpercen kereszt\u00fcl meghaladja a 4000 ppm-et: 4 hangjelz\u00e9s\/perc \u00e9s a piros LED pulz\u00e1l.<\/li>\n<\/ul>\n<\/li>\n<\/ul>\n<p>A hangjelz\u00e9s \u00e9s a vizu\u00e1lis riaszt\u00e1s egyidej\u0171leg kommunik\u00e1l a telephelyi fel\u00fcgyeleti rendszerekkel egy egyp\u00f3lus\u00fa, dupla soros (SPDT) riaszt\u00e1si rel\u00e9n \u00e9s egy k\u00f6z\u00f6s rel\u00e9vel ell\u00e1tott kimeneten kereszt\u00fcl.<\/p>\n","protected":false},"excerpt":{"rendered":"<p><span class=\"ui-provider a b c d e f g h i j k l m n o p q r s t u v w x y z ab ac ae af ag ah ai aj ak\" dir=\"ltr\">Az SAMON RMV-HFC egy h\u0171t\u0151k\u00f6zeg-sziv\u00e1rg\u00e1s\u00e9rz\u00e9kel\u0151, amelyet nagy t\u00f6ltet\u0171 h\u0171t\u0151- \u00e9s kl\u00edmaberendez\u00e9sekn\u00e9l, p\u00e9ld\u00e1ul VRF\/VRV-kn\u00e9l haszn\u00e1lhat\u00f3.<\/span><\/p>\n","protected":false},"featured_media":213270,"comment_status":"open","ping_status":"closed","template":"","meta":[],"countries":[4674,4709,4756,4813,4831,4862],"product_brand":[],"product_cat":[9949,13061,13130,9265],"product_tag":[],"class_list":{"0":"post-213267","1":"product","2":"type-product","3":"status-publish","4":"has-post-thumbnail","6":"countries-by","7":"countries-cu","8":"countries-ir","9":"countries-kp","10":"countries-ru","11":"countries-sy","12":"product_cat-epuletek","13":"product_cat-legkondicionalas","14":"product_cat-hutestechnika","15":"product_cat-telepitett","17":"first","18":"instock","19":"shipping-taxable","20":"purchasable","21":"product-type-simple"},"_links":{"self":[{"href":"https:\/\/climalife.com\/hu\/wp-json\/wp\/v2\/product\/213267","targetHints":{"allow":["GET"]}}],"collection":[{"href":"https:\/\/climalife.com\/hu\/wp-json\/wp\/v2\/product"}],"about":[{"href":"https:\/\/climalife.com\/hu\/wp-json\/wp\/v2\/types\/product"}],"replies":[{"embeddable":true,"href":"https:\/\/climalife.com\/hu\/wp-json\/wp\/v2\/comments?post=213267"}],"wp:featuredmedia":[{"embeddable":true,"href":"https:\/\/climalife.com\/hu\/wp-json\/wp\/v2\/media\/213270"}],"wp:attachment":[{"href":"https:\/\/climalife.com\/hu\/wp-json\/wp\/v2\/media?parent=213267"}],"wp:term":[{"taxonomy":"countries","embeddable":true,"href":"https:\/\/climalife.com\/hu\/wp-json\/wp\/v2\/countries?post=213267"},{"taxonomy":"product_brand","embeddable":true,"href":"https:\/\/climalife.com\/hu\/wp-json\/wp\/v2\/product_brand?post=213267"},{"taxonomy":"product_cat","embeddable":true,"href":"https:\/\/climalife.com\/hu\/wp-json\/wp\/v2\/product_cat?post=213267"},{"taxonomy":"product_tag","embeddable":true,"href":"https:\/\/climalife.com\/hu\/wp-json\/wp\/v2\/product_tag?post=213267"}],"curies":[{"name":"wp","href":"https:\/\/api.w.org\/{rel}","templated":true}]}}