{"id":213794,"date":"2024-01-17T08:00:30","date_gmt":"2024-01-17T08:00:30","guid":{"rendered":"https:\/\/climalife.com\/product\/solufluid-energy\/"},"modified":"2025-08-11T09:27:10","modified_gmt":"2025-08-11T09:27:10","slug":"solufluid-energy","status":"publish","type":"product","link":"https:\/\/climalife.com\/hu\/product\/solufluid-energy\/","title":{"rendered":"Solufluid\u00ae Energy"},"content":{"rendered":"<p><span data-contrast=\"auto\">A Solufluid<sup>\u00ae<\/sup> Energy bizony\u00edtottan alkalmazhat\u00f3 magas h\u0151m\u00e9rs\u00e9kleten (+150\u00b0C-on t\u00fal) a rendszer haszn\u00e1lat\u00e1n k\u00edv\u00fcli ny\u00e1ri id\u0151szakban is.<\/span><span data-ccp-props=\"{&quot;134233117&quot;:true,&quot;134233118&quot;:true,&quot;201341983&quot;:0,&quot;335559740&quot;:240}\"Hat\u00e9kony v\u00e9delmet ny\u00fajt fagyvesz\u00e9ly ellen \u00e9s fokozott v\u00e9delmet a rendszerekben tal\u00e1lhat\u00f3 f\u00e9mek (ac\u00e9l, alum\u00ednium, r\u00e9z, s\u00e1rgar\u00e9z, forraszt\u00e1s stb...) korr\u00f3zi\u00f3ja ellen. Megakad\u00e1lyozza az iszapk\u00e9pz\u0151d\u00e9st a cs\u0151rendszerben, valamint megakad\u00e1lyozza a napkollektorok \u00e9s a talajkollektorok dugul\u00e1s\u00e1t is. <\/span><span data-ccp-props=\"{&quot;134233117&quot;:true,&quot;134233118&quot;:true,&quot;201341983&quot;:0,&quot;335559740&quot;:240}\"> <\/span><\/p>\n<p><span data-contrast=\"auto\">S\u00e1rga sz\u00edne alapj\u00e1n azonnal felismerhet\u0151.<\/span><\/p>\n","protected":false},"excerpt":{"rendered":"<p>A Solufluid<sup>\u00ae<\/sup> Energy monopropil\u00e9n-glikolt \u00e9s korr\u00f3zi\u00f3g\u00e1tl\u00f3 adal\u00e9kokat tartalmaz\u00f3   <strong>felhaszn\u00e1l\u00e1sra k\u00e9sz <\/strong>k\u00f6zvet\u00edt\u0151k\u00f6zeg. Alkalmas <strong>haszn\u00e1lati meleg v\u00edz<\/strong> el\u0151\u00e1s\u00e1ra <strong>napenergi\u00e1t felhaszn\u00e1l\u00f3 s\u00edk- vagy v\u00e1kuumcs\u00f6ves napkollektorokban \u00e9s geotermikus <\/strong>(f\u00f6ld alatti h\u00e1l\u00f3zattal rendelkez\u0151), valamint aerotermikus leveg\u0151-v\u00edz h\u0151szivatty\u00fa rendszerekhez. <\/p>\n","protected":false},"featured_media":213795,"comment_status":"closed","ping_status":"closed","template":"","meta":[],"countries":[4674,4709,4756,4813,4831,4862],"product_brand":[],"product_cat":[9949,9958,9994,13096,13139,13535],"product_tag":[],"class_list":{"0":"post-213794","1":"product","2":"type-product","3":"status-publish","4":"has-post-thumbnail","6":"countries-by","7":"countries-cu","8":"countries-ir","9":"countries-kp","10":"countries-ru","11":"countries-sy","12":"product_cat-epuletek","13":"product_cat-energia","14":"product_cat-egyeb-iparagak","15":"product_cat-futes","16":"product_cat-megujulo-energia","17":"product_cat-mpg-hu","18":"pa_packaging-hordo-210-i-hu-28","19":"pa_packaging-kanna-20-l-hu-174","20":"pa_packaging-tartaly-1000-kg-hu-139","21":"pa_protection-20c-hu-146","22":"pa_protection-25c-hu-233","24":"first","25":"instock","26":"shipping-taxable","27":"purchasable","28":"product-type-variable"},"_links":{"self":[{"href":"https:\/\/climalife.com\/hu\/wp-json\/wp\/v2\/product\/213794","targetHints":{"allow":["GET"]}}],"collection":[{"href":"https:\/\/climalife.com\/hu\/wp-json\/wp\/v2\/product"}],"about":[{"href":"https:\/\/climalife.com\/hu\/wp-json\/wp\/v2\/types\/product"}],"replies":[{"embeddable":true,"href":"https:\/\/climalife.com\/hu\/wp-json\/wp\/v2\/comments?post=213794"}],"wp:featuredmedia":[{"embeddable":true,"href":"https:\/\/climalife.com\/hu\/wp-json\/wp\/v2\/media\/213795"}],"wp:attachment":[{"href":"https:\/\/climalife.com\/hu\/wp-json\/wp\/v2\/media?parent=213794"}],"wp:term":[{"taxonomy":"countries","embeddable":true,"href":"https:\/\/climalife.com\/hu\/wp-json\/wp\/v2\/countries?post=213794"},{"taxonomy":"product_brand","embeddable":true,"href":"https:\/\/climalife.com\/hu\/wp-json\/wp\/v2\/product_brand?post=213794"},{"taxonomy":"product_cat","embeddable":true,"href":"https:\/\/climalife.com\/hu\/wp-json\/wp\/v2\/product_cat?post=213794"},{"taxonomy":"product_tag","embeddable":true,"href":"https:\/\/climalife.com\/hu\/wp-json\/wp\/v2\/product_tag?post=213794"}],"curies":[{"name":"wp","href":"https:\/\/api.w.org\/{rel}","templated":true}]}}