{"id":215328,"date":"2024-04-23T14:23:40","date_gmt":"2024-04-23T14:23:40","guid":{"rendered":"https:\/\/climalife.com\/product\/duonett\/"},"modified":"2025-08-11T12:58:54","modified_gmt":"2025-08-11T12:58:54","slug":"duonett","status":"publish","type":"product","link":"https:\/\/climalife.com\/hu\/product\/duonett\/","title":{"rendered":"Duonett\u00ae"},"content":{"rendered":"<p>A <span data-contrast=\"none\"><strong>DUONETT\u00ae<\/strong> k\u00f6nnyen haszn\u00e1lhat\u00f3 \u00e9s biol\u00f3giailag leboml\u00f3.<\/span><\/p>\n<p>Kaphat\u00f3 5 literes \u00e9s 20 literes kann\u00e1kban vagy 225 literes hord\u00f3kban.<\/p>\n","protected":false},"excerpt":{"rendered":"<p>A <strong>DUONETT<\/strong><sup>\u00ae<\/sup> egy foly\u00e9kony v\u00edzk\u0151old\u00f3 ipari felhaszn\u00e1l\u00e1sra, amelynek rendeltet\u00e9se a v\u00edzvezet\u00e9kekben keletkez\u0151 v\u00edzk\u0151, iszap, rozsda elt\u00e1vol\u00edt\u00e1sa<\/p>\n<p>Haszn\u00e1lhat\u00f3 h\u0151cser\u00e9l\u0151 berendez\u00e9sekben (kondenz\u00e1torok, elp\u00e1rologtat\u00f3k), kaz\u00e1nokban, v\u00edzvezet\u00e9kekben \u00e9s h\u0171t\u0151tornyokban is.<\/p>\n","protected":false},"featured_media":215329,"comment_status":"closed","ping_status":"closed","template":"","meta":[],"countries":[4674,4709,4756,4813,4831,4862],"product_brand":[],"product_cat":[9967,9994,9940,9958,9949,13096,13130,9356,13061,13139,9987],"product_tag":[],"class_list":{"0":"post-215328","1":"product","2":"type-product","3":"status-publish","4":"has-post-thumbnail","6":"countries-by","7":"countries-cu","8":"countries-ir","9":"countries-kp","10":"countries-ru","11":"countries-sy","12":"product_cat-egeszseg-jolet","13":"product_cat-egyeb-iparagak","14":"product_cat-elelmiszeripar","15":"product_cat-energia","16":"product_cat-epuletek","17":"product_cat-futes","18":"product_cat-hutestechnika","19":"product_cat-kozvetitokozegek-keringesi-rendszereinek-tisztitasa","20":"product_cat-legkondicionalas","21":"product_cat-megujulo-energia","22":"product_cat-repulestechnika-urhajozas-vedelem","23":"pa_packaging-hordo-225-i-hu-37","24":"pa_packaging-kanna-20-l-hu-174","25":"pa_packaging-kanna-5-l-hu-35","27":"first","28":"instock","29":"shipping-taxable","30":"purchasable","31":"product-type-variable"},"_links":{"self":[{"href":"https:\/\/climalife.com\/hu\/wp-json\/wp\/v2\/product\/215328","targetHints":{"allow":["GET"]}}],"collection":[{"href":"https:\/\/climalife.com\/hu\/wp-json\/wp\/v2\/product"}],"about":[{"href":"https:\/\/climalife.com\/hu\/wp-json\/wp\/v2\/types\/product"}],"replies":[{"embeddable":true,"href":"https:\/\/climalife.com\/hu\/wp-json\/wp\/v2\/comments?post=215328"}],"wp:featuredmedia":[{"embeddable":true,"href":"https:\/\/climalife.com\/hu\/wp-json\/wp\/v2\/media\/215329"}],"wp:attachment":[{"href":"https:\/\/climalife.com\/hu\/wp-json\/wp\/v2\/media?parent=215328"}],"wp:term":[{"taxonomy":"countries","embeddable":true,"href":"https:\/\/climalife.com\/hu\/wp-json\/wp\/v2\/countries?post=215328"},{"taxonomy":"product_brand","embeddable":true,"href":"https:\/\/climalife.com\/hu\/wp-json\/wp\/v2\/product_brand?post=215328"},{"taxonomy":"product_cat","embeddable":true,"href":"https:\/\/climalife.com\/hu\/wp-json\/wp\/v2\/product_cat?post=215328"},{"taxonomy":"product_tag","embeddable":true,"href":"https:\/\/climalife.com\/hu\/wp-json\/wp\/v2\/product_tag?post=215328"}],"curies":[{"name":"wp","href":"https:\/\/api.w.org\/{rel}","templated":true}]}}