{"id":215399,"date":"2024-04-25T12:54:52","date_gmt":"2024-04-25T12:54:52","guid":{"rendered":"https:\/\/climalife.com\/product\/r-454c\/"},"modified":"2026-02-06T07:29:17","modified_gmt":"2026-02-06T07:29:17","slug":"r-454c","status":"publish","type":"product","link":"https:\/\/climalife.com\/hu\/product\/r-454c\/","title":{"rendered":"R-454C"},"content":{"rendered":"<p>Haszn\u00e1lhat\u00f3 norm\u00e1l- \u00e9s m\u00e9lyh\u0171t\u00e9sben \u00faj kereskedelmi vagy ipari h\u0171t\u0151berendez\u00e9sekben, direkt expanzi\u00f3s aggreg\u00e1tokban, h\u0171t\u0151kamr\u00e1kban \u00e9s \u00f6n\u00e1ll\u00f3 rendszerekben, amelyek kor\u00e1bban R-404A-val m\u0171k\u00f6dtek.<\/p>\n","protected":false},"excerpt":{"rendered":"<p>Az R-454C HFC-k \u00e9s HFO-k nem-azeotr\u00f3p kever\u00e9ke, nagyon alacsony, 150 alatti GWP-j\u0171 \u00e9s A2L besorol\u00e1s\u00fa h\u0171t\u0151k\u00f6zeg.<\/p>\n","protected":false},"featured_media":215402,"comment_status":"closed","ping_status":"closed","template":"","meta":[],"countries":[4674,4709,4756,4813,4831,4862],"product_brand":[],"product_cat":[9967,9994,9940,9949,9608,13130,13061,13139],"product_tag":[],"class_list":{"0":"post-215399","1":"product","2":"type-product","3":"status-publish","4":"has-post-thumbnail","6":"countries-by","7":"countries-cu","8":"countries-ir","9":"countries-kp","10":"countries-ru","11":"countries-sy","12":"product_cat-egeszseg-jolet","13":"product_cat-egyeb-iparagak","14":"product_cat-elelmiszeripar","15":"product_cat-epuletek","16":"product_cat-hfc-hfo-keverekek","17":"product_cat-hutestechnika","18":"product_cat-legkondicionalas","19":"product_cat-megujulo-energia","20":"pa_packaging-friostar-hu-69","21":"pa_packaging-ministar-hu-339","22":"pa_packaging-palack-52-l-hu-72","24":"first","25":"instock","26":"shipping-taxable","27":"purchasable","28":"product-type-variable"},"_links":{"self":[{"href":"https:\/\/climalife.com\/hu\/wp-json\/wp\/v2\/product\/215399","targetHints":{"allow":["GET"]}}],"collection":[{"href":"https:\/\/climalife.com\/hu\/wp-json\/wp\/v2\/product"}],"about":[{"href":"https:\/\/climalife.com\/hu\/wp-json\/wp\/v2\/types\/product"}],"replies":[{"embeddable":true,"href":"https:\/\/climalife.com\/hu\/wp-json\/wp\/v2\/comments?post=215399"}],"wp:featuredmedia":[{"embeddable":true,"href":"https:\/\/climalife.com\/hu\/wp-json\/wp\/v2\/media\/215402"}],"wp:attachment":[{"href":"https:\/\/climalife.com\/hu\/wp-json\/wp\/v2\/media?parent=215399"}],"wp:term":[{"taxonomy":"countries","embeddable":true,"href":"https:\/\/climalife.com\/hu\/wp-json\/wp\/v2\/countries?post=215399"},{"taxonomy":"product_brand","embeddable":true,"href":"https:\/\/climalife.com\/hu\/wp-json\/wp\/v2\/product_brand?post=215399"},{"taxonomy":"product_cat","embeddable":true,"href":"https:\/\/climalife.com\/hu\/wp-json\/wp\/v2\/product_cat?post=215399"},{"taxonomy":"product_tag","embeddable":true,"href":"https:\/\/climalife.com\/hu\/wp-json\/wp\/v2\/product_tag?post=215399"}],"curies":[{"name":"wp","href":"https:\/\/api.w.org\/{rel}","templated":true}]}}