{"id":215472,"date":"2024-04-30T14:58:24","date_gmt":"2024-04-30T14:58:24","guid":{"rendered":"https:\/\/climalife.com\/product\/solstice-gba\/"},"modified":"2025-06-10T09:25:52","modified_gmt":"2025-06-10T09:25:52","slug":"solstice-gba","status":"publish","type":"product","link":"https:\/\/climalife.com\/hu\/product\/solstice-gba\/","title":{"rendered":"Solstice GBA"},"content":{"rendered":"<p>Alkalmaz\u00e1sa nem ig\u00e9nyel k\u00fcl\u00f6n\u00f6sebb beruh\u00e1z\u00e1st az ATEX biztons\u00e1gi berendez\u00e9sek tekintet\u00e9ben. A Solstice GBA a HFC 134a helyettes\u00edt\u00e9s\u00e9re k\u00e9sz\u00fclt.<br \/>\nA Solstice GBA nincs hat\u00e1ssal az \u00f3zonr\u00e9tegre, \u00e9s az \u00fcvegh\u00e1zhat\u00e1sra gyakorolt hat\u00e1sa nagyon elhanyagolhat\u00f3 (GWP = 7). Ez\u00e9rt nem vonatkozik r\u00e1 az F-g\u00e1z I (842\/2006\/EK rendelet) \u00e9s az F-g\u00e1z II (517\/2014\/EK rendelet).<\/p>\n","protected":false},"excerpt":{"rendered":"<p>A Solstice GBA egy transz-tetrafluor-propil\u00e9n (HFO 1234ze), amelyet poliuret\u00e1nhab gy\u00e1rt\u00e1s\u00e1n\u00e1l habos\u00edt\u00f3anyagk\u00e9nt haszn\u00e1lnak.<\/p>\n","protected":false},"featured_media":126360,"comment_status":"closed","ping_status":"closed","template":"","meta":[],"countries":[4674,4709,4756,4813,4831,4862],"product_brand":[],"product_cat":[9949,13105,9398],"product_tag":[],"class_list":{"0":"post-215472","1":"product","2":"type-product","3":"status-publish","4":"has-post-thumbnail","6":"countries-by","7":"countries-cu","8":"countries-ir","9":"countries-kp","10":"countries-ru","11":"countries-sy","12":"product_cat-epuletek","13":"product_cat-szigeteles","14":"product_cat-hfo-habosito-anyagok","15":"pa_packaging-palack-88-l-hu-122","16":"pa_packaging-tartaly-448-l-hu-74","17":"pa_packaging-tartaly-930-l-hu-76","19":"first","20":"instock","21":"shipping-taxable","22":"purchasable","23":"product-type-variable"},"_links":{"self":[{"href":"https:\/\/climalife.com\/hu\/wp-json\/wp\/v2\/product\/215472","targetHints":{"allow":["GET"]}}],"collection":[{"href":"https:\/\/climalife.com\/hu\/wp-json\/wp\/v2\/product"}],"about":[{"href":"https:\/\/climalife.com\/hu\/wp-json\/wp\/v2\/types\/product"}],"replies":[{"embeddable":true,"href":"https:\/\/climalife.com\/hu\/wp-json\/wp\/v2\/comments?post=215472"}],"wp:featuredmedia":[{"embeddable":true,"href":"https:\/\/climalife.com\/hu\/wp-json\/wp\/v2\/media\/126360"}],"wp:attachment":[{"href":"https:\/\/climalife.com\/hu\/wp-json\/wp\/v2\/media?parent=215472"}],"wp:term":[{"taxonomy":"countries","embeddable":true,"href":"https:\/\/climalife.com\/hu\/wp-json\/wp\/v2\/countries?post=215472"},{"taxonomy":"product_brand","embeddable":true,"href":"https:\/\/climalife.com\/hu\/wp-json\/wp\/v2\/product_brand?post=215472"},{"taxonomy":"product_cat","embeddable":true,"href":"https:\/\/climalife.com\/hu\/wp-json\/wp\/v2\/product_cat?post=215472"},{"taxonomy":"product_tag","embeddable":true,"href":"https:\/\/climalife.com\/hu\/wp-json\/wp\/v2\/product_tag?post=215472"}],"curies":[{"name":"wp","href":"https:\/\/api.w.org\/{rel}","templated":true}]}}