{"id":216551,"date":"2024-06-10T07:22:44","date_gmt":"2024-06-10T07:22:44","guid":{"rendered":"https:\/\/climalife.com\/product\/propilen\/"},"modified":"2024-08-23T12:26:46","modified_gmt":"2024-08-23T12:26:46","slug":"propilen","status":"publish","type":"product","link":"https:\/\/climalife.com\/hu\/product\/propilen\/","title":{"rendered":"Propil\u00e9n"},"content":{"rendered":"<p>Propil\u00e9n-oxid, propil\u00e9nglikol, poliproil\u00e9n, akrolein, izopropanol, alil-klorid el\u0151\u00e1ll\u00edt\u00e1s\u00e1hoz.<\/p>\n","protected":false},"excerpt":{"rendered":"<p>A propil\u00e9n (C<sub>3<\/sub>H<sub>6<\/sub>) vagy prop\u00e9n egy gy\u00fal\u00e9kony g\u00e1z, amelyet els\u0151sorban a vegyiparban haszn\u00e1lnak.<\/p>\n","protected":false},"featured_media":216552,"comment_status":"closed","ping_status":"closed","template":"","meta":[],"countries":[4674,4709,4756,4813,4831,4862],"product_brand":[],"product_cat":[9994,9760,9596],"product_tag":[],"class_list":{"0":"post-216551","1":"product","2":"type-product","3":"status-publish","4":"has-post-thumbnail","6":"countries-by","7":"countries-cu","8":"countries-ir","9":"countries-kp","10":"countries-ru","11":"countries-sy","12":"product_cat-egyeb-iparagak","13":"product_cat-hajtogazok","14":"product_cat-szenhidrogenek-hu-83","15":"pa_packaging-palack-26-i-hu-32","16":"pa_packaging-palack-88-l-hu-122","17":"pa_packaging-tartaly-930-l-hu-76","18":"pa_packaging-tartalyos-hu-168","20":"first","21":"instock","22":"shipping-taxable","23":"purchasable","24":"product-type-variable"},"_links":{"self":[{"href":"https:\/\/climalife.com\/hu\/wp-json\/wp\/v2\/product\/216551","targetHints":{"allow":["GET"]}}],"collection":[{"href":"https:\/\/climalife.com\/hu\/wp-json\/wp\/v2\/product"}],"about":[{"href":"https:\/\/climalife.com\/hu\/wp-json\/wp\/v2\/types\/product"}],"replies":[{"embeddable":true,"href":"https:\/\/climalife.com\/hu\/wp-json\/wp\/v2\/comments?post=216551"}],"wp:featuredmedia":[{"embeddable":true,"href":"https:\/\/climalife.com\/hu\/wp-json\/wp\/v2\/media\/216552"}],"wp:attachment":[{"href":"https:\/\/climalife.com\/hu\/wp-json\/wp\/v2\/media?parent=216551"}],"wp:term":[{"taxonomy":"countries","embeddable":true,"href":"https:\/\/climalife.com\/hu\/wp-json\/wp\/v2\/countries?post=216551"},{"taxonomy":"product_brand","embeddable":true,"href":"https:\/\/climalife.com\/hu\/wp-json\/wp\/v2\/product_brand?post=216551"},{"taxonomy":"product_cat","embeddable":true,"href":"https:\/\/climalife.com\/hu\/wp-json\/wp\/v2\/product_cat?post=216551"},{"taxonomy":"product_tag","embeddable":true,"href":"https:\/\/climalife.com\/hu\/wp-json\/wp\/v2\/product_tag?post=216551"}],"curies":[{"name":"wp","href":"https:\/\/api.w.org\/{rel}","templated":true}]}}