{"id":220018,"date":"2025-01-10T10:55:16","date_gmt":"2025-01-10T10:55:16","guid":{"rendered":"https:\/\/climalife.com\/product\/climalife-kalibralo-palack\/"},"modified":"2026-01-29T13:41:33","modified_gmt":"2026-01-29T13:41:33","slug":"kalibralo-palack","status":"publish","type":"product","link":"https:\/\/climalife.com\/hu\/product\/kalibralo-palack\/","title":{"rendered":"Climalife kalibr\u00e1l\u00f3 palack"},"content":{"rendered":"<p>110 liter leveg\u0151ben l\u00e9v\u0151 h\u0171t\u0151k\u00f6zeg-kever\u00e9kkel t\u00f6lt\u00f6tt palack, olyan kiv\u00e1lasztott koncentr\u00e1ci\u00f3ban, amelynek meg kell felelnie az \u00e9rz\u00e9kel\u0151 legmagasabb riaszt\u00e1si k\u00fcsz\u00f6b\u00e9rt\u00e9k\u00e9nek. A palackhoz k\u00fcl\u00f6n megv\u00e1s\u00e1rolhat\u00f3 reduktort \u00e9s csatlakoz\u00f3rendszert kell t\u00e1rs\u00edtani<\/p>\n<p>Kaphat\u00f3 R-454B, R-1234ze, R-134a, R-32, R-513A \u00e9s CO<sub>2<\/sub> h\u0171t\u0151k\u00f6zegekhez. Rendel\u00e9skor meg kell adnia a k\u00edv\u00e1nt h\u0171t\u0151k\u00f6zeget \u00e9s koncentr\u00e1ci\u00f3t.<\/p>\n","protected":false},"excerpt":{"rendered":"<p>Climalife kalibr\u00e1l\u00f3 palack a telep\u00edtett sziv\u00e1rg\u00e1s\u00e9rz\u00e9kel\u0151k \u00e9rz\u00e9kenys\u00e9g\u00e9nek helysz\u00edni ellen\u0151rz\u00e9s\u00e9re \u00e9s sz\u00fcks\u00e9g eset\u00e9n az \u00e9rz\u00e9kel\u0151 \u00fajrakalibr\u00e1l\u00e1s\u00e1ra.<\/p>\n","protected":false},"featured_media":220019,"comment_status":"closed","ping_status":"closed","template":"","meta":[],"countries":[],"product_brand":[],"product_cat":[9949,9940,9994,13061,13096,13130,9265],"product_tag":[],"class_list":{"0":"post-220018","1":"product","2":"type-product","3":"status-publish","4":"has-post-thumbnail","6":"product_cat-epuletek","7":"product_cat-elelmiszeripar","8":"product_cat-egyeb-iparagak","9":"product_cat-legkondicionalas","10":"product_cat-futes","11":"product_cat-hutestechnika","12":"product_cat-telepitett","14":"first","15":"instock","16":"shipping-taxable","17":"purchasable","18":"product-type-simple"},"_links":{"self":[{"href":"https:\/\/climalife.com\/hu\/wp-json\/wp\/v2\/product\/220018","targetHints":{"allow":["GET"]}}],"collection":[{"href":"https:\/\/climalife.com\/hu\/wp-json\/wp\/v2\/product"}],"about":[{"href":"https:\/\/climalife.com\/hu\/wp-json\/wp\/v2\/types\/product"}],"replies":[{"embeddable":true,"href":"https:\/\/climalife.com\/hu\/wp-json\/wp\/v2\/comments?post=220018"}],"wp:featuredmedia":[{"embeddable":true,"href":"https:\/\/climalife.com\/hu\/wp-json\/wp\/v2\/media\/220019"}],"wp:attachment":[{"href":"https:\/\/climalife.com\/hu\/wp-json\/wp\/v2\/media?parent=220018"}],"wp:term":[{"taxonomy":"countries","embeddable":true,"href":"https:\/\/climalife.com\/hu\/wp-json\/wp\/v2\/countries?post=220018"},{"taxonomy":"product_brand","embeddable":true,"href":"https:\/\/climalife.com\/hu\/wp-json\/wp\/v2\/product_brand?post=220018"},{"taxonomy":"product_cat","embeddable":true,"href":"https:\/\/climalife.com\/hu\/wp-json\/wp\/v2\/product_cat?post=220018"},{"taxonomy":"product_tag","embeddable":true,"href":"https:\/\/climalife.com\/hu\/wp-json\/wp\/v2\/product_tag?post=220018"}],"curies":[{"name":"wp","href":"https:\/\/api.w.org\/{rel}","templated":true}]}}