{"id":221448,"date":"2025-02-11T13:39:01","date_gmt":"2025-02-11T13:39:01","guid":{"rendered":"https:\/\/climalife.com\/product\/novexpans-fa-188\/"},"modified":"2025-06-17T11:20:44","modified_gmt":"2025-06-17T11:20:44","slug":"novexpans-fa-188","status":"publish","type":"product","link":"https:\/\/climalife.com\/hu\/product\/novexpans-fa-188\/","title":{"rendered":"Novexpans\u2122 FA-188"},"content":{"rendered":"<p>Magk\u00e9pz\u0151 anyagk\u00e9nt m\u0171k\u00f6dik a habos\u00edt\u00e1s sor\u00e1n, \u00e9s cs\u00f6kkenti a habcell\u00e1k \u00e1tlagos m\u00e9ret\u00e9t. K\u00fcl\u00f6nb\u00f6z\u0151 m\u00e9ret\u0171 \u00fajrat\u00f6lthet\u0151 csomagol\u00e1sban kaphat\u00f3.<\/p>\n<p>&nbsp;<\/p>\n","protected":false},"excerpt":{"rendered":"<p>A Novexpans\u2122 FA-188 egy nem gy\u00fal\u00e9kony adal\u00e9kanyag, amelyet a poliuret\u00e1nhabok gy\u00e1rt\u00e1sa sor\u00e1n haszn\u00e1lnak a h\u0151vezet\u0151 k\u00e9pess\u00e9g\u00fck cs\u00f6kkent\u00e9s\u00e9re \u00e9s ez\u00e1ltal az energiahat\u00e9konys\u00e1g jav\u00edt\u00e1s\u00e1ra.<\/p>\n","protected":false},"featured_media":126360,"comment_status":"closed","ping_status":"closed","template":"","meta":[],"countries":[4674,4756,4813,4831],"product_brand":[],"product_cat":[9949,13105,9787,9506],"product_tag":[],"class_list":{"0":"post-221448","1":"product","2":"type-product","3":"status-publish","4":"has-post-thumbnail","6":"countries-by","7":"countries-ir","8":"countries-kp","9":"countries-ru","10":"product_cat-epuletek","11":"product_cat-szigeteles","12":"product_cat-habosito-anyagok","13":"product_cat-szenhidrogenek","14":"pa_packaging-hordo-217-i-hu-30","15":"pa_packaging-palack-88-l-hu-122","17":"first","18":"instock","19":"shipping-taxable","20":"purchasable","21":"product-type-variable"},"_links":{"self":[{"href":"https:\/\/climalife.com\/hu\/wp-json\/wp\/v2\/product\/221448","targetHints":{"allow":["GET"]}}],"collection":[{"href":"https:\/\/climalife.com\/hu\/wp-json\/wp\/v2\/product"}],"about":[{"href":"https:\/\/climalife.com\/hu\/wp-json\/wp\/v2\/types\/product"}],"replies":[{"embeddable":true,"href":"https:\/\/climalife.com\/hu\/wp-json\/wp\/v2\/comments?post=221448"}],"wp:featuredmedia":[{"embeddable":true,"href":"https:\/\/climalife.com\/hu\/wp-json\/wp\/v2\/media\/126360"}],"wp:attachment":[{"href":"https:\/\/climalife.com\/hu\/wp-json\/wp\/v2\/media?parent=221448"}],"wp:term":[{"taxonomy":"countries","embeddable":true,"href":"https:\/\/climalife.com\/hu\/wp-json\/wp\/v2\/countries?post=221448"},{"taxonomy":"product_brand","embeddable":true,"href":"https:\/\/climalife.com\/hu\/wp-json\/wp\/v2\/product_brand?post=221448"},{"taxonomy":"product_cat","embeddable":true,"href":"https:\/\/climalife.com\/hu\/wp-json\/wp\/v2\/product_cat?post=221448"},{"taxonomy":"product_tag","embeddable":true,"href":"https:\/\/climalife.com\/hu\/wp-json\/wp\/v2\/product_tag?post=221448"}],"curies":[{"name":"wp","href":"https:\/\/api.w.org\/{rel}","templated":true}]}}