{"id":223231,"date":"2025-04-07T06:37:13","date_gmt":"2025-04-07T06:37:13","guid":{"rendered":"https:\/\/climalife.com\/product\/suniso-sl-sorozat\/"},"modified":"2026-03-19T12:11:57","modified_gmt":"2026-03-19T12:11:57","slug":"suniso-sl-sorozat","status":"publish","type":"product","link":"https:\/\/climalife.com\/hu\/product\/suniso-sl-sorozat\/","title":{"rendered":"SUNISO SL sorozat"},"content":{"rendered":"<p>A Suniso SL ken\u0151anyagok kiv\u00e9teles h\u0151stabilit\u00e1st biztos\u00edtanak, \u00edgy az alacsony h\u0151m\u00e9rs\u00e9klet\u0171 h\u0171t\u0151rendszerekt\u0151l a magas h\u0151m\u00e9rs\u00e9klet\u0171 h\u0151szivatty\u00fakig terjed\u0151 alkalmaz\u00e1sokhoz alkalmasak.<\/p>\n","protected":false},"excerpt":{"rendered":"<p>A Suniso SL ken\u0151anyagok nagy teljes\u00edtm\u00e9ny\u0171, teljesen szintetikus h\u0171t\u0151kompresszor olajok, amelyeket a HFC h\u0171t\u0151k\u00f6zegeket haszn\u00e1l\u00f3 kompresszorok optim\u00e1lis teljes\u00edtm\u00e9ny\u00e9hez fejlesztettek ki. A speci\u00e1lisan kifejlesztett poliol\u00e9szterekkel (POE) gy\u00e1rtott Suniso SL ken\u0151anyagok kiv\u00e1l\u00f3 keverhet\u0151s\u00e9get \u00e9s hat\u00e9kony olajvisszavezet\u00e9st biztos\u00edtanak az eg\u00e9sz rendszerben, az elp\u00e1rologtat\u00f3t\u00f3l a kompresszorig.<\/p>\n","protected":false},"featured_media":223232,"comment_status":"closed","ping_status":"closed","template":"","meta":[],"countries":[4662,4667,4674,4693,4698,4706,4707,4709,4737,4739,4756,4800,4813,4817,4827,4831,4854,4862,4866,4881,4887],"product_brand":[],"product_cat":[9949,9940,9994,13130,13421],"product_tag":[],"class_list":{"0":"post-223231","1":"product","2":"type-product","3":"status-publish","4":"has-post-thumbnail","6":"countries-ar","7":"countries-au","8":"countries-by","9":"countries-ca","10":"countries-cl","11":"countries-cr","12":"countries-ci","13":"countries-cu","14":"countries-gh","15":"countries-gr","16":"countries-ir","17":"countries-mm","18":"countries-kp","19":"countries-pk","20":"countries-pt","21":"countries-ru","22":"countries-es","23":"countries-sy","24":"countries-th","25":"countries-us","26":"countries-ve","27":"product_cat-epuletek","28":"product_cat-elelmiszeripar","29":"product_cat-egyeb-iparagak","30":"product_cat-hutestechnika","31":"product_cat-poe-hu","32":"pa_packaging-kanna-1-l-hu-63","33":"pa_packaging-kanna-20-l-hu-36","34":"pa_packaging-kanna-4-l-hu-50","36":"first","37":"instock","38":"shipping-taxable","39":"purchasable","40":"product-type-variable","41":"has-default-attributes"},"_links":{"self":[{"href":"https:\/\/climalife.com\/hu\/wp-json\/wp\/v2\/product\/223231","targetHints":{"allow":["GET"]}}],"collection":[{"href":"https:\/\/climalife.com\/hu\/wp-json\/wp\/v2\/product"}],"about":[{"href":"https:\/\/climalife.com\/hu\/wp-json\/wp\/v2\/types\/product"}],"replies":[{"embeddable":true,"href":"https:\/\/climalife.com\/hu\/wp-json\/wp\/v2\/comments?post=223231"}],"wp:featuredmedia":[{"embeddable":true,"href":"https:\/\/climalife.com\/hu\/wp-json\/wp\/v2\/media\/223232"}],"wp:attachment":[{"href":"https:\/\/climalife.com\/hu\/wp-json\/wp\/v2\/media?parent=223231"}],"wp:term":[{"taxonomy":"countries","embeddable":true,"href":"https:\/\/climalife.com\/hu\/wp-json\/wp\/v2\/countries?post=223231"},{"taxonomy":"product_brand","embeddable":true,"href":"https:\/\/climalife.com\/hu\/wp-json\/wp\/v2\/product_brand?post=223231"},{"taxonomy":"product_cat","embeddable":true,"href":"https:\/\/climalife.com\/hu\/wp-json\/wp\/v2\/product_cat?post=223231"},{"taxonomy":"product_tag","embeddable":true,"href":"https:\/\/climalife.com\/hu\/wp-json\/wp\/v2\/product_tag?post=223231"}],"curies":[{"name":"wp","href":"https:\/\/api.w.org\/{rel}","templated":true}]}}