{"id":223894,"date":"2025-04-22T10:32:01","date_gmt":"2025-04-22T10:32:01","guid":{"rendered":"https:\/\/climalife.com\/product\/novaspray-isobutane-propane-35-bar\/"},"modified":"2025-06-05T10:47:34","modified_gmt":"2025-06-05T10:47:34","slug":"novaspray-isobutane-propane-35-bar","status":"publish","type":"product","link":"https:\/\/climalife.com\/hu\/product\/novaspray-isobutane-propane-35-bar\/","title":{"rendered":"NovaSpray\u2122 isobutane\/propane 3,5 bar"},"content":{"rendered":"<ul>\n<li>K\u00fcl\u00f6n\u00f6sen alkalmas kozmetikai habos\u00edt\u00f3anyagk\u00e9nt.<\/li>\n<li>Kis s\u0171r\u0171s\u00e9g\u00e9nek k\u00f6sz\u00f6nhet\u0151en gazdas\u00e1gos, lehet\u0151v\u00e9 t\u00e9ve a felhaszn\u00e1land\u00f3 hajt\u00f3anyag t\u00f6meg\u00e9nek jelent\u0151s cs\u00f6kkent\u00e9s\u00e9t.<\/li>\n<li>Kiv\u00e1l\u00f3 keverhet\u0151s\u00e9ge a legt\u00f6bb old\u00f3szerrel nagyfok\u00fa rugalmass\u00e1got biztos\u00edt a formul\u00e1z\u00e1sban.<\/li>\n<li>Nincs hat\u00e1sa az \u00f3zonr\u00e9tegre, \u00e9s elhanyagolhat\u00f3 az \u00fcvegh\u00e1zhat\u00e1sra.<\/li>\n<\/ul>\n","protected":false},"excerpt":{"rendered":"<p>A NovaSpray\u2122 isobutane\/propane 3.5 bar a NovaSpray\u2122 isobutane \u00e9s a NovaSpray\u2122 propane szagtalan\u00edtott kever\u00e9ke. \u00c1lland\u00f3 min\u0151s\u00e9g\u00e9vel \u00e9s ellen\u0151rz\u00f6tt nyom\u00e1s\u00e1val megfelel a hajt\u00f3g\u00e1zzal szemben t\u00e1masztott \u00f6sszes k\u00f6vetelm\u00e9nynek.<\/p>\n","protected":false},"featured_media":223900,"comment_status":"closed","ping_status":"closed","template":"","meta":[],"countries":[4674,4709,4756,4813,4831,4862],"product_brand":[],"product_cat":[9976,9949,9967,9994,9596],"product_tag":[15248],"class_list":{"0":"post-223894","1":"product","2":"type-product","3":"status-publish","4":"has-post-thumbnail","6":"countries-by","7":"countries-cu","8":"countries-ir","9":"countries-kp","10":"countries-ru","11":"countries-sy","12":"product_cat-autoipar-kozlekedes","13":"product_cat-epuletek","14":"product_cat-egeszseg-jolet","15":"product_cat-egyeb-iparagak","16":"product_cat-szenhidrogenek-hu-83","17":"product_tag-novaspray-hu","18":"pa_packaging-tartaly-930-l-hu-76","19":"pa_packaging-tartalyos-hu-168","21":"first","22":"instock","23":"shipping-taxable","24":"purchasable","25":"product-type-variable"},"_links":{"self":[{"href":"https:\/\/climalife.com\/hu\/wp-json\/wp\/v2\/product\/223894","targetHints":{"allow":["GET"]}}],"collection":[{"href":"https:\/\/climalife.com\/hu\/wp-json\/wp\/v2\/product"}],"about":[{"href":"https:\/\/climalife.com\/hu\/wp-json\/wp\/v2\/types\/product"}],"replies":[{"embeddable":true,"href":"https:\/\/climalife.com\/hu\/wp-json\/wp\/v2\/comments?post=223894"}],"wp:featuredmedia":[{"embeddable":true,"href":"https:\/\/climalife.com\/hu\/wp-json\/wp\/v2\/media\/223900"}],"wp:attachment":[{"href":"https:\/\/climalife.com\/hu\/wp-json\/wp\/v2\/media?parent=223894"}],"wp:term":[{"taxonomy":"countries","embeddable":true,"href":"https:\/\/climalife.com\/hu\/wp-json\/wp\/v2\/countries?post=223894"},{"taxonomy":"product_brand","embeddable":true,"href":"https:\/\/climalife.com\/hu\/wp-json\/wp\/v2\/product_brand?post=223894"},{"taxonomy":"product_cat","embeddable":true,"href":"https:\/\/climalife.com\/hu\/wp-json\/wp\/v2\/product_cat?post=223894"},{"taxonomy":"product_tag","embeddable":true,"href":"https:\/\/climalife.com\/hu\/wp-json\/wp\/v2\/product_tag?post=223894"}],"curies":[{"name":"wp","href":"https:\/\/api.w.org\/{rel}","templated":true}]}}