{"id":223896,"date":"2025-04-22T10:35:04","date_gmt":"2025-04-22T10:35:04","guid":{"rendered":"https:\/\/climalife.com\/product\/next-717-termekcsalad\/"},"modified":"2025-08-11T12:48:53","modified_gmt":"2025-08-11T12:48:53","slug":"next-717-termekcsalad","status":"publish","type":"product","link":"https:\/\/climalife.com\/hu\/product\/next-717-termekcsalad\/","title":{"rendered":"NEXT 717 Sorozat"},"content":{"rendered":"<p>Hidrokrakkolt alapolajok \u00e9s fejlett adal\u00e9kanyagok kever\u00e9ke. A NEXT 717 olaj nagyon alacsony folyad\u00e9kvesztes\u00e9ggel \u00e9s kiv\u00e1l\u00f3 alacsony h\u0151m\u00e9rs\u00e9klet\u0171 foly\u00e9konys\u00e1ggal rendelkezik. NEXT 717-68SC n\u00e9ven t\u00f6m\u00edt\u00e9skondicion\u00e1l\u00f3 adal\u00e9kkal kaphat\u00f3.<\/p>\n","protected":false},"excerpt":{"rendered":"<p>A Next 717 \u00e1sv\u00e1nyi eredet\u0171 h\u0171t\u0151kompresszor-olaj<\/p>\n<p>Kifejezetten amm\u00f3ni\u00e1s h\u0171t\u0151rendszerekben val\u00f3 haszn\u00e1latra lett kifejlesztve.<\/p>\n","protected":false},"featured_media":223898,"comment_status":"closed","ping_status":"closed","template":"","meta":[],"countries":[4674,4709,4756,4813,4831,4862],"product_brand":[],"product_cat":[9940,13130,9347],"product_tag":[],"class_list":{"0":"post-223896","1":"product","2":"type-product","3":"status-publish","4":"has-post-thumbnail","6":"countries-by","7":"countries-cu","8":"countries-ir","9":"countries-kp","10":"countries-ru","11":"countries-sy","12":"product_cat-elelmiszeripar","13":"product_cat-hutestechnika","14":"product_cat-asvanyi-olajok","15":"pa_packaging-can-19-l-en-336","16":"pa_packaging-208-l-barrel-en-49","18":"first","19":"instock","20":"shipping-taxable","21":"purchasable","22":"product-type-variable"},"_links":{"self":[{"href":"https:\/\/climalife.com\/hu\/wp-json\/wp\/v2\/product\/223896","targetHints":{"allow":["GET"]}}],"collection":[{"href":"https:\/\/climalife.com\/hu\/wp-json\/wp\/v2\/product"}],"about":[{"href":"https:\/\/climalife.com\/hu\/wp-json\/wp\/v2\/types\/product"}],"replies":[{"embeddable":true,"href":"https:\/\/climalife.com\/hu\/wp-json\/wp\/v2\/comments?post=223896"}],"wp:featuredmedia":[{"embeddable":true,"href":"https:\/\/climalife.com\/hu\/wp-json\/wp\/v2\/media\/223898"}],"wp:attachment":[{"href":"https:\/\/climalife.com\/hu\/wp-json\/wp\/v2\/media?parent=223896"}],"wp:term":[{"taxonomy":"countries","embeddable":true,"href":"https:\/\/climalife.com\/hu\/wp-json\/wp\/v2\/countries?post=223896"},{"taxonomy":"product_brand","embeddable":true,"href":"https:\/\/climalife.com\/hu\/wp-json\/wp\/v2\/product_brand?post=223896"},{"taxonomy":"product_cat","embeddable":true,"href":"https:\/\/climalife.com\/hu\/wp-json\/wp\/v2\/product_cat?post=223896"},{"taxonomy":"product_tag","embeddable":true,"href":"https:\/\/climalife.com\/hu\/wp-json\/wp\/v2\/product_tag?post=223896"}],"curies":[{"name":"wp","href":"https:\/\/api.w.org\/{rel}","templated":true}]}}