{"id":223904,"date":"2025-04-22T10:50:28","date_gmt":"2025-04-22T10:50:28","guid":{"rendered":"https:\/\/climalife.com\/product\/polarbox-polarvisor\/"},"modified":"2026-01-29T13:41:33","modified_gmt":"2026-01-29T13:41:33","slug":"polarbox-polarvisor","status":"publish","type":"product","link":"https:\/\/climalife.com\/hu\/product\/polarbox-polarvisor\/","title":{"rendered":"PolarBox &#038; PolarVisor"},"content":{"rendered":"<p>Tartalmaz:<\/p>\n<ul>\n<li>egy automatikus sziv\u00e1rg\u00e1s\u00e9rz\u00e9kel\u0151 modult, amely k\u00f6zvetett m\u00e9r\u00e9si m\u00f3dszereket haszn\u00e1l (500 t CO2-egyen\u00e9rt\u00e9k vagy 100 kg HFO-k eset\u00e9ben k\u00f6telez\u0151);<\/li>\n<li>gy energiamodult az energiafogyaszt\u00e1s val\u00f3s idej\u0171 kisz\u00e1m\u00edt\u00e1s\u00e1hoz.<\/li>\n<\/ul>\n<p>A PolarVisor webes alkalmaz\u00e1shoz csatlakoztatva a PolarBox figyelmeztet:<\/p>\n<ul>\n<li>E-mailben vagy online h\u0171t\u0151k\u00f6zeg-sziv\u00e1rg\u00e1s eset\u00e9n (60,2 nappal kor\u00e1bban, mint a hagyom\u00e1nyos m\u00f3dszerekkel);<\/li>\n<li>Online az energiasziv\u00e1rg\u00e1s vagy a kompresszor meghib\u00e1sod\u00e1s\u00e1nak vesz\u00e9lye eset\u00e9n.<\/li>\n<\/ul>\n<p>A PolarBox \u00e9s a PolarVisor seg\u00edts\u00e9g\u00e9vel a felhaszn\u00e1l\u00f3k t\u00e1volr\u00f3l \u00e9s val\u00f3s id\u0151ben hozz\u00e1f\u00e9rhetnek a h\u0171t\u0151k\u00f6zegszint-g\u00f6rb\u00e9khez, a COP-hoz, az \u00fczemeltet\u00e9si adatokhoz \u00e9s a h\u0171t\u00e9s hat\u00e9konys\u00e1g\u00e1hoz. Egy PolarBox ak\u00e1r 4 h\u0171t\u0151egys\u00e9get is k\u00e9pes fel\u00fcgyelni, \u00e9s be\u00e9p\u00edtett 4G-kapcsolattal rendelkezik.<\/p>\n<p>Tov\u00e1bbi inform\u00e1ci\u00f3: <a href=\"https:\/\/www.matelex.com\/us\/solutions\/polarbox\/\" rel=\"noopener\">matelex.com<\/a><\/p>\n","protected":false},"excerpt":{"rendered":"<p>A PolarBox egy webes fel\u00fclettel ell\u00e1tott, t\u00e1vfel\u00fcgyeletet biztos\u00edt\u00f3 h\u0171t\u0151berendez\u00e9s-fel\u00fcgyeleti rendszer.<\/p>\n<p><span class=\"TextRun Highlight SCXW157379787 BCX2\" lang=\"EN-GB\" xml:lang=\"EN-GB\" data-contrast=\"auto\"><span class=\"NormalTextRun SCXW157379787 BCX2\">It helps to reduce the environmental impact refrigeration installations and simplify their <\/span><span class=\"NormalTextRun ContextualSpellingAndGrammarErrorV2Themed SCXW157379787 BCX2\">management .<\/span><\/span><\/p>\n","protected":false},"featured_media":224729,"comment_status":"closed","ping_status":"closed","template":"","meta":[],"countries":[4674,4709,4756,4813,4831,4862],"product_brand":[],"product_cat":[9949,9958,9940,9967,9994,13130,9626,9265],"product_tag":[],"class_list":{"0":"post-223904","1":"product","2":"type-product","3":"status-publish","4":"has-post-thumbnail","6":"countries-by","7":"countries-cu","8":"countries-ir","9":"countries-kp","10":"countries-ru","11":"countries-sy","12":"product_cat-epuletek","13":"product_cat-energia","14":"product_cat-elelmiszeripar","15":"product_cat-egeszseg-jolet","16":"product_cat-egyeb-iparagak","17":"product_cat-hutestechnika","18":"product_cat-szivargaserzekeles","19":"product_cat-telepitett","21":"first","22":"instock","23":"shipping-taxable","24":"purchasable","25":"product-type-simple"},"_links":{"self":[{"href":"https:\/\/climalife.com\/hu\/wp-json\/wp\/v2\/product\/223904","targetHints":{"allow":["GET"]}}],"collection":[{"href":"https:\/\/climalife.com\/hu\/wp-json\/wp\/v2\/product"}],"about":[{"href":"https:\/\/climalife.com\/hu\/wp-json\/wp\/v2\/types\/product"}],"replies":[{"embeddable":true,"href":"https:\/\/climalife.com\/hu\/wp-json\/wp\/v2\/comments?post=223904"}],"wp:featuredmedia":[{"embeddable":true,"href":"https:\/\/climalife.com\/hu\/wp-json\/wp\/v2\/media\/224729"}],"wp:attachment":[{"href":"https:\/\/climalife.com\/hu\/wp-json\/wp\/v2\/media?parent=223904"}],"wp:term":[{"taxonomy":"countries","embeddable":true,"href":"https:\/\/climalife.com\/hu\/wp-json\/wp\/v2\/countries?post=223904"},{"taxonomy":"product_brand","embeddable":true,"href":"https:\/\/climalife.com\/hu\/wp-json\/wp\/v2\/product_brand?post=223904"},{"taxonomy":"product_cat","embeddable":true,"href":"https:\/\/climalife.com\/hu\/wp-json\/wp\/v2\/product_cat?post=223904"},{"taxonomy":"product_tag","embeddable":true,"href":"https:\/\/climalife.com\/hu\/wp-json\/wp\/v2\/product_tag?post=223904"}],"curies":[{"name":"wp","href":"https:\/\/api.w.org\/{rel}","templated":true}]}}